{"id":1017,"date":"2024-06-25T18:17:06","date_gmt":"2024-06-25T22:17:06","guid":{"rendered":"https:\/\/firstgeneraleasternontario.ca\/emergency\/"},"modified":"2025-09-30T13:03:07","modified_gmt":"2025-09-30T17:03:07","slug":"urgence","status":"publish","type":"page","link":"https:\/\/firstgeneraleasternontario.ca\/fr\/services\/restauration\/residentiel\/urgence\/","title":{"rendered":"Urgence"},"content":{"rendered":"<div class=\"wpb-content-wrapper\"><p>[vc_row type=\u00a0\u00bbin_grid\u00a0\u00bb text_align=\u00a0\u00bbinherit\u00a0\u00bb el_class=\u00a0\u00bbpage-int-sub-title-row\u00a0\u00bb][vc_column][vc_row_inner equal_height=\u00a0\u00bbyes\u00a0\u00bb type=\u00a0\u00bbfull_width\u00a0\u00bb text_align=\u00a0\u00bbinherit\u00a0\u00bb el_class=\u00a0\u00bbpage-int-sub-title-inner-row\u00a0\u00bb][vc_column_inner][vc_column_text css=\u00a0\u00bb\u00a0\u00bb el_class=\u00a0\u00bbtoptitle dark-blue-text\u00a0\u00bb]Urgence[\/vc_column_text][vc_column_text css=\u00a0\u00bb\u00a0\u00bb el_class=\u00a0\u00bbdark-blue-text tt-uppercase\u00a0\u00bb]<\/p>\n<h2>R\u00e9sidentielle<\/h2>\n<p>[\/vc_column_text][vc_column_text css=\u00a0\u00bb\u00a0\u00bb el_class=\u00a0\u00bbdark-blue-text\u00a0\u00bb]First General Eastern Ontario est enti\u00e8rement licenci\u00e9 et assur\u00e9 pour effectuer les travaux n\u00e9cessaires. Nos techniciens sont certifi\u00e9s selon les normes de l&rsquo;industrie.[\/vc_column_text][\/vc_column_inner][\/vc_row_inner][\/vc_column][\/vc_row][vc_row type=\u00a0\u00bbfull_width\u00a0\u00bb text_align=\u00a0\u00bbinherit\u00a0\u00bb css=\u00a0\u00bb.vc_custom_1716472629757{background-color: #4e8eff !important;}\u00a0\u00bb el_class=\u00a0\u00bbblue-row padding-b-100&Prime;][vc_column][vc_row_inner equal_height=\u00a0\u00bbyes\u00a0\u00bb type=\u00a0\u00bbfull_width\u00a0\u00bb text_align=\u00a0\u00bbinherit\u00a0\u00bb el_class=\u00a0\u00bbblue-inner-row white-text margin-t-100&Prime; css=\u00a0\u00bb.vc_custom_1716471725806{background-color: #1e6efa !important;}\u00a0\u00bb][vc_column_inner width=\u00a0\u00bb5\/12&Prime; css=\u00a0\u00bb.vc_custom_1719606072331{background-image: url(https:\/\/firstgeneraleasternontario.ca\/wp-content\/uploads\/2024\/06\/fire_emergency.jpg?id=1065) !important;}\u00a0\u00bb][\/vc_column_inner][vc_column_inner el_class=\u00a0\u00bbpadding-50&Prime; width=\u00a0\u00bb7\/12&Prime;][vc_column_text css=\u00a0\u00bb\u00a0\u00bb el_class=\u00a0\u00bbblue-row-title tt-uppercase\u00a0\u00bb]<\/p>\n<h2>Urgence incendie<\/h2>\n<p>[\/vc_column_text][vc_column_text css=\u00a0\u00bb\u00a0\u00bb]<\/p>\n<ul>\n<li style=\"font-weight: 400;\" aria-level=\"1\">R\u00e9ponse d&rsquo;urgence:<span style=\"font-weight: 400;\"> Disponibilit\u00e9 24\/7 pour une \u00e9valuation et une action imm\u00e9diates.<\/span><\/li>\n<li style=\"font-weight: 400;\" aria-level=\"1\">Mise en s\u00e9curit\u00e9 et b\u00e2chage:<span style=\"font-weight: 400;\"> S\u00e9curisation de la propri\u00e9t\u00e9 en barricadant les fen\u00eatres et les portes et en b\u00e2chant les toits endommag\u00e9s pour \u00e9viter des dommages suppl\u00e9mentaires.\u00a0<\/span><\/li>\n<li style=\"font-weight: 400;\" aria-level=\"1\">Enl\u00e8vement de la fum\u00e9e et de la suie:<span style=\"font-weight: 400;\"> Nettoyage et \u00e9limination de la fum\u00e9e, de la suie et des odeurs des murs, plafonds et autres surfaces.\u00a0<\/span><\/li>\n<li style=\"font-weight: 400;\" aria-level=\"1\">Nettoyage et r\u00e9paration structurels:<span style=\"font-weight: 400;\"> \u00c9valuation et r\u00e9paration des dommages structurels caus\u00e9s par le feu.\u00a0<\/span><\/li>\n<li>Nettoyage et restauration du contenu:<span style=\"font-weight: 400;\"> Nettoyage et restauration des effets personnels et des meubles affect\u00e9s par le feu et la fum\u00e9e.<\/span><\/li>\n<\/ul>\n<p>[\/vc_column_text]<a href=\"\/fr\/estimation-gratuite\/\" target=\"_self\" class=\"dist-btn type2\">Estimation gratuite<\/a>[\/vc_column_inner][\/vc_row_inner][vc_row_inner equal_height=\u00a0\u00bbyes\u00a0\u00bb content_placement=\u00a0\u00bbbottom\u00a0\u00bb type=\u00a0\u00bbfull_width\u00a0\u00bb text_align=\u00a0\u00bbinherit\u00a0\u00bb el_class=\u00a0\u00bbblue-inner-row white-text margin-t-100&Prime; css=\u00a0\u00bb.vc_custom_1716470869507{background-color: #1e6efa !important;}\u00a0\u00bb][vc_column_inner el_class=\u00a0\u00bbvc_col-sm-push-7&Prime; width=\u00a0\u00bb5\/12&Prime; css=\u00a0\u00bb.vc_custom_1720017451304{background-image: url(https:\/\/firstgeneraleasternontario.ca\/wp-content\/uploads\/2024\/07\/shutterstock_1982179091-1.jpg?id=1154) !important;}\u00a0\u00bb][\/vc_column_inner][vc_column_inner el_class=\u00a0\u00bbvc_col-sm-pull-5 padding-50&Prime; width=\u00a0\u00bb7\/12&Prime;][vc_column_text css=\u00a0\u00bb\u00a0\u00bb el_class=\u00a0\u00bbblue-row-title tt-uppercase\u00a0\u00bb]<\/p>\n<h2>Urgence inondation ou temp\u00eate<\/h2>\n<p>[\/vc_column_text][vc_column_text css=\u00a0\u00bb\u00a0\u00bb]<\/p>\n<ul>\n<li style=\"font-weight: 400;\" aria-level=\"1\">Extraction d&rsquo;eau d&rsquo;urgence:<span style=\"font-weight: 400;\"> Retirer rapidement l&rsquo;eau stagnante \u00e0 l&rsquo;aide de pompes et d&rsquo;aspirateurs puissants.\u00a0<\/span><\/li>\n<li style=\"font-weight: 400;\" aria-level=\"1\">S\u00e9chage et d\u00e9shumidification:<span style=\"font-weight: 400;\"> Utiliser des d\u00e9shumidificateurs industriels et des ventilateurs pour s\u00e9cher la propri\u00e9t\u00e9.\u00a0<\/span><\/li>\n<li style=\"font-weight: 400;\" aria-level=\"1\">Pr\u00e9vention et rem\u00e9diation des moisissures:<span style=\"font-weight: 400;\"> Identifier et \u00e9liminer les moisissures pour pr\u00e9venir les risques pour la sant\u00e9.\u00a0<\/span><\/li>\n<li style=\"font-weight: 400;\" aria-level=\"1\">S\u00e9chage structurel:<span style=\"font-weight: 400;\"> S&rsquo;assurer que les \u00e9l\u00e9ments structurels du b\u00e2timent sont compl\u00e8tement s\u00e9ch\u00e9s pour \u00e9viter les dommages \u00e0 long terme.\u00a0<\/span><\/li>\n<li style=\"font-weight: 400;\" aria-level=\"1\">Assainissement et nettoyage:<span style=\"font-weight: 400;\"> Assainir les zones affect\u00e9es pour pr\u00e9venir les risques pour la sant\u00e9.\u00a0<\/span><\/li>\n<li>S\u00e9chage et nettoyage du contenu:<span style=\"font-weight: 400;\"> S\u00e9cher et restaurer les objets personnels et les meubles affect\u00e9s.<\/span><\/li>\n<\/ul>\n<p>[\/vc_column_text]<a href=\"\/fr\/estimation-gratuite\/\" target=\"_self\" class=\"dist-btn type2\">Estimation gratuite<\/a>[\/vc_column_inner][\/vc_row_inner][vc_row_inner equal_height=\u00a0\u00bbyes\u00a0\u00bb type=\u00a0\u00bbfull_width\u00a0\u00bb text_align=\u00a0\u00bbinherit\u00a0\u00bb el_class=\u00a0\u00bbblue-inner-row white-text margin-t-100&Prime; css=\u00a0\u00bb.vc_custom_1716471718508{background-color: #1e6efa !important;}\u00a0\u00bb][vc_column_inner width=\u00a0\u00bb5\/12&Prime; css=\u00a0\u00bb.vc_custom_1719606089464{background-image: url(https:\/\/firstgeneraleasternontario.ca\/wp-content\/uploads\/2024\/06\/windstorm_emergency.jpg?id=1067) !important;}\u00a0\u00bb][\/vc_column_inner][vc_column_inner el_class=\u00a0\u00bbpadding-50&Prime; width=\u00a0\u00bb7\/12&Prime;][vc_column_text css=\u00a0\u00bb\u00a0\u00bb el_class=\u00a0\u00bbblue-row-title tt-uppercase\u00a0\u00bb]<\/p>\n<h2>Urgence temp\u00eate de vent<\/h2>\n<p>[\/vc_column_text][vc_column_text css=\u00a0\u00bb\u00a0\u00bb]<\/p>\n<ul>\n<li style=\"font-weight: 400;\" aria-level=\"1\">Services d&rsquo;urgence de mise en s\u00e9curit\u00e9:<span style=\"font-weight: 400;\"> S\u00e9curiser les fen\u00eatres, les portes et autres ouvertures pour prot\u00e9ger contre d&rsquo;autres dommages.\u00a0<\/span><\/li>\n<li style=\"font-weight: 400;\" aria-level=\"1\">Enl\u00e8vement des d\u00e9bris:<span style=\"font-weight: 400;\"> Nettoyer et enlever les d\u00e9bris de la propri\u00e9t\u00e9 pour assurer la s\u00e9curit\u00e9 et l&rsquo;acc\u00e8s.\u00a0<\/span><\/li>\n<li style=\"font-weight: 400;\" aria-level=\"1\">R\u00e9paration de toit et b\u00e2chage:<span style=\"font-weight: 400;\"> R\u00e9parer les toits endommag\u00e9s et appliquer des b\u00e2ches pour pr\u00e9venir l&rsquo;infiltration d&rsquo;eau.\u00a0<\/span><\/li>\n<li style=\"font-weight: 400;\" aria-level=\"1\">R\u00e9parations structurelles:<span style=\"font-weight: 400;\"> Traiter et r\u00e9parer les dommages structurels caus\u00e9s par les vents violents et les d\u00e9bris.\u00a0<\/span><\/li>\n<li>Att\u00e9nuation des dommages caus\u00e9s par l&rsquo;eau:<span style=\"font-weight: 400;\"> G\u00e9rer l&rsquo;infiltration d&rsquo;eau caus\u00e9e par les d\u00e9g\u00e2ts de la temp\u00eate, y compris l&rsquo;extraction et le s\u00e9chage.<\/span><\/li>\n<\/ul>\n<p>[\/vc_column_text]<a href=\"\/fr\/estimation-gratuite\/\" target=\"_self\" class=\"dist-btn type2\">Estimation gratuite<\/a>[\/vc_column_inner][\/vc_row_inner][vc_row_inner equal_height=\u00a0\u00bbyes\u00a0\u00bb content_placement=\u00a0\u00bbbottom\u00a0\u00bb type=\u00a0\u00bbfull_width\u00a0\u00bb text_align=\u00a0\u00bbinherit\u00a0\u00bb el_class=\u00a0\u00bbblue-inner-row white-text margin-t-100&Prime; css=\u00a0\u00bb.vc_custom_1716470869507{background-color: #1e6efa !important;}\u00a0\u00bb][vc_column_inner el_class=\u00a0\u00bbvc_col-sm-push-7&Prime; width=\u00a0\u00bb5\/12&Prime; css=\u00a0\u00bb.vc_custom_1720017343209{background-image: url(https:\/\/firstgeneraleasternontario.ca\/wp-content\/uploads\/2024\/07\/shutterstock_42364747-scaled.jpg?id=1150) !important;}\u00a0\u00bb][\/vc_column_inner][vc_column_inner el_class=\u00a0\u00bbvc_col-sm-pull-5 padding-50&Prime; width=\u00a0\u00bb7\/12&Prime;][vc_column_text css=\u00a0\u00bb\u00a0\u00bb el_class=\u00a0\u00bbblue-row-title tt-uppercase\u00a0\u00bb]<\/p>\n<h2>Urgence incident v\u00e9hicule<\/h2>\n<p>[\/vc_column_text][vc_column_text css=\u00a0\u00bb\u00a0\u00bb]<\/p>\n<ul>\n<li style=\"font-weight: 400;\" aria-level=\"1\">\u00c9valuation structurelle:<span style=\"font-weight: 400;\"> \u00c9valuer l&rsquo;\u00e9tendue des dommages structurels caus\u00e9s par l&rsquo;impact du v\u00e9hicule.\u00a0<\/span><\/li>\n<li style=\"font-weight: 400;\" aria-level=\"1\">Mise en s\u00e9curit\u00e9 d&rsquo;urgence:<span style=\"font-weight: 400;\"> S\u00e9curiser la propri\u00e9t\u00e9 pour pr\u00e9venir l&rsquo;acc\u00e8s non autoris\u00e9 et d&rsquo;autres dommages.\u00a0<\/span><\/li>\n<li style=\"font-weight: 400;\" aria-level=\"1\">Enl\u00e8vement des d\u00e9bris:<span style=\"font-weight: 400;\"> Enlever les d\u00e9bris du site de l&rsquo;impact.\u00a0<\/span><\/li>\n<li style=\"font-weight: 400;\" aria-level=\"1\">R\u00e9parations structurelles:<span style=\"font-weight: 400;\"> R\u00e9parer les murs, fen\u00eatres et autres \u00e9l\u00e9ments structurels endommag\u00e9s.\u00a0<\/span><\/li>\n<li>Coordination avec l&rsquo;assurance:<span style=\"font-weight: 400;\"> Travailler avec les compagnies d&rsquo;assurance pour simplifier le processus de r\u00e9clamation.<\/span><\/li>\n<\/ul>\n<p>[\/vc_column_text]<a href=\"\/fr\/estimation-gratuite\/\" target=\"_self\" class=\"dist-btn type2\">Estimation gratuite<\/a>[\/vc_column_inner][\/vc_row_inner][\/vc_column][\/vc_row][vc_row type=\u00a0\u00bbin_grid\u00a0\u00bb text_align=\u00a0\u00bbinherit\u00a0\u00bb css=\u00a0\u00bb.vc_custom_1716475717507{background-color: #0a1c3a !important;}\u00a0\u00bb el_class=\u00a0\u00bbin-service-years-row\u00a0\u00bb][vc_column][vc_row_inner equal_height=\u00a0\u00bbyes\u00a0\u00bb type=\u00a0\u00bbfull_width\u00a0\u00bb text_align=\u00a0\u00bbinherit\u00a0\u00bb el_class=\u00a0\u00bbin-service-years-inner-row\u00a0\u00bb][vc_column_inner el_class=\u00a0\u00bbpadding-50 white-text\u00a0\u00bb width=\u00a0\u00bb2\/3&Prime;][vc_column_text css=\u00a0\u00bb\u00a0\u00bb el_class=\u00a0\u00bbtt-uppercase\u00a0\u00bb]<\/p>\n<h2>En service depuis plus de 40 ans!<\/h2>\n<p>[\/vc_column_text][vc_column_text css=\u00a0\u00bb\u00a0\u00bb]<span style=\"font-weight: 400;\">First General Eastern Ontario est un leader dans l&rsquo;industrie de la construction depuis <strong>41 ans<\/strong>, gr\u00e2ce \u00e0 notre capacit\u00e9 \u00e0 \u00e9tablir la norme sur la mani\u00e8re dont le travail doit \u00eatre effectu\u00e9 dans notre secteur. Nous sommes fiers d&rsquo;\u00eatre des entrepreneurs et de faire un travail honn\u00eate pour nos clients qui ont besoin de nos services.<\/span>[\/vc_column_text]<a href=\"\/fr\/a-propos\/\" target=\"_self\" class=\"dist-btn\">\u00c0 propos de nous<\/a>[\/vc_column_inner][vc_column_inner width=\u00a0\u00bb1\/3&Prime; css=\u00a0\u00bb.vc_custom_1716476064222{background-image: url(https:\/\/firstgeneraleasternontario.ca\/wp-content\/uploads\/2024\/05\/first-general-eo-service-years-img.png?id=439) !important;}\u00a0\u00bb][\/vc_column_inner][\/vc_row_inner][\/vc_column][\/vc_row]<\/p>\n<\/div>","protected":false},"excerpt":{"rendered":"<p>[vc_row type=\u00a0\u00bbin_grid\u00a0\u00bb text_align=\u00a0\u00bbinherit\u00a0\u00bb el_class=\u00a0\u00bbpage-int-sub-title-row\u00a0\u00bb][vc_column][vc_row_inner equal_height=\u00a0\u00bbyes\u00a0\u00bb type=\u00a0\u00bbfull_width\u00a0\u00bb text_align=\u00a0\u00bbinherit\u00a0\u00bb el_class=\u00a0\u00bbpage-int-sub-title-inner-row\u00a0\u00bb][vc_column_inner][vc_column_text css=\u00a0\u00bb\u00a0\u00bb el_class=\u00a0\u00bbtoptitle dark-blue-text\u00a0\u00bb]Urgence[\/vc_column_text][vc_column_text css=\u00a0\u00bb\u00a0\u00bb el_class=\u00a0\u00bbdark-blue-text tt-uppercase\u00a0\u00bb] R\u00e9sidentielle [\/vc_column_text][vc_column_text css=\u00a0\u00bb\u00a0\u00bb el_class=\u00a0\u00bbdark-blue-text\u00a0\u00bb]First General Eastern Ontario est enti\u00e8rement licenci\u00e9 et assur\u00e9 pour effectuer les travaux n\u00e9cessaires. Nos techniciens sont certifi\u00e9s selon les normes de l&rsquo;industrie.[\/vc_column_text][\/vc_column_inner][\/vc_row_inner][\/vc_column][\/vc_row][vc_row type=\u00a0\u00bbfull_width\u00a0\u00bb text_align=\u00a0\u00bbinherit\u00a0\u00bb css=\u00a0\u00bb.vc_custom_1716472629757{background-color: #4e8eff !important;}\u00a0\u00bb el_class=\u00a0\u00bbblue-row padding-b-100&Prime;][vc_column][vc_row_inner equal_height=\u00a0\u00bbyes\u00a0\u00bb type=\u00a0\u00bbfull_width\u00a0\u00bb text_align=\u00a0\u00bbinherit\u00a0\u00bb el_class=\u00a0\u00bbblue-inner-row white-text margin-t-100&Prime; css=\u00a0\u00bb.vc_custom_1716471725806{background-color: #1e6efa [&hellip;]<\/p>\n","protected":false},"author":1,"featured_media":0,"parent":856,"menu_order":0,"comment_status":"closed","ping_status":"closed","template":"","meta":{"_acf_changed":false,"_seopress_robots_primary_cat":"","_seopress_titles_title":"Services de restauration d'urgence r\u00e9sidentielle en Ontario","_seopress_titles_desc":"Restauration d'urgence pour les dommages r\u00e9sidentiels caus\u00e9s par des sinistres. Contactez-nous d\u00e8s aujourd'hui pour une intervention rapide et experte !","_seopress_robots_index":"","footnotes":""},"class_list":["post-1017","page","type-page","status-publish"],"acf":[],"_links":{"self":[{"href":"https:\/\/firstgeneraleasternontario.ca\/fr\/wp-json\/wp\/v2\/pages\/1017","targetHints":{"allow":["GET"]}}],"collection":[{"href":"https:\/\/firstgeneraleasternontario.ca\/fr\/wp-json\/wp\/v2\/pages"}],"about":[{"href":"https:\/\/firstgeneraleasternontario.ca\/fr\/wp-json\/wp\/v2\/types\/page"}],"author":[{"embeddable":true,"href":"https:\/\/firstgeneraleasternontario.ca\/fr\/wp-json\/wp\/v2\/users\/1"}],"replies":[{"embeddable":true,"href":"https:\/\/firstgeneraleasternontario.ca\/fr\/wp-json\/wp\/v2\/comments?post=1017"}],"version-history":[{"count":2,"href":"https:\/\/firstgeneraleasternontario.ca\/fr\/wp-json\/wp\/v2\/pages\/1017\/revisions"}],"predecessor-version":[{"id":26614,"href":"https:\/\/firstgeneraleasternontario.ca\/fr\/wp-json\/wp\/v2\/pages\/1017\/revisions\/26614"}],"up":[{"embeddable":true,"href":"https:\/\/firstgeneraleasternontario.ca\/fr\/wp-json\/wp\/v2\/pages\/856"}],"wp:attachment":[{"href":"https:\/\/firstgeneraleasternontario.ca\/fr\/wp-json\/wp\/v2\/media?parent=1017"}],"curies":[{"name":"wp","href":"https:\/\/api.w.org\/{rel}","templated":true}]}}