{"id":1051,"date":"2024-06-02T19:49:52","date_gmt":"2024-06-02T23:49:52","guid":{"rendered":"https:\/\/firstgeneraleasternontario.ca\/?page_id=1051"},"modified":"2024-12-01T21:57:35","modified_gmt":"2024-12-02T02:57:35","slug":"politique-de-confidentialite","status":"publish","type":"page","link":"https:\/\/firstgeneraleasternontario.ca\/fr\/politique-de-confidentialite\/","title":{"rendered":"Politique de confidentialit\u00e9"},"content":{"rendered":"<div class=\"wpb-content-wrapper\"><p>[vc_row type=\u00a0\u00bbin_grid\u00a0\u00bb text_align=\u00a0\u00bbinherit\u00a0\u00bb el_class=\u00a0\u00bbpage-int-sub-title-row\u00a0\u00bb][vc_column][vc_row_inner equal_height=\u00a0\u00bbyes\u00a0\u00bb type=\u00a0\u00bbfull_width\u00a0\u00bb text_align=\u00a0\u00bbinherit\u00a0\u00bb el_class=\u00a0\u00bbpage-int-sub-title-inner-row fix_policy_fr\u00a0\u00bb][vc_column_inner][vc_column_text css=\u00a0\u00bb\u00a0\u00bb el_class=\u00a0\u00bbdark-blue-text\u00a0\u00bb]Chez First General, nous nous engageons \u00e0 prot\u00e9ger la confidentialit\u00e9 et les informations personnelles de nos clients, employ\u00e9s et visiteurs de notre site web. Cette politique de confidentialit\u00e9 d\u00e9crit comment nous collectons, utilisons, divulguons et prot\u00e9geons les informations personnelles lors de la prestation de nos services de restauration. En utilisant nos services ou notre site web, vous consentez aux pratiques d\u00e9crites dans cette politique.[\/vc_column_text][\/vc_column_inner][\/vc_row_inner][\/vc_column][\/vc_row][vc_row type=\u00a0\u00bbin_grid\u00a0\u00bb text_align=\u00a0\u00bbinherit\u00a0\u00bb el_class=\u00a0\u00bbzcontact-us-map-row padding-100&Prime;][vc_column][vc_row_inner type=\u00a0\u00bbfull_width\u00a0\u00bb text_align=\u00a0\u00bbinherit\u00a0\u00bb][vc_column_inner][vc_raw_html css=\u00a0\u00bb\u00a0\u00bb]JTNDaDMlM0VDb2xsZWN0ZSUyMGQlMjdpbmZvcm1hdGlvbnMlM0MlMkZoMyUzRSUwQSUwQSUzQ3AlMjBjbGFzcyUzRCUyMnAxJTIyJTNFTm91cyUyMHBvdXZvbnMlMjBjb2xsZWN0ZXIlMjBkZXMlMjBpbmZvcm1hdGlvbnMlMjBwZXJzb25uZWxsZXMlMjBhdXByJUMzJUE4cyUyMGRlJTIwY2xpZW50cyUyQyUyMGVtcGxveSVDMyVBOXMlMjBldCUyMHZpc2l0ZXVycyUyMGRlJTIwbm90cmUlMjBzaXRlJTIwd2ViJTIwZGFucyUyMGxlJTIwYnV0JTIwZGUlMjBmb3VybmlyJTIwbm9zJTIwc2VydmljZXMlMjBkZSUyMHJlc3RhdXJhdGlvbi4lMjBMZXMlMjB0eXBlcyUyMGQlMjdpbmZvcm1hdGlvbnMlMjBjb2xsZWN0JUMzJUE5ZXMlMjBwZXV2ZW50JTIwaW5jbHVyZSUzQSUzQyUyRnAlM0UlMEElMEElM0N1bCUzRSUwQSUyMCUyMCUyMCUyMCUzQ2xpJTNFJTNDc3Ryb25nJTNFSW5mb3JtYXRpb25zJTIwZGUlMjBjb250YWN0JTNBJTNDJTJGc3Ryb25nJTNFJTIwTm9tcyUyQyUyMGFkcmVzc2VzJTJDJTIwbnVtJUMzJUE5cm9zJTIwZGUlMjB0JUMzJUE5bCVDMyVBOXBob25lJTIwZXQlMjBhZHJlc3NlcyUyMGUtbWFpbC4lMEElMjAlMjAlMjAlMjAlM0NsaSUzRSUzQ3N0cm9uZyUzRUQlQzMlQTl0YWlscyUyMGRlJTIwbGElMjBwcm9wcmklQzMlQTl0JUMzJUE5JTNBJTNDJTJGc3Ryb25nJTNFJTIwSW5mb3JtYXRpb25zJTIwcmVsYXRpdmVzJTIwJUMzJUEwJTIwbGElMjBwcm9wcmklQzMlQTl0JUMzJUE5JTIwY29uY2VybiVDMyVBOWUlMkMlMjB5JTIwY29tcHJpcyUyMGxhJTIwbG9jYWxpc2F0aW9uJTJDJTIwbGElMjBwcm9wcmklQzMlQTl0JUMzJUE5JTIwZXQlMjBsZXMlMjBkJUMzJUE5dGFpbHMlMjBkZSUyMGwlMjdhc3N1cmFuY2UuJTNDJTJGbGklM0UlMEElMjAlMjAlMjAlMjAlM0NsaSUzRSUzQ3N0cm9uZyUzRUluZm9ybWF0aW9ucyUyMHN1ciUyMGwlMjdhc3N1cmFuY2UlM0ElM0MlMkZzdHJvbmclM0UlMjBOdW0lQzMlQTlyb3MlMjBkZSUyMHBvbGljZSUyQyUyMGQlQzMlQTl0YWlscyUyMGRlJTIwbGElMjBjb3V2ZXJ0dXJlJTIwZXQlMjBjb29yZG9ubiVDMyVBOWVzJTIwZGVzJTIwcHJlc3RhdGFpcmVzJTIwZCUyN2Fzc3VyYW5jZS4lM0MlMkZsaSUzRSUwQSUyMCUyMCUyMCUyMCUzQ2xpJTNFJTNDc3Ryb25nJTNFRG9jdW1lbnRhdGlvbiUyMGRlJTIwcmVzdGF1cmF0aW9uJTNBJTNDJTJGc3Ryb25nJTNFJTIwUGhvdG9zJTJDJTIwdmlkJUMzJUE5b3MlMjBldCUyMGRvY3VtZW50YXRpb24lMjAlQzMlQTljcml0ZSUyMHJlbGF0aXZlJTIwYXUlMjBwcm9jZXNzdXMlMjBkZSUyMHJlc3RhdXJhdGlvbi4lM0MlMkZsaSUzRSUwQSUyMCUyMCUyMCUyMCUzQ2xpJTNFJTNDc3Ryb25nJTNFSW5mb3JtYXRpb25zJTIwZmluYW5jaSVDMyVBOHJlcyUzQSUzQyUyRnN0cm9uZyUzRSUyMERhbnMlMjBjZXJ0YWlucyUyMGNhcyUyQyUyMG5vdXMlMjBwb3V2b25zJTIwY29sbGVjdGVyJTIwZGVzJTIwaW5mb3JtYXRpb25zJTIwZGUlMjBwYWllbWVudC4lMEElMjAlMjAlMjAlMjAlM0NsaSUzRSUzQ3N0cm9uZyUzRUluZm9ybWF0aW9ucyUyMHN1ciUyMGxlcyUyMGVtcGxveSVDMyVBOXMlM0ElM0MlMkZzdHJvbmclM0UlMjBEYW5zJTIwbGUlMjBjYWRyZSUyMGRlJTIwbm9zJTIwcmVsYXRpb25zJTIwZCUyN2VtcGxvaSUyMGV0JTIwZGUlMjBjb250cmF0JTJDJTIwbm91cyUyMHBvdXZvbnMlMjBjb2xsZWN0ZXIlMjBkZXMlMjBpbmZvcm1hdGlvbnMlMjBwZXJzb25uZWxsZXMlMjB0ZWxsZXMlMjBxdWUlMjBub21zJTJDJTIwYWRyZXNzZXMlMkMlMjBjb29yZG9ubiVDMyVBOWVzJTJDJTIwQ1YlMkMlMjBoaXN0b3JpcXVlJTIwZGUlMjBsJTI3ZW1wbG9pJTIwZXQlMjB2JUMzJUE5cmlmaWNhdGlvbnMlMjBkZXMlMjBhbnQlQzMlQTljJUMzJUE5ZGVudHMuJTNDJTJGbGklM0UlMEElMjAlMjAlMjAlMjAlM0NsaSUzRSUzQ3N0cm9uZyUzRUluZm9ybWF0aW9ucyUyMHN1ciUyMGxlcyUyMHZpc2l0ZXVycyUyMGR1JTIwc2l0ZSUyMHdlYiUzQSUzQyUyRnN0cm9uZyUzRSUyMExvcnNxdWUlMjB2b3VzJTIwdmlzaXRleiUyMG5vdHJlJTIwc2l0ZSUyMHdlYiUyQyUyMG5vdXMlMjBwb3V2b25zJTIwY29sbGVjdGVyJTIwY2VydGFpbmVzJTIwaW5mb3JtYXRpb25zJTIwbm9uJTIwaWRlbnRpZmlhYmxlcyUyMHBlcnNvbm5lbGxlbWVudCUyQyUyMHRlbGxlcyUyMHF1ZSUyMHZvdHJlJTIwYWRyZXNzZSUyMElQJTJDJTIwdHlwZSUyMGRlJTIwbmF2aWdhdGV1ciUyQyUyMHN5c3QlQzMlQThtZSUyMGQlMjdleHBsb2l0YXRpb24lMjBldCUyMGNvbXBvcnRlbWVudCUyMGRlJTIwbmF2aWdhdGlvbi4lMjBOb3VzJTIwcG91dm9ucyUyMCVDMyVBOWdhbGVtZW50JTIwdXRpbGlzZXIlMjBkZXMlMjBjb29raWVzJTIwb3UlMjBkZXMlMjB0ZWNobm9sb2dpZXMlMjBzaW1pbGFpcmVzJTIwcG91ciUyMGFtJUMzJUE5bGlvcmVyJTIwdm90cmUlMjBleHAlQzMlQTlyaWVuY2UlMjBkZSUyMG5hdmlnYXRpb24uJTNDJTJGbGklM0UlMEElM0MlMkZ1bCUzRSUwQSUwQSUwQSUwQSUzQ2gzJTNFVXRpbGlzYXRpb24lMjBkZXMlMjBpbmZvcm1hdGlvbnMlMjBwZXJzb25uZWxsZXMlM0MlMkZoMyUzRSUwQSUwQSUzQ3AlMjBjbGFzcyUzRCUyMnAxJTIyJTNFTm91cyUyMHV0aWxpc29ucyUyMGxlcyUyMGluZm9ybWF0aW9ucyUyMHBlcnNvbm5lbGxlcyUyMGNvbGxlY3QlQzMlQTllcyUyMGF1eCUyMGZpbnMlMjBzdWl2YW50ZXMlM0ElM0MlMkZwJTNFJTBBJTBBJTNDdWwlM0UlMEElMjAlMjAlMjAlMjAlM0NsaSUzRSUzQ3N0cm9uZyUzRUZvdXJuaXIlMjBkZXMlMjBzZXJ2aWNlcyUyMGRlJTIwcmVzdGF1cmF0aW9uJTNBJTNDJTJGc3Ryb25nJTNFJTIwUG91ciUyMCVDMyVBOXZhbHVlciUyQyUyMHBsYW5pZmllciUyMGV0JTIwZWZmZWN0dWVyJTIwZGVzJTIwc2VydmljZXMlMjBzdXIlMjBsYSUyMHByb3ByaSVDMyVBOXQlQzMlQTklMjBjb25jZXJuJUMzJUE5ZS4lM0MlMkZsaSUzRSUwQSUyMCUyMCUyMCUyMCUzQ2xpJTNFJTNDc3Ryb25nJTNFQ29tbXVuaWNhdGlvbiUzQSUzQyUyRnN0cm9uZyUzRSUyMFBvdXIlMjBjb21tdW5pcXVlciUyMGF2ZWMlMjBsZXMlMjBjbGllbnRzJTIwZXQlMjBsZXMlMjBwZXJzb25uZXMlMjBjb25jZXJuYW50JTIwbGV1ciUyMHByb2pldCUyMGRlJTIwcmVzdGF1cmF0aW9uJTJDJTIwbWlzZXMlMjAlQzMlQTAlMjBqb3VyJTIwZXQlMjBxdWVzdGlvbnMlMjBjb25uZXhlcy4lMEElMjAlMjAlMjAlMjAlM0NsaSUzRSUzQ3N0cm9uZyUzRUNvb3JkaW5hdGlvbiUyMGF2ZWMlMjBsZXMlMjBhc3N1cmFuY2VzJTNBJTNDJTJGc3Ryb25nJTNFJTIwUG91ciUyMGNvbGxhYm9yZXIlMjBhdmVjJTIwbGVzJTIwcHJlc3RhdGFpcmVzJTIwZCUyN2Fzc3VyYW5jZSUyQyUyMHRyYWl0ZXIlMjBsZXMlMjByJUMzJUE5Y2xhbWF0aW9ucyUyMGQlMjdhc3N1cmFuY2UlMjBldCUyMHYlQzMlQTlyaWZpZXIlMjBsYSUyMGNvdXZlcnR1cmUuJTBBJTIwJTIwJTIwJTIwJTNDbGklM0UlM0NzdHJvbmclM0VDb25mb3JtaXQlQzMlQTklMjBsJUMzJUE5Z2FsZSUzQSUzQyUyRnN0cm9uZyUzRSUyMFBvdXIlMjBzZSUyMGNvbmZvcm1lciUyMGF1eCUyMGxvaXMlMkMlMjByJUMzJUE5Z2xlbWVudGF0aW9ucyUyMGV0JTIwb2JsaWdhdGlvbnMlMjBjb250cmFjdHVlbGxlcyUyMGFwcGxpY2FibGVzLiUwQSUyMCUyMCUyMCUyMCUzQ2xpJTNFJTNDc3Ryb25nJTNFT3AlQzMlQTlyYXRpb25zJTIwaW50ZXJuZXMlM0ElM0MlMkZzdHJvbmclM0UlMjBQb3VyJTIwYW0lQzMlQTlsaW9yZXIlMjBub3MlMjBzZXJ2aWNlcyUyQyUyMG1lbmVyJTIwZGVzJTIwcmVjaGVyY2hlcyUyMGV0JTIwYW5hbHlzZXMlMkMlMjBldCUyMG1haW50ZW5pciUyMHVuZSUyMGJvbm5lJTIwdGVudWUlMjBkZXMlMjBkb3NzaWVycy4lM0MlMkZsaSUzRSUwQSUyMCUyMCUyMCUyMCUzQ2xpJTNFJTNDc3Ryb25nJTNFUiVDMyVBOXBvbnNlcyUyMGF1eCUyMGRlbWFuZGVzJTNBJTNDJTJGc3Ryb25nJTNFJTIwUiVDMyVBOXBvbmRyZSUyMGF1eCUyMGRlbWFuZGVzJTJDJTIwcmVxdSVDMyVBQXRlcyUyMG91JTIwY29tbWVudGFpcmVzLiUyMCVFMiU4MCVBMiUyMFBhaWVtZW50cyUyMCUzQSUzQyUyRnN0cm9uZyUzRSUyMFBvdXIlMjB0cmFpdGVyJTIwbGVzJTIwZmFjdHVyZXMlMjBldCUyMGxlcyUyMHBhaWVtZW50cy4lM0MlMkZsaSUzRSUwQSUyMCUyMCUyMCUyMCUzQ2xpJTNFJTNDc3Ryb25nJTNFRmluYWxpdCVDMyVBOXMlMjBkJTI3ZW1wbG9pJTNBJTNDJTJGc3Ryb25nJTNFJTIwTGVzJTIwaW5mb3JtYXRpb25zJTIwZGVzJTIwZW1wbG95JUMzJUE5cyUyMHBldXZlbnQlMjAlQzMlQUF0cmUlMjB1dGlsaXMlQzMlQTllcyUyMHBvdXIlMjBsZSUyMHJlY3J1dGVtZW50JTJDJTIwbCUyN2VtYmF1Y2hlJTJDJTIwbGUlMjB0cmFpdGVtZW50JTIwZGUlMjBsYSUyMHBhaWUlMkMlMjBsJTI3YWRtaW5pc3RyYXRpb24lMjBkZXMlMjBhdmFudGFnZXMlMjBzb2NpYXV4JTJDJTIwbGElMjBnZXN0aW9uJTIwZGUlMjBsYSUyMHBlcmZvcm1hbmNlJTIwZXQlMjBkJTI3YXV0cmVzJTIwZmluYWxpdCVDMyVBOXMlMjBsaSVDMyVBOWVzJTIwJUMzJUEwJTIwbCUyN2VtcGxvaS4lM0MlMkZsaSUzRSUwQSUyMCUyMCUyMCUyMCUzQ2xpJTNFJTNDc3Ryb25nJTNFQW0lQzMlQTlsaW9yYXRpb24lMjBkdSUyMHNpdGUlMjB3ZWIlM0ElM0MlMkZzdHJvbmclM0UlMjBMZXMlMjBpbmZvcm1hdGlvbnMlMjBub24lMjBpZGVudGlmaWFibGVzJTIwcGVyc29ubmVsbGVtZW50JTIwY29sbGVjdCVDMyVBOWVzJTIwdmlhJTIwbm90cmUlMjBzaXRlJTIwd2ViJTIwcGV1dmVudCUyMCVDMyVBQXRyZSUyMHV0aWxpcyVDMyVBOWVzJTIwcG91ciUyMGFuYWx5c2VyJTIwbGVzJTIwdGVuZGFuY2VzJTJDJTIwYWRtaW5pc3RyZXIlMjBsZSUyMHNpdGUlMkMlMjBzdWl2cmUlMjBsZXMlMjBtb3V2ZW1lbnRzJTIwZGVzJTIwdXRpbGlzYXRldXJzJTIwZXQlMjByZWN1ZWlsbGlyJTIwZGVzJTIwaW5mb3JtYXRpb25zJTIwZCVDMyVBOW1vZ3JhcGhpcXVlcyUyMGFmaW4lMjBkJTI3YW0lQzMlQTlsaW9yZXIlMjBub3RyZSUyMHNpdGUlMjB3ZWIlMjBldCUyMG5vcyUyMHNlcnZpY2VzLiUzQyUyRmxpJTNFJTBBJTNDJTJGdWwlM0UlMEElMEElMEElM0NoMyUzRURpdnVsZ2F0aW9uJTIwZGVzJTIwaW5mb3JtYXRpb25zJTIwcGVyc29ubmVsbGVzJTNDJTJGaDMlM0UlMEElMEElM0NwJTIwY2xhc3MlM0QlMjJwMSUyMiUzRU5vdXMlMjBwb3V2b25zJTIwZGl2dWxndWVyJTIwZGVzJTIwaW5mb3JtYXRpb25zJTIwcGVyc29ubmVsbGVzJTIwJUMzJUEwJTIwZGVzJTIwdGllcnMlMkMlMjB5JTIwY29tcHJpcyUzQSUzQyUyRnAlM0UlMEElMEElM0N1bCUzRSUwQSUyMCUyMCUyMCUyMCUzQ2xpJTNFJTNDc3Ryb25nJTNFUHJlc3RhdGFpcmVzJTIwZGUlMjBzZXJ2aWNlcyUzQSUzQyUyRnN0cm9uZyUzRSUyME5vdXMlMjBwb3V2b25zJTIwcGFydGFnZXIlMjBkZXMlMjBpbmZvcm1hdGlvbnMlMjBwZXJzb25uZWxsZXMlMjBhdmVjJTIwZGVzJTIwcHJlc3RhdGFpcmVzJTIwZGUlMjBzZXJ2aWNlcyUyMHRpZXJzJTIwZGUlMjBjb25maWFuY2UlMjBxdWklMjBub3VzJTIwYXNzaXN0ZW50JTIwZGFucyUyMGxhJTIwciVDMyVBOWFsaXNhdGlvbiUyMGRlcyUyMHNlcnZpY2VzJTIwZGUlMjByZXN0YXVyYXRpb24lMkMlMjB0ZWxzJTIwcXVlJTIwbGVzJTIwZW50cmVwcmVuZXVycyUyQyUyMHRlY2huaWNpZW5zJTIwZXQlMjBmb3Vybmlzc2V1cnMlMjBkJTI3JUMzJUE5cXVpcGVtZW50cy4lM0MlMkZsaSUzRSUwQSUyMCUyMCUyMCUyMCUzQ2xpJTNFJTNDc3Ryb25nJTNFUHJlc3RhdGFpcmVzJTIwZCUyN2Fzc3VyYW5jZSUzQSUzQyUyRnN0cm9uZyUzRSUyME5vdXMlMjBwb3V2b25zJTIwcGFydGFnZXIlMjBkZXMlMjBpbmZvcm1hdGlvbnMlMjBwZXJzb25uZWxsZXMlMjBhdmVjJTIwZGVzJTIwY29tcGFnbmllcyUyMGQlMjdhc3N1cmFuY2UlMjBwb3VyJTIwdiVDMyVBOXJpZmllciUyMGxhJTIwY291dmVydHVyZSUyMGV0JTIwdHJhaXRlciUyMGxlcyUyMHIlQzMlQTljbGFtYXRpb25zLiUzQyUyRmxpJTNFJTBBJTIwJTIwJTIwJTIwJTNDbGklM0UlM0NzdHJvbmclM0VFeGlnZW5jZXMlMjBsJUMzJUE5Z2FsZXMlM0ElM0MlMkZzdHJvbmclM0UlMjBOb3VzJTIwcG91dm9ucyUyMGRpdnVsZ3VlciUyMGRlcyUyMGluZm9ybWF0aW9ucyUyMHBlcnNvbm5lbGxlcyUyMGxvcnNxdWUlMjBsYSUyMGxvaSUyQyUyMHVuZSUyMG9yZG9ubmFuY2UlMjBkdSUyMHRyaWJ1bmFsJTIwb3UlMjB1bmUlMjBhdXRvcml0JUMzJUE5JTIwZ291dmVybmVtZW50YWxlJTIwbCUyN2V4aWdlJTIwcG91ciUyMHJlc3BlY3RlciUyMGxlcyUyMG9ibGlnYXRpb25zJTIwbCVDMyVBOWdhbGVzJTIwb3UlMjBwcm90JUMzJUE5Z2VyJTIwbm9zJTIwZHJvaXRzJTJDJTIwcyVDMyVBOWN1cml0JUMzJUE5JTIwb3UlMjBwcm9wcmklQzMlQTl0JUMzJUE5LiUzQyUyRmxpJTNFJTBBJTIwJTIwJTIwJTIwJTNDbGklM0UlM0NzdHJvbmclM0VUcmFuc2ZlcnRzJTIwZCUyN2VudHJlcHJpc2UlM0ElM0MlMkZzdHJvbmclM0UlMjBFbiUyMGNhcyUyMGRlJTIwZnVzaW9uJTJDJTIwYWNxdWlzaXRpb24lMjBvdSUyMHZlbnRlJTIwZCUyN2FjdGlmcyUyQyUyMGxlcyUyMGluZm9ybWF0aW9ucyUyMHBlcnNvbm5lbGxlcyUyMHBldXZlbnQlMjAlQzMlQUF0cmUlMjB0cmFuc2YlQzMlQTlyJUMzJUE5ZXMlMjBkYW5zJTIwbGUlMjBjYWRyZSUyMGRlJTIwbGElMjB0cmFuc2FjdGlvbiUyQyUyMHNvdXMlMjByJUMzJUE5c2VydmUlMjBkZSUyMG1lc3VyZXMlMjBkZSUyMGNvbmZpZGVudGlhbGl0JUMzJUE5JTIwZXQlMjBkZSUyMHMlQzMlQTljdXJpdCVDMyVBOSUyMGFwcHJvcHJpJUMzJUE5ZXMuJTNDJTJGbGklM0UlMEElM0MlMkZ1bCUzRSUwQSUwQSUwQSUzQ2gzJTNFUyVDMyVBOWN1cml0JUMzJUE5JTIwZGVzJTIwaW5mb3JtYXRpb25zJTNDJTJGaDMlM0UlMEElMEElM0NwJTIwY2xhc3MlM0QlMjJwMSUyMiUzRU5vdXMlMjBtZXR0b25zJTIwZW4lMjAlQzUlOTN1dnJlJTIwZGVzJTIwbWVzdXJlcyUyMGRlJTIwcyVDMyVBOWN1cml0JUMzJUE5JTIwcmFpc29ubmFibGVzJTIwcG91ciUyMHByb3QlQzMlQTlnZXIlMjBsZXMlMjBpbmZvcm1hdGlvbnMlMjBwZXJzb25uZWxsZXMlMjBjb250cmUlMjB0b3V0JTIwYWNjJUMzJUE4cyUyMG5vbiUyMGF1dG9yaXMlQzMlQTklMkMlMjBkaXZ1bGdhdGlvbiUyQyUyMGFsdCVDMyVBOXJhdGlvbiUyMG91JTIwZGVzdHJ1Y3Rpb24uJTIwQ2VzJTIwbWVzdXJlcyUyMGluY2x1ZW50JTIwZGVzJTIwcHJvdGVjdGlvbnMlMjBwaHlzaXF1ZXMlMkMlMjB0ZWNobmlxdWVzJTIwZXQlMjBhZG1pbmlzdHJhdGl2ZXMlMkMlMjB0ZWxsZXMlMjBxdWUlMjBsZSUyMGNyeXB0YWdlJTJDJTIwbGVzJTIwcGFyZS1mZXUlMkMlMjBsZXMlMjBjb250ciVDMyVCNGxlcyUyMGQlMjdhY2MlQzMlQThzJTJDJTIwbGElMjBmb3JtYXRpb24lMjBkZXMlMjBlbXBsb3klQzMlQTlzJTIwZXQlMjBsZXMlMjAlQzMlQTl2YWx1YXRpb25zJTIwZGUlMjBzJUMzJUE5Y3VyaXQlQzMlQTklMjByJUMzJUE5Z3VsaSVDMyVBOHJlcy4lMjBDZXBlbmRhbnQlMkMlMjB2ZXVpbGxleiUyMG5vdGVyJTIwcXUlMjdhdWN1bmUlMjB0cmFuc21pc3Npb24lMjBkZSUyMGRvbm4lQzMlQTllcyUyMHN1ciUyMEludGVybmV0JTIwb3UlMjBtJUMzJUE5dGhvZGUlMjBkZSUyMHN0b2NrYWdlJTIwJUMzJUE5bGVjdHJvbmlxdWUlMjBuZSUyMHBldXQlMjBnYXJhbnRpciUyMHVuZSUyMHMlQzMlQTljdXJpdCVDMyVBOSUyMGFic29sdWUuJTNDJTJGcCUzRSUwQSUwQSUwQSUwQSUzQ2gzJTNFQ29uc2VydmF0aW9uJTIwZGVzJTIwZG9ubiVDMyVBOWVzJTNDJTJGaDMlM0UlMEElMEElM0NwJTIwY2xhc3MlM0QlMjJwMSUyMiUzRU5vdXMlMjBjb25zZXJ2b25zJTIwbGVzJTIwaW5mb3JtYXRpb25zJTIwcGVyc29ubmVsbGVzJTIwYXVzc2klMjBsb25ndGVtcHMlMjBxdWUlMjBuJUMzJUE5Y2Vzc2FpcmUlMjBwb3VyJTIwYXR0ZWluZHJlJTIwbGVzJTIwb2JqZWN0aWZzJTIwcG91ciUyMGxlc3F1ZWxzJTIwZWxsZXMlMjBvbnQlMjAlQzMlQTl0JUMzJUE5JTIwY29sbGVjdCVDMyVBOWVzJTJDJTIweSUyMGNvbXByaXMlMjBsZXMlMjBleGlnZW5jZXMlMjBsJUMzJUE5Z2FsZXMlMjBvdSUyMHIlQzMlQTlnbGVtZW50YWlyZXMuJTIwTm91cyUyMCVDMyVBOWxpbWluZXJvbnMlMjBvdSUyMGFub255bWlzZXJvbnMlMjBkZSUyMG1hbmklQzMlQThyZSUyMHMlQzMlQTljdXJpcyVDMyVBOWUlMjBsZXMlMjBpbmZvcm1hdGlvbnMlMjBwZXJzb25uZWxsZXMlMjBsb3JzcXUlMjdlbGxlcyUyMG5lJTIwc2Vyb250JTIwcGx1cyUyMG4lQzMlQTljZXNzYWlyZXMuJTNDJTJGcCUzRSUwQSUwQSUwQSUwQSUzQ2gzJTNFQ29va2llcyUyMGV0JTIwdGVjaG5vbG9naWVzJTIwZGUlMjBzdWl2aSUzQyUyRmgzJTNFJTBBJTBBJTNDcCUyMGNsYXNzJTNEJTIycDElMjIlM0VOb3RyZSUyMHNpdGUlMjB3ZWIlMjBwZXV0JTIwdXRpbGlzZXIlMjBkZXMlMjBjb29raWVzJTIwb3UlMjBkZXMlMjB0ZWNobm9sb2dpZXMlMjBkZSUyMHN1aXZpJTIwc2ltaWxhaXJlcyUyMHBvdXIlMjBhbSVDMyVBOWxpb3JlciUyMGwlMjdleHAlQzMlQTlyaWVuY2UlMjBkZXMlMjB1dGlsaXNhdGV1cnMlMkMlMjBhbmFseXNlciUyMGxlJTIwdHJhZmljJTIwZHUlMjBzaXRlJTIwd2ViJTIwZXQlMjBhbSVDMyVBOWxpb3JlciUyMG5vcyUyMHNlcnZpY2VzLiUyMFZvdXMlMjBwb3V2ZXolMjBhanVzdGVyJTIwbGVzJTIwcGFyYW0lQzMlQTh0cmVzJTIwZGUlMjB2b3RyZSUyMG5hdmlnYXRldXIlMjBwb3VyJTIwcmVmdXNlciUyMGxlcyUyMGNvb2tpZXMlMjBvdSUyMCVDMyVBQXRyZSUyMGluZm9ybSVDMyVBOSUyMGxvcnNxdWUlMjBkZXMlMjBjb29raWVzJTIwc29udCUyMHV0aWxpcyVDMyVBOXMuJTIwQ2VwZW5kYW50JTJDJTIwY2VsYSUyMHBldXQlMjBhZmZlY3RlciUyMGNlcnRhaW5lcyUyMGZvbmN0aW9ubmFsaXQlQzMlQTlzJTIwZGUlMjBub3RyZSUyMHNpdGUlMjB3ZWIuJTNDJTJGcCUzRSUwQSUwQSUwQSUwQSUzQ2gzJTNFTGllbnMlMjB2ZXJzJTIwZGVzJTIwc2l0ZXMlMjB3ZWIlMjB0aWVycyUzQyUyRmgzJTNFJTBBJTBBJTNDcCUyMGNsYXNzJTNEJTIycDElMjIlM0VOb3RyZSUyMHNpdGUlMjB3ZWIlMjBwZXV0JTIwY29udGVuaXIlMjBkZXMlMjBsaWVucyUyMHZlcnMlMjBkZXMlMjBzaXRlcyUyMHdlYiUyMHRpZXJzLiUyME5vdXMlMjBuZSUyMHNvbW1lcyUyMHBhcyUyMHJlc3BvbnNhYmxlcyUyMGRlcyUyMHByYXRpcXVlcyUyMGRlJTIwY29uZmlkZW50aWFsaXQlQzMlQTklMjBvdSUyMGR1JTIwY29udGVudSUyMGRlJTIwY2VzJTIwc2l0ZXMlMjB3ZWIuJTIwTm91cyUyMHZvdXMlMjBlbmNvdXJhZ2VvbnMlMjAlQzMlQTAlMjBleGFtaW5lciUyMGxlcyUyMHBvbGl0aXF1ZXMlMjBkZSUyMGNvbmZpZGVudGlhbGl0JUMzJUE5JTIwZGUlMjB0b3VzJTIwbGVzJTIwc2l0ZXMlMjB3ZWIlMjB0aWVycyUyMHF1ZSUyMHZvdXMlMjB2aXNpdGV6LiUzQyUyRnAlM0UlMEElMEElMEElMEElM0NoMyUzRVZvcyUyMGRyb2l0cyUyMGV0JTIwY2hvaXglMjBlbiUyMG1hdGklQzMlQThyZSUyMGRlJTIwY29uZmlkZW50aWFsaXQlQzMlQTklM0MlMkZoMyUzRSUwQSUwQSUzQ3AlMjBjbGFzcyUzRCUyMnAxJTIyJTNFTGVzJTIwaW5kaXZpZHVzJTIwb250JTIwbGUlMjBkcm9pdCUyMGQlMjdhY2MlQzMlQTlkZXIlMkMlMjBkZSUyMGNvcnJpZ2VyJTJDJTIwZGUlMjBtZXR0cmUlMjAlQzMlQTAlMjBqb3VyJTIwb3UlMjBkZSUyMHN1cHByaW1lciUyMGxldXJzJTIwaW5mb3JtYXRpb25zJTIwcGVyc29ubmVsbGVzJTIwZW4lMjBub3RyZSUyMHBvc3Nlc3Npb24uJTIwU2klMjB2b3VzJTIwc291aGFpdGV6JTIwZXhlcmNlciUyMGNlcyUyMGRyb2l0cyUyMG91JTIwYXZleiUyMGRlcyUyMHF1ZXN0aW9ucyUyMG91JTIwcHIlQzMlQTlvY2N1cGF0aW9ucyUyMGxpJUMzJUE5ZXMlMjAlQzMlQTAlMjBsYSUyMGNvbmZpZGVudGlhbGl0JUMzJUE5JTJDJTIwdmV1aWxsZXolMjBub3VzJTIwY29udGFjdGVyJTIwZW4lMjB1dGlsaXNhbnQlMjBsZXMlMjBpbmZvcm1hdGlvbnMlMjBkZSUyMGNvbnRhY3QlMjBmb3VybmllcyUyMCVDMyVBMCUyMGxhJTIwZmluJTIwZGUlMjBjZXR0ZSUyMHBvbGl0aXF1ZS4lM0MlMkZwJTNFJTBBJTBBJTBBJTBBJTNDaDMlM0VNaXNlcyUyMCVDMyVBMCUyMGpvdXIlMjBkZSUyMGxhJTIwcG9saXRpcXVlJTNDJTJGaDMlM0UlMEElMEElM0NwJTIwY2xhc3MlM0QlMjJwMSUyMiUzRU5vdXMlMjBwb3V2b25zJTIwbWV0dHJlJTIwJUMzJUEwJTIwam91ciUyMGNldHRlJTIwcG9saXRpcXVlJTIwZGUlMjBjb25maWRlbnRpYWxpdCVDMyVBOSUyMGRlJTIwdGVtcHMlMjAlQzMlQTAlMjBhdXRyZSUyMHBvdXIlMjByZWZsJUMzJUE5dGVyJTIwbGVzJTIwY2hhbmdlbWVudHMlMjBkYW5zJTIwbm9zJTIwcHJhdGlxdWVzJTIwZGUlMjBkb25uJUMzJUE5ZXMlMjBvdSUyMG9ibGlnYXRpb25zJTIwbCVDMyVBOWdhbGVzLiUyME5vdXMlMjB2b3VzJTIwZW5jb3VyYWdlb25zJTIwJUMzJUEwJTIwZXhhbWluZXIlMjBwJUMzJUE5cmlvZGlxdWVtZW50JTIwY2V0dGUlMjBwb2xpdGlxdWUlMjBkZSUyMGNvbmZpZGVudGlhbGl0JUMzJUE5JTIwcG91ciUyMHRvdXRlJTIwbWlzZSUyMCVDMyVBMCUyMGpvdXIuJTIwTGElMjBwb2xpdGlxdWUlMjBkZSUyMGNvbmZpZGVudGlhbGl0JUMzJUE5JTIwbWlzZSUyMCVDMyVBMCUyMGpvdXIlMjBzZXJhJTIwZWZmZWN0aXZlJTIwZCVDMyVBOHMlMjBsYSUyMHB1YmxpY2F0aW9uJTIwZGUlMjBsYSUyMHZlcnNpb24lMjByJUMzJUE5dmlzJUMzJUE5ZSUyMHN1ciUyMG5vdHJlJTIwc2l0ZSUyMHdlYi4lM0MlMkZwJTNFJTBBJTBBJTBBJTBBJTNDaDMlM0VJbmZvcm1hdGlvbnMlMjBkZSUyMGNvbnRhY3QlM0MlMkZoMyUzRSUwQSUwQSUzQ3AlMjBjbGFzcyUzRCUyMnAxJTIyJTNFU2klMjB2b3VzJTIwYXZleiUyMGRlcyUyMHF1ZXN0aW9ucyUyQyUyMGNvbW1lbnRhaXJlcyUyMG91JTIwZGVtYW5kZXMlMjBjb25jZXJuYW50JTIwY2V0dGUlMjBwb2xpdGlxdWUlMjBkZSUyMGNvbmZpZGVudGlhbGl0JUMzJUE5JTIwb3UlMjBub3MlMjBwcmF0aXF1ZXMlMjBkZSUyMGNvbmZpZGVudGlhbGl0JUMzJUE5JTJDJTIwdmV1aWxsZXolMjBub3VzJTIwY29udGFjdGVyJTIwJUMzJUEwJTNBJTNDJTJGcCUzRSUwQSUwQSUzQ3AlMjBjbGFzcyUzRCUyMnAxJTIyJTIwc3R5bGUlM0QlMjJtYXJnaW4tbGVmdCUzQSUyMDcycHglM0IlMjIlM0VGaXJzdCUyMEdlbmVyYWwlM0NiciUyMGNsYXNzJTNEJTIyYnIlMjIlM0UlMjAyNDAlMjBCYXJ0b3IlMjBSb2FkJTJDJTIwTm9ydGglMjBZb3JrJTJDJTIwT04lMkMlMjBNOU0lMjAyVzYlM0NiciUyMGNsYXNzJTNEJTIyYnIlMjIlM0UlMjAlMjg0MTYlMjklMjA2NjUtNjY4MCUzQ2JyJTIwY2xhc3MlM0QlMjJiciUyMiUzRSUyMCUzQ2ElMjBocmVmJTNEJTIyaHR0cHMlM0ElMkYlMkZ3d3cuRkdTTkEuY29tJTJGY29udGFjdCUyMiUyMHRhcmdldCUzRCUyMl9ibGFuayUyMiUzRXd3dy5GR1NOQS5jb20lMkZjb250YWN0JTNDJTJGYSUzRSUzQyUyRnAlM0UlMEElMEElMEElMEElM0NoMyUzRUFjY3VzJUMzJUE5JTIwZGUlMjByJUMzJUE5Y2VwdGlvbiUzQyUyRmgzJTNFJTBBJTNDcCUyMGNsYXNzJTNEJTIycDElMjIlM0VFbiUyMHV0aWxpc2FudCUyMG5vcyUyMHNlcnZpY2VzJTIwb3UlMjBub3RyZSUyMHNpdGUlMjB3ZWIlMkMlMjB2b3VzJTIwcmVjb25uYWlzc2V6JTIwYXZvaXIlMjBsdSUyMGV0JTIwY29tcHJpcyUyMGNldHRlJTIwcG9saXRpcXVlJTIwZGUlMjBjb25maWRlbnRpYWxpdCVDMyVBOSUyMGV0JTIwYWNjZXB0ZXolMjBsYSUyMGNvbGxlY3RlJTJDJTIwbCUyN3V0aWxpc2F0aW9uJTIwZXQlMjBsYSUyMGRpdnVsZ2F0aW9uJTIwZGUlMjB2b3MlMjBpbmZvcm1hdGlvbnMlMjBwZXJzb25uZWxsZXMlMjBjb21tZSUyMGQlQzMlQTljcml0JTIwaWNpLiUzQyUyRnAlM0UlMEE=[\/vc_raw_html][\/vc_column_inner][\/vc_row_inner][\/vc_column][\/vc_row]<\/p>\n<\/div>","protected":false},"excerpt":{"rendered":"<p>[vc_row type=\u00a0\u00bbin_grid\u00a0\u00bb text_align=\u00a0\u00bbinherit\u00a0\u00bb el_class=\u00a0\u00bbpage-int-sub-title-row\u00a0\u00bb][vc_column][vc_row_inner equal_height=\u00a0\u00bbyes\u00a0\u00bb type=\u00a0\u00bbfull_width\u00a0\u00bb text_align=\u00a0\u00bbinherit\u00a0\u00bb el_class=\u00a0\u00bbpage-int-sub-title-inner-row fix_policy_fr\u00a0\u00bb][vc_column_inner][vc_column_text css=\u00a0\u00bb\u00a0\u00bb el_class=\u00a0\u00bbdark-blue-text\u00a0\u00bb]Chez First General, nous nous engageons \u00e0 prot\u00e9ger la confidentialit\u00e9 et les informations personnelles de nos clients, employ\u00e9s et visiteurs de notre site web. Cette politique de confidentialit\u00e9 d\u00e9crit comment nous collectons, utilisons, divulguons et prot\u00e9geons les informations personnelles lors de la prestation de nos [&hellip;]<\/p>\n","protected":false},"author":1,"featured_media":0,"parent":0,"menu_order":0,"comment_status":"closed","ping_status":"closed","template":"","meta":{"_acf_changed":false,"_seopress_robots_primary_cat":"","_seopress_titles_title":"Politique de confidentialit\u00e9 | Premi\u00e8re G\u00e9n\u00e9rale Est-Ontario","_seopress_titles_desc":"D\u00e9couvrez comment Premi\u00e8re G\u00e9n\u00e9rale prot\u00e8ge vos donn\u00e9es. Consultez notre politique sur la collecte et l\u2019utilisation de vos informations.","_seopress_robots_index":"","footnotes":""},"class_list":["post-1051","page","type-page","status-publish"],"acf":[],"_links":{"self":[{"href":"https:\/\/firstgeneraleasternontario.ca\/fr\/wp-json\/wp\/v2\/pages\/1051","targetHints":{"allow":["GET"]}}],"collection":[{"href":"https:\/\/firstgeneraleasternontario.ca\/fr\/wp-json\/wp\/v2\/pages"}],"about":[{"href":"https:\/\/firstgeneraleasternontario.ca\/fr\/wp-json\/wp\/v2\/types\/page"}],"author":[{"embeddable":true,"href":"https:\/\/firstgeneraleasternontario.ca\/fr\/wp-json\/wp\/v2\/users\/1"}],"replies":[{"embeddable":true,"href":"https:\/\/firstgeneraleasternontario.ca\/fr\/wp-json\/wp\/v2\/comments?post=1051"}],"version-history":[{"count":1,"href":"https:\/\/firstgeneraleasternontario.ca\/fr\/wp-json\/wp\/v2\/pages\/1051\/revisions"}],"predecessor-version":[{"id":6012,"href":"https:\/\/firstgeneraleasternontario.ca\/fr\/wp-json\/wp\/v2\/pages\/1051\/revisions\/6012"}],"wp:attachment":[{"href":"https:\/\/firstgeneraleasternontario.ca\/fr\/wp-json\/wp\/v2\/media?parent=1051"}],"curies":[{"name":"wp","href":"https:\/\/api.w.org\/{rel}","templated":true}]}}