{"id":33989,"date":"2026-01-13T10:55:32","date_gmt":"2026-01-13T15:55:32","guid":{"rendered":"https:\/\/firstgeneraleasternontario.ca\/?page_id=33989"},"modified":"2026-02-01T22:01:58","modified_gmt":"2026-02-02T03:01:58","slug":"fenetres-portes-et-revetement-exterieur","status":"publish","type":"page","link":"https:\/\/firstgeneraleasternontario.ca\/fr\/services\/renovation\/fenetres-portes-et-revetement-exterieur\/","title":{"rendered":"Services de fen\u00eatres, portes et rev\u00eatement ext\u00e9rieur"},"content":{"rendered":"<div class=\"wpb-content-wrapper\"><p>[vc_row type=\u00a0\u00bbin_grid\u00a0\u00bb text_align=\u00a0\u00bbinherit\u00a0\u00bb el_class=\u00a0\u00bbpage-int-sub-title-row\u00a0\u00bb][vc_column][vc_row_inner equal_height=\u00a0\u00bbyes\u00a0\u00bb type=\u00a0\u00bbfull_width\u00a0\u00bb text_align=\u00a0\u00bbinherit\u00a0\u00bb el_class=\u00a0\u00bbpage-int-sub-title-reverse-inner-row page-int-sub-title-inner-row\u00a0\u00bb][vc_column_inner el_class=\u00a0\u00bbvc_col-sm-push-5&Prime; width=\u00a0\u00bb7\/12&Prime;][vc_column_text css=\u00a0\u00bb\u00a0\u00bb el_class=\u00a0\u00bbdark-blue-text\u00a0\u00bb]Chez First General Est de l\u2019Ontario, nous aidons les propri\u00e9taires \u00e0 prot\u00e9ger, am\u00e9liorer et moderniser leur maison gr\u00e2ce \u00e0 des solutions de fen\u00eatres, portes et rev\u00eatements ext\u00e9rieurs de haute qualit\u00e9. Que ce soit pour am\u00e9liorer l\u2019efficacit\u00e9 \u00e9nerg\u00e9tique, r\u00e9parer des dommages ou rehausser l\u2019apparence ext\u00e9rieure, notre \u00e9quipe exp\u00e9riment\u00e9e offre un travail fiable et des mat\u00e9riaux con\u00e7us pour r\u00e9sister au climat de l\u2019Ontario. De la consultation initiale \u00e0 l\u2019installation finale, nous mettons l\u2019accent sur la durabilit\u00e9, la performance et la valeur \u00e0 long terme.[\/vc_column_text]<a href=\"\/fr\/estimation-gratuite\/\" target=\"_self\" class=\"dist-btn\">Estimation gratuite<\/a>[\/vc_column_inner][vc_column_inner el_class=\u00a0\u00bbvc_col-sm-pull-7&Prime; width=\u00a0\u00bb5\/12&Prime; css=\u00a0\u00bb.vc_custom_1768319564530{background-image: url(https:\/\/firstgeneraleasternontario.ca\/wp-content\/uploads\/2026\/01\/firstgeneral-windows-services-img.jpg?id=34055) !important;}\u00a0\u00bb][\/vc_column_inner][\/vc_row_inner][\/vc_column][\/vc_row][vc_row type=\u00a0\u00bbin_grid\u00a0\u00bb text_align=\u00a0\u00bbinherit\u00a0\u00bb el_class=\u00a0\u00bbpadding-t-100&Prime;][vc_column][vc_row_inner type=\u00a0\u00bbfull_width\u00a0\u00bb text_align=\u00a0\u00bbinherit\u00a0\u00bb][vc_column_inner][vc_column_text css=\u00a0\u00bb\u00a0\u00bb el_class=\u00a0\u00bbtoptitle dark-blue-text fw-500&Prime;]Cat\u00e9gories de services de fen\u00eatres, portes et rev\u00eatement ext\u00e9rieur[\/vc_column_text][\/vc_column_inner][\/vc_row_inner][\/vc_column][\/vc_row][vc_row type=\u00a0\u00bbfull_width\u00a0\u00bb text_align=\u00a0\u00bbinherit\u00a0\u00bb css=\u00a0\u00bb.vc_custom_1716472629757{background-color: #4e8eff !important;}\u00a0\u00bb el_class=\u00a0\u00bbblue-row padding-b-100&Prime;][vc_column][vc_row_inner equal_height=\u00a0\u00bbyes\u00a0\u00bb type=\u00a0\u00bbfull_width\u00a0\u00bb text_align=\u00a0\u00bbinherit\u00a0\u00bb el_class=\u00a0\u00bbblue-inner-row white-text margin-t-100&Prime; css=\u00a0\u00bb.vc_custom_1716471725806{background-color: #1e6efa !important;}\u00a0\u00bb][vc_column_inner width=\u00a0\u00bb5\/12&Prime; css=\u00a0\u00bb.vc_custom_1768319487560{background-image: url(https:\/\/firstgeneraleasternontario.ca\/wp-content\/uploads\/2026\/01\/firstgeneral-windows-img.jpg?id=34053) !important;}\u00a0\u00bb][\/vc_column_inner][vc_column_inner el_class=\u00a0\u00bbpadding-50&Prime; width=\u00a0\u00bb7\/12&Prime;][vc_column_text css=\u00a0\u00bb\u00a0\u00bb el_class=\u00a0\u00bbblue-row-title tt-uppercase\u00a0\u00bb]<\/p>\n<h2>Fen\u00eatres<\/h2>\n<p>[\/vc_column_text][vc_column_text css=\u00a0\u00bb\u00a0\u00bb]Des fen\u00eatres neuves ou correctement install\u00e9es peuvent grandement am\u00e9liorer le confort, l\u2019efficacit\u00e9 \u00e9nerg\u00e9tique et l\u2019apparence de votre propri\u00e9t\u00e9. First General Est de l\u2019Ontario installe et remplace une vaste gamme de styles de fen\u00eatres, en assurant un ajustement pr\u00e9cis et une \u00e9tanch\u00e9it\u00e9 optimale. Nous travaillons avec des produits de qualit\u00e9 con\u00e7us pour r\u00e9duire les courants d\u2019air, am\u00e9liorer l\u2019isolation et maximiser la lumi\u00e8re naturelle, contribuant ainsi \u00e0 r\u00e9duire les co\u00fbts \u00e9nerg\u00e9tiques tout en augmentant la valeur globale de votre maison.<\/p>\n<p>Nous travaillons avec la compagnie \u2018Stage Windows\u2019 comme fabricant de fen\u00eatres.<br \/>\nNous offrons un large choix de fen\u00eatres : \u00e0 guillotine double, \u00e0 battant, coulissantes, fixes (picture), en baie et bow, ainsi qu\u2019\u00e0 auvent.[\/vc_column_text]<a href=\"\/fr\/estimation-gratuite\/\" target=\"_self\" class=\"dist-btn type2\">Estimation gratuite<\/a>[\/vc_column_inner][\/vc_row_inner][vc_row_inner equal_height=\u00a0\u00bbyes\u00a0\u00bb content_placement=\u00a0\u00bbbottom\u00a0\u00bb type=\u00a0\u00bbfull_width\u00a0\u00bb text_align=\u00a0\u00bbinherit\u00a0\u00bb el_class=\u00a0\u00bbblue-inner-row white-text margin-t-100&Prime; css=\u00a0\u00bb.vc_custom_1716470869507{background-color: #1e6efa !important;}\u00a0\u00bb][vc_column_inner el_class=\u00a0\u00bbvc_col-sm-push-7&Prime; width=\u00a0\u00bb5\/12&Prime; css=\u00a0\u00bb.vc_custom_1768319358735{background-image: url(https:\/\/firstgeneraleasternontario.ca\/wp-content\/uploads\/2024\/05\/first-general-eo-renovation-exterior-window-replacement-img.jpg?id=417) !important;}\u00a0\u00bb][\/vc_column_inner][vc_column_inner el_class=\u00a0\u00bbvc_col-sm-pull-5 padding-50&Prime; width=\u00a0\u00bb7\/12&Prime;][vc_column_text css=\u00a0\u00bb\u00a0\u00bb el_class=\u00a0\u00bbblue-row-title tt-uppercase\u00a0\u00bb]<\/p>\n<h2>Portes ext\u00e9rieures<\/h2>\n<p>[\/vc_column_text][vc_column_text css=\u00a0\u00bb\u00a0\u00bb]Vos portes jouent un r\u00f4le essentiel tant sur le plan de la s\u00e9curit\u00e9 que du style. Nous offrons l\u2019installation et le remplacement professionnels de portes ext\u00e9rieures, incluant les portes d\u2019entr\u00e9e, les portes-patio et les portes sp\u00e9cialis\u00e9es. Notre \u00e9quipe veille \u00e0 ce que chaque porte soit install\u00e9e correctement afin d\u2019assurer un fonctionnement fluide, une \u00e9tanch\u00e9it\u00e9 ad\u00e9quate et une performance durable. Que vous souhaitiez am\u00e9liorer la s\u00e9curit\u00e9, l\u2019efficacit\u00e9 \u00e9nerg\u00e9tique ou l\u2019apparence ext\u00e9rieure de votre maison, nous proposons des solutions qui allient solidit\u00e9, fonctionnalit\u00e9 et design.<\/p>\n<p>Nous travaillons avec la compagnie \u2018Novatech\u2019 pour les portes d\u2019entr\u00e9e ext\u00e9rieures. Une grande vari\u00e9t\u00e9 de mod\u00e8les est disponible pour r\u00e9pondre \u00e0 vos besoins et \u00e0 vos pr\u00e9f\u00e9rences.<br \/>\n[\/vc_column_text]<a href=\"\/fr\/estimation-gratuite\/\" target=\"_self\" class=\"dist-btn type2\">Estimation gratuite<\/a>[\/vc_column_inner][\/vc_row_inner][vc_row_inner equal_height=\u00a0\u00bbyes\u00a0\u00bb type=\u00a0\u00bbfull_width\u00a0\u00bb text_align=\u00a0\u00bbinherit\u00a0\u00bb el_class=\u00a0\u00bbblue-inner-row white-text margin-t-100&Prime; css=\u00a0\u00bb.vc_custom_1716471718508{background-color: #1e6efa !important;}\u00a0\u00bb][vc_column_inner width=\u00a0\u00bb5\/12&Prime; css=\u00a0\u00bb.vc_custom_1768319380967{background-image: url(https:\/\/firstgeneraleasternontario.ca\/wp-content\/uploads\/2024\/05\/first-general-eo-renovation-exterior-siding-img.jpg?id=394) !important;}\u00a0\u00bb][\/vc_column_inner][vc_column_inner el_class=\u00a0\u00bbpadding-50&Prime; width=\u00a0\u00bb7\/12&Prime;][vc_column_text css=\u00a0\u00bb\u00a0\u00bb el_class=\u00a0\u00bbblue-row-title tt-uppercase\u00a0\u00bb]<\/p>\n<h2>Rev\u00eatement ext\u00e9rieur<\/h2>\n<p>[\/vc_column_text][vc_column_text css=\u00a0\u00bb\u00a0\u00bb]Un rev\u00eatement de qualit\u00e9 prot\u00e8ge votre propri\u00e9t\u00e9 contre les intemp\u00e9ries tout en lui donnant une apparence moderne et soign\u00e9e. First General Est de l\u2019Ontario offre des services d\u2019installation et de remplacement de rev\u00eatement ext\u00e9rieur qui am\u00e9liorent la durabilit\u00e9, l\u2019isolation et l\u2019attrait visuel de votre maison. Nous utilisons des mat\u00e9riaux \u00e9prouv\u00e9s qui r\u00e9sistent \u00e0 l\u2019humidit\u00e9, au vent et aux variations de temp\u00e9rature, aidant ainsi \u00e0 prot\u00e9ger la structure tout en r\u00e9duisant l\u2019entretien et en am\u00e9liorant l\u2019esth\u00e9tique ext\u00e9rieure.<\/p>\n<p>Nous utilisons des produits provenant de plusieurs fournisseurs diff\u00e9rents.<br \/>\nSelon le sch\u00e9ma de couleurs et le style souhait\u00e9, nous pouvons assur\u00e9ment trouver la solution id\u00e9ale. Soyez sans souci : nous collaborons avec de nombreux fournisseurs fiables pour mener \u00e0 bien les projets de rev\u00eatement ext\u00e9rieur.[\/vc_column_text]<a href=\"\/fr\/estimation-gratuite\/\" target=\"_self\" class=\"dist-btn type2\">Estimation gratuite<\/a>[\/vc_column_inner][\/vc_row_inner][\/vc_column][\/vc_row][vc_row type=\u00a0\u00bbin_grid\u00a0\u00bb text_align=\u00a0\u00bbinherit\u00a0\u00bb css=\u00a0\u00bb.vc_custom_1716475717507{background-color: #0a1c3a !important;}\u00a0\u00bb el_class=\u00a0\u00bbin-service-years-row\u00a0\u00bb][vc_column][vc_row_inner equal_height=\u00a0\u00bbyes\u00a0\u00bb type=\u00a0\u00bbfull_width\u00a0\u00bb text_align=\u00a0\u00bbinherit\u00a0\u00bb el_class=\u00a0\u00bbin-service-years-inner-row\u00a0\u00bb][vc_column_inner el_class=\u00a0\u00bbpadding-50 white-text\u00a0\u00bb width=\u00a0\u00bb2\/3&Prime;][vc_column_text css=\u00a0\u00bb\u00a0\u00bb el_class=\u00a0\u00bbtt-uppercase\u00a0\u00bb]<\/p>\n<h2>En service depuis plus de 40 ans !<\/h2>\n<p>[\/vc_column_text][vc_column_text css=\u00a0\u00bb\u00a0\u00bb]First General Eastern Ontario est un leader dans l&rsquo;industrie de la construction depuis <strong>41 ans<\/strong>, gr\u00e2ce \u00e0 notre capacit\u00e9 \u00e0 d\u00e9finir les normes de travail dans notre secteur. Nous sommes fiers d&rsquo;\u00eatre des entrepreneurs et de faire un travail honn\u00eate pour nos clients qui n\u00e9cessitent nos services.[\/vc_column_text]<a href=\"\/fr\/a-propos\/\" target=\"_self\" class=\"dist-btn\">En savoir plus<\/a>[\/vc_column_inner][vc_column_inner width=\u00a0\u00bb1\/3&Prime; css=\u00a0\u00bb.vc_custom_1716476064222{background-image: url(https:\/\/firstgeneraleasternontario.ca\/wp-content\/uploads\/2024\/05\/first-general-eo-service-years-img.png?id=439) !important;}\u00a0\u00bb][\/vc_column_inner][\/vc_row_inner][\/vc_column][\/vc_row][vc_row type=\u00a0\u00bbin_grid\u00a0\u00bb text_align=\u00a0\u00bbleft\u00a0\u00bb][vc_column][vc_empty_space][vc_column_text css=\u00a0\u00bb\u00a0\u00bb]<\/p>\n<h2>Questions fr\u00e9quentes sur les services de fen\u00eatres, portes et rev\u00eatement ext\u00e9rieur<\/h2>\n<p>[\/vc_column_text][vc_empty_space]\t\t<div class=\"dist-accordion\" data-type=\"accordion\">\r\n\t\t\t\t\t<div class=\"dist-accordion-section open\">\r\n\t\t\t<div class=\"dist-accordion-title\"><h4>Quels types de services de fen\u00eatres offrez-vous?<\/h4><\/div>\r\n\t\t\t<div class=\"dist-accordion-content\" style=\"display: block;\">[vc_column_text css=\u00a0\u00bb\u00a0\u00bb]Nous offrons des services professionnels d\u2019installation et de remplacement de fen\u00eatres, y compris des options \u00e9co\u00e9nerg\u00e9tiques et r\u00e9sistantes aux intemp\u00e9ries, con\u00e7ues pour am\u00e9liorer le confort et r\u00e9duire les co\u00fbts \u00e9nerg\u00e9tiques de votre maison.[\/vc_column_text]<\/div>\r\n\t\t<\/div>\r\n\t\t\t\t<div class=\"dist-accordion-section\">\r\n\t\t\t<div class=\"dist-accordion-title\"><h4>Pouvez-vous remplacer mes portes existantes?<\/h4><\/div>\r\n\t\t\t<div class=\"dist-accordion-content\">[vc_column_text css=\u00a0\u00bb\u00a0\u00bb]Oui. Nous installons et rempla\u00e7ons les portes ext\u00e9rieures, y compris les portes d\u2019entr\u00e9e, les portes patio et les portes coulissantes. Nous vous aidons \u00e0 choisir des options durables et esth\u00e9tiques qui am\u00e9liorent la s\u00e9curit\u00e9 et s\u2019harmonisent avec l\u2019ext\u00e9rieur de votre maison.[\/vc_column_text]<\/div>\r\n\t\t<\/div>\r\n\t\t\t\t<div class=\"dist-accordion-section\">\r\n\t\t\t<div class=\"dist-accordion-title\"><h4>Quelles options de rev\u00eatement ext\u00e9rieur proposez-vous?<\/h4><\/div>\r\n\t\t\t<div class=\"dist-accordion-content\">[vc_column_text css=\u00a0\u00bb\u00a0\u00bb]Nous offrons une vari\u00e9t\u00e9 de mat\u00e9riaux de rev\u00eatement tels que le vinyle, le fibrociment et le bois d\u2019ing\u00e9nierie. Chaque type offre des avantages diff\u00e9rents en termes de durabilit\u00e9, d\u2019apparence et d\u2019entretien. Nous vous aidons \u00e0 choisir ce qui convient le mieux \u00e0 votre maison et \u00e0 votre budget.[\/vc_column_text]<\/div>\r\n\t\t<\/div>\r\n\t\t\t\t<div class=\"dist-accordion-section\">\r\n\t\t\t<div class=\"dist-accordion-title\"><h4>Comment de nouvelles fen\u00eatres, portes ou rev\u00eatement peuvent-ils am\u00e9liorer ma maison?<\/h4><\/div>\r\n\t\t\t<div class=\"dist-accordion-content\">[vc_column_text css=\u00a0\u00bb\u00a0\u00bb]De nouvelles fen\u00eatres, portes et un rev\u00eatement am\u00e9lior\u00e9 peuvent augmenter l\u2019efficacit\u00e9 \u00e9nerg\u00e9tique, rehausser l\u2019apparence ext\u00e9rieure, r\u00e9duire l\u2019entretien, accro\u00eetre la valeur de la maison et offrir une meilleure protection contre les \u00e9l\u00e9ments.[\/vc_column_text]<\/div>\r\n\t\t<\/div>\r\n\t\t\t\t<div class=\"dist-accordion-section\">\r\n\t\t\t<div class=\"dist-accordion-title\"><h4>Vos installations sont-elles adapt\u00e9es au climat de l\u2019Ontario?<\/h4><\/div>\r\n\t\t\t<div class=\"dist-accordion-content\">[vc_column_text css=\u00a0\u00bb\u00a0\u00bb]Oui. Tous les produits et les techniques d\u2019installation sont choisis en fonction du climat ontarien pour assurer la durabilit\u00e9, la r\u00e9sistance aux intemp\u00e9ries et une performance \u00e0 long terme face aux variations saisonni\u00e8res et \u00e0 l\u2019humidit\u00e9.[\/vc_column_text]<\/div>\r\n\t\t<\/div>\r\n\t\t\t\t<div class=\"dist-accordion-section\">\r\n\t\t\t<div class=\"dist-accordion-title\"><h4>G\u00e9rez-vous \u00e0 la fois l\u2019installation et le remplacement?<\/h4><\/div>\r\n\t\t\t<div class=\"dist-accordion-content\">[vc_column_text css=\u00a0\u00bb\u00a0\u00bb]Oui. Nous offrons un service complet, de l\u2019enl\u00e8vement des anciens mat\u00e9riaux \u00e0 l\u2019installation des nouvelles fen\u00eatres, portes ou rev\u00eatement. Que vous souhaitiez une mise \u00e0 niveau, une r\u00e9paration ou un remplacement complet, nous supervisons le processus du d\u00e9but \u00e0 la fin.[\/vc_column_text]<\/div>\r\n\t\t<\/div>\r\n\t\t\t\t<div class=\"dist-accordion-section\">\r\n\t\t\t<div class=\"dist-accordion-title\"><h4>Combien de temps prend g\u00e9n\u00e9ralement un projet de fen\u00eatres, portes ou rev\u00eatement ext\u00e9rieur?<\/h4><\/div>\r\n\t\t\t<div class=\"dist-accordion-content\">[vc_column_text css=\u00a0\u00bb\u00a0\u00bb]La dur\u00e9e d\u00e9pend de l\u2019ampleur et de la taille du projet. Lors de votre consultation, nous vous fournirons une estimation claire du d\u00e9lai en fonction de vos besoins particuliers.[\/vc_column_text]<\/div>\r\n\t\t<\/div>\r\n\t\t\t\t<\/div>\r\n\t\t[\/vc_column][\/vc_row]<\/p>\n<\/div>","protected":false},"excerpt":{"rendered":"<p>[vc_row type=\u00a0\u00bbin_grid\u00a0\u00bb text_align=\u00a0\u00bbinherit\u00a0\u00bb el_class=\u00a0\u00bbpage-int-sub-title-row\u00a0\u00bb][vc_column][vc_row_inner equal_height=\u00a0\u00bbyes\u00a0\u00bb type=\u00a0\u00bbfull_width\u00a0\u00bb text_align=\u00a0\u00bbinherit\u00a0\u00bb el_class=\u00a0\u00bbpage-int-sub-title-reverse-inner-row page-int-sub-title-inner-row\u00a0\u00bb][vc_column_inner el_class=\u00a0\u00bbvc_col-sm-push-5&Prime; width=\u00a0\u00bb7\/12&Prime;][vc_column_text css=\u00a0\u00bb\u00a0\u00bb el_class=\u00a0\u00bbdark-blue-text\u00a0\u00bb]Chez First General Est de l\u2019Ontario, nous aidons les propri\u00e9taires \u00e0 prot\u00e9ger, am\u00e9liorer et moderniser leur maison gr\u00e2ce \u00e0 des solutions de fen\u00eatres, portes et rev\u00eatements ext\u00e9rieurs de haute qualit\u00e9. Que ce soit pour am\u00e9liorer l\u2019efficacit\u00e9 \u00e9nerg\u00e9tique, r\u00e9parer des dommages ou rehausser l\u2019apparence [&hellip;]<\/p>\n","protected":false},"author":1,"featured_media":0,"parent":851,"menu_order":0,"comment_status":"closed","ping_status":"closed","template":"","meta":{"_acf_changed":false,"_seopress_robots_primary_cat":"","_seopress_titles_title":"R\u00e9novation de fen\u00eatres, portes et rev\u00eatement ext\u00e9rieur","_seopress_titles_desc":"R\u00e9novation et remplacement de fen\u00eatres, portes et rev\u00eatement ext\u00e9rieur pour am\u00e9liorer l\u2019efficacit\u00e9 \u00e9nerg\u00e9tique et prot\u00e9ger votre b\u00e2timent en Ontario Est.","_seopress_robots_index":"","footnotes":""},"class_list":["post-33989","page","type-page","status-publish"],"acf":[],"_links":{"self":[{"href":"https:\/\/firstgeneraleasternontario.ca\/fr\/wp-json\/wp\/v2\/pages\/33989","targetHints":{"allow":["GET"]}}],"collection":[{"href":"https:\/\/firstgeneraleasternontario.ca\/fr\/wp-json\/wp\/v2\/pages"}],"about":[{"href":"https:\/\/firstgeneraleasternontario.ca\/fr\/wp-json\/wp\/v2\/types\/page"}],"author":[{"embeddable":true,"href":"https:\/\/firstgeneraleasternontario.ca\/fr\/wp-json\/wp\/v2\/users\/1"}],"replies":[{"embeddable":true,"href":"https:\/\/firstgeneraleasternontario.ca\/fr\/wp-json\/wp\/v2\/comments?post=33989"}],"version-history":[{"count":6,"href":"https:\/\/firstgeneraleasternontario.ca\/fr\/wp-json\/wp\/v2\/pages\/33989\/revisions"}],"predecessor-version":[{"id":37331,"href":"https:\/\/firstgeneraleasternontario.ca\/fr\/wp-json\/wp\/v2\/pages\/33989\/revisions\/37331"}],"up":[{"embeddable":true,"href":"https:\/\/firstgeneraleasternontario.ca\/fr\/wp-json\/wp\/v2\/pages\/851"}],"wp:attachment":[{"href":"https:\/\/firstgeneraleasternontario.ca\/fr\/wp-json\/wp\/v2\/media?parent=33989"}],"curies":[{"name":"wp","href":"https:\/\/api.w.org\/{rel}","templated":true}]}}