{"id":34034,"date":"2026-01-13T10:56:35","date_gmt":"2026-01-13T15:56:35","guid":{"rendered":"https:\/\/firstgeneraleasternontario.ca\/?page_id=34034"},"modified":"2026-02-01T21:50:12","modified_gmt":"2026-02-02T02:50:12","slug":"salles-de-bain","status":"publish","type":"page","link":"https:\/\/firstgeneraleasternontario.ca\/fr\/services\/renovation\/salles-de-bain\/","title":{"rendered":"Salles de bain"},"content":{"rendered":"<div class=\"wpb-content-wrapper\"><p>[vc_row type=\u00a0\u00bbin_grid\u00a0\u00bb text_align=\u00a0\u00bbinherit\u00a0\u00bb el_class=\u00a0\u00bbpage-int-sub-title-row\u00a0\u00bb][vc_column][vc_row_inner equal_height=\u00a0\u00bbyes\u00a0\u00bb type=\u00a0\u00bbfull_width\u00a0\u00bb text_align=\u00a0\u00bbinherit\u00a0\u00bb el_class=\u00a0\u00bbpage-int-sub-title-reverse-inner-row page-int-sub-title-inner-row\u00a0\u00bb][vc_column_inner el_class=\u00a0\u00bbvc_col-sm-push-5&Prime; width=\u00a0\u00bb7\/12&Prime;][vc_column_text css=\u00a0\u00bb\u00a0\u00bb el_class=\u00a0\u00bbdark-blue-text\u00a0\u00bb]Chez First General Est de l\u2019Ontario, nous nous sp\u00e9cialisons dans la transformation de salles de bain en espaces fonctionnels, confortables et modernes. Que vous souhaitez moderniser une salle de bain d\u00e9su\u00e8te, r\u00e9parer des dommages ou planifier une r\u00e9novation compl\u00e8te, notre \u00e9quipe exp\u00e9riment\u00e9e prend en charge chaque \u00e9tape du projet. Nous misons sur un travail de qualit\u00e9, des \u00e9ch\u00e9anciers efficaces et des solutions adapt\u00e9es \u00e0 votre style, \u00e0 votre budget et \u00e0 vos besoins quotidiens.[\/vc_column_text]<a href=\"\/fr\/estimation-gratuite\/\" target=\"_self\" class=\"dist-btn\">Estimation gratuite<\/a>[\/vc_column_inner][vc_column_inner el_class=\u00a0\u00bbvc_col-sm-pull-7&Prime; width=\u00a0\u00bb5\/12&Prime; css=\u00a0\u00bb.vc_custom_1768318886294{background-image: url(https:\/\/firstgeneraleasternontario.ca\/wp-content\/uploads\/2026\/01\/firstgeneral-bathroom-img.jpg?id=34050) !important;}\u00a0\u00bb][\/vc_column_inner][\/vc_row_inner][\/vc_column][\/vc_row][vc_row type=\u00a0\u00bbin_grid\u00a0\u00bb text_align=\u00a0\u00bbinherit\u00a0\u00bb el_class=\u00a0\u00bbpadding-t-100&Prime;][vc_column][vc_row_inner type=\u00a0\u00bbfull_width\u00a0\u00bb text_align=\u00a0\u00bbinherit\u00a0\u00bb][vc_column_inner][vc_column_text css=\u00a0\u00bb\u00a0\u00bb el_class=\u00a0\u00bbtoptitle dark-blue-text fw-500&Prime;]Cat\u00e9gories de services de salles de bain[\/vc_column_text][\/vc_column_inner][\/vc_row_inner][\/vc_column][\/vc_row][vc_row type=\u00a0\u00bbfull_width\u00a0\u00bb text_align=\u00a0\u00bbinherit\u00a0\u00bb css=\u00a0\u00bb.vc_custom_1716472629757{background-color: #4e8eff !important;}\u00a0\u00bb el_class=\u00a0\u00bbblue-row padding-b-100&Prime;][vc_column][vc_row_inner equal_height=\u00a0\u00bbyes\u00a0\u00bb type=\u00a0\u00bbfull_width\u00a0\u00bb text_align=\u00a0\u00bbinherit\u00a0\u00bb el_class=\u00a0\u00bbblue-inner-row white-text margin-t-100&Prime; css=\u00a0\u00bb.vc_custom_1716471725806{background-color: #1e6efa !important;}\u00a0\u00bb][vc_column_inner width=\u00a0\u00bb5\/12&Prime; css=\u00a0\u00bb.vc_custom_1768318600397{background-image: url(https:\/\/firstgeneraleasternontario.ca\/wp-content\/uploads\/2026\/01\/firstgeneral-bathroom-renovations-img.jpg?id=34043) !important;}\u00a0\u00bb][\/vc_column_inner][vc_column_inner el_class=\u00a0\u00bbpadding-50&Prime; width=\u00a0\u00bb7\/12&Prime;][vc_column_text css=\u00a0\u00bb\u00a0\u00bb el_class=\u00a0\u00bbblue-row-title tt-uppercase\u00a0\u00bb]<\/p>\n<h2>R\u00e9novations de salle de bain<\/h2>\n<p>[\/vc_column_text][vc_column_text css=\u00a0\u00bb\u00a0\u00bb]Une r\u00e9novation de salle de bain bien con\u00e7ue peut am\u00e9liorer consid\u00e9rablement le confort et la valeur de votre propri\u00e9t\u00e9. First General Est de l\u2019Ontario offre des services complets de r\u00e9novation de salle de bain, incluant les modifications de configuration, la mise \u00e0 jour des accessoires, le carrelage et les finis. Nous travaillons \u00e9troitement avec nos clients afin de cr\u00e9er des espaces pratiques et attrayants, alliant design et durabilit\u00e9 pour des r\u00e9sultats adapt\u00e9s \u00e0 l\u2019utilisation quotidienne.[\/vc_column_text]<a href=\"\/fr\/estimation-gratuite\/\" target=\"_self\" class=\"dist-btn type2\">Estimation gratuite<\/a>[\/vc_column_inner][\/vc_row_inner][vc_row_inner equal_height=\u00a0\u00bbyes\u00a0\u00bb content_placement=\u00a0\u00bbbottom\u00a0\u00bb type=\u00a0\u00bbfull_width\u00a0\u00bb text_align=\u00a0\u00bbinherit\u00a0\u00bb el_class=\u00a0\u00bbblue-inner-row white-text margin-t-100&Prime; css=\u00a0\u00bb.vc_custom_1716470869507{background-color: #1e6efa !important;}\u00a0\u00bb][vc_column_inner el_class=\u00a0\u00bbvc_col-sm-push-7&Prime; width=\u00a0\u00bb5\/12&Prime; css=\u00a0\u00bb.vc_custom_1768318620309{background-image: url(https:\/\/firstgeneraleasternontario.ca\/wp-content\/uploads\/2026\/01\/firstgeneral-bathroom-repairs-upgrades-img.jpg?id=34045) !important;}\u00a0\u00bb][\/vc_column_inner][vc_column_inner el_class=\u00a0\u00bbvc_col-sm-pull-5 padding-50&Prime; width=\u00a0\u00bb7\/12&Prime;][vc_column_text css=\u00a0\u00bb\u00a0\u00bb el_class=\u00a0\u00bbblue-row-title tt-uppercase\u00a0\u00bb]<\/p>\n<h2>R\u00e9parations et am\u00e9liorations de salle de bain<\/h2>\n<p>[\/vc_column_text][vc_column_text css=\u00a0\u00bb\u00a0\u00bb]Les salles de bain sont des espaces tr\u00e8s utilis\u00e9s qui n\u00e9cessitent des mat\u00e9riaux durables et une installation professionnelle. First General Est de l\u2019Ontario s\u2019occupe de tout, des am\u00e9liorations mineures aux r\u00e9parations majeures, incluant les r\u00e9parations li\u00e9es \u00e0 la plomberie, la restauration apr\u00e8s d\u00e9g\u00e2ts d\u2019eau et le remplacement des accessoires. Notre objectif est de r\u00e9tablir rapidement la fonctionnalit\u00e9 tout en am\u00e9liorant l\u2019apparence et l\u2019efficacit\u00e9 globale de votre salle de bain.[\/vc_column_text]<a href=\"\/fr\/estimation-gratuite\/\" target=\"_self\" class=\"dist-btn type2\">Estimation gratuite<\/a>[\/vc_column_inner][\/vc_row_inner][vc_row_inner equal_height=\u00a0\u00bbyes\u00a0\u00bb type=\u00a0\u00bbfull_width\u00a0\u00bb text_align=\u00a0\u00bbinherit\u00a0\u00bb el_class=\u00a0\u00bbblue-inner-row white-text margin-t-100&Prime; css=\u00a0\u00bb.vc_custom_1716471718508{background-color: #1e6efa !important;}\u00a0\u00bb][vc_column_inner width=\u00a0\u00bb5\/12&Prime; css=\u00a0\u00bb.vc_custom_1768318637871{background-image: url(https:\/\/firstgeneraleasternontario.ca\/wp-content\/uploads\/2026\/01\/firstgeneral-bathroom-modifications-accessibility-img.jpg?id=34047) !important;}\u00a0\u00bb][\/vc_column_inner][vc_column_inner el_class=\u00a0\u00bbpadding-50&Prime; width=\u00a0\u00bb7\/12&Prime;][vc_column_text css=\u00a0\u00bb\u00a0\u00bb el_class=\u00a0\u00bbblue-row-title tt-uppercase\u00a0\u00bb]<\/p>\n<h2>Modifications et accessibilit\u00e9 de la salle de bain<\/h2>\n<p>[\/vc_column_text][vc_column_text css=\u00a0\u00bb\u00a0\u00bb]Nous offrons des modifications de salle de bain visant \u00e0 am\u00e9liorer la s\u00e9curit\u00e9, l\u2019accessibilit\u00e9 et la facilit\u00e9 d\u2019utilisation. Qu\u2019il s\u2019agisse de l\u2019installation de douches sans seuil, de barres d\u2019appui ou de l\u2019ajustement de la configuration et des \u00e9quipements, notre \u00e9quipe propose des solutions adapt\u00e9es aux besoins de mobilit\u00e9 changeants. Ces am\u00e9liorations permettent aux propri\u00e9taires de conserver leur autonomie tout en cr\u00e9ant une salle de bain \u00e0 la fois s\u00e9curitaire et esth\u00e9tique.[\/vc_column_text]<a href=\"\/fr\/estimation-gratuite\/\" target=\"_self\" class=\"dist-btn type2\">Estimation gratuite<\/a>[\/vc_column_inner][\/vc_row_inner][\/vc_column][\/vc_row][vc_row type=\u00a0\u00bbin_grid\u00a0\u00bb text_align=\u00a0\u00bbinherit\u00a0\u00bb css=\u00a0\u00bb.vc_custom_1716475717507{background-color: #0a1c3a !important;}\u00a0\u00bb el_class=\u00a0\u00bbin-service-years-row\u00a0\u00bb][vc_column][vc_row_inner equal_height=\u00a0\u00bbyes\u00a0\u00bb type=\u00a0\u00bbfull_width\u00a0\u00bb text_align=\u00a0\u00bbinherit\u00a0\u00bb el_class=\u00a0\u00bbin-service-years-inner-row\u00a0\u00bb][vc_column_inner el_class=\u00a0\u00bbpadding-50 white-text\u00a0\u00bb width=\u00a0\u00bb2\/3&Prime;][vc_column_text css=\u00a0\u00bb\u00a0\u00bb el_class=\u00a0\u00bbtt-uppercase\u00a0\u00bb]<\/p>\n<h2>En service depuis plus de 40 ans !<\/h2>\n<p>[\/vc_column_text][vc_column_text css=\u00a0\u00bb\u00a0\u00bb]First General Eastern Ontario est un leader dans l&rsquo;industrie de la construction depuis <strong>41 ans<\/strong>, gr\u00e2ce \u00e0 notre capacit\u00e9 \u00e0 d\u00e9finir les normes de travail dans notre secteur. Nous sommes fiers d&rsquo;\u00eatre des entrepreneurs et de faire un travail honn\u00eate pour nos clients qui n\u00e9cessitent nos services.[\/vc_column_text]<a href=\"\/fr\/a-propos\/\" target=\"_self\" class=\"dist-btn\">En savoir plus<\/a>[\/vc_column_inner][vc_column_inner width=\u00a0\u00bb1\/3&Prime; css=\u00a0\u00bb.vc_custom_1716476064222{background-image: url(https:\/\/firstgeneraleasternontario.ca\/wp-content\/uploads\/2024\/05\/first-general-eo-service-years-img.png?id=439) !important;}\u00a0\u00bb][\/vc_column_inner][\/vc_row_inner][\/vc_column][\/vc_row][vc_row type=\u00a0\u00bbin_grid\u00a0\u00bb text_align=\u00a0\u00bbleft\u00a0\u00bb][vc_column][vc_empty_space][vc_column_text css=\u00a0\u00bb\u00a0\u00bb]<\/p>\n<h2>Questions fr\u00e9quentes sur les services de r\u00e9novation de salles de bain<\/h2>\n<p>[\/vc_column_text][vc_empty_space]\t\t<div class=\"dist-accordion\" data-type=\"accordion\">\r\n\t\t\t\t\t<div class=\"dist-accordion-section open\">\r\n\t\t\t<div class=\"dist-accordion-title\"><h4>Quels services de r\u00e9novation de salle de bain offrez-vous?<\/h4><\/div>\r\n\t\t\t<div class=\"dist-accordion-content\" style=\"display: block;\">[vc_column_text css=\u00a0\u00bb\u00a0\u00bb]Nous offrons des services complets de r\u00e9novation de salle de bain, y compris la conception personnalis\u00e9e, la mise \u00e0 niveau des accessoires, l\u2019installation de douches et de baignoires, le rev\u00eatement de sols et de carreaux, l\u2019\u00e9clairage et l\u2019am\u00e9lioration g\u00e9n\u00e9rale de l\u2019agencement selon vos besoins.[\/vc_column_text]<\/div>\r\n\t\t<\/div>\r\n\t\t\t\t<div class=\"dist-accordion-section\">\r\n\t\t\t<div class=\"dist-accordion-title\"><h4>Pouvez-vous repenser l\u2019agencement de ma salle de bain?<\/h4><\/div>\r\n\t\t\t<div class=\"dist-accordion-content\">[vc_column_text css=\u00a0\u00bb\u00a0\u00bb]Oui. Notre \u00e9quipe travaille avec les propri\u00e9taires pour \u00e9valuer l\u2019agencement actuel et recommander des changements pratiques qui am\u00e9liorent la fonctionnalit\u00e9, optimisent l\u2019espace et modernisent l\u2019apparence de la salle de bain.[\/vc_column_text]<\/div>\r\n\t\t<\/div>\r\n\t\t\t\t<div class=\"dist-accordion-section\">\r\n\t\t\t<div class=\"dist-accordion-title\"><h4>Installez-vous de nouveaux accessoires et finis?<\/h4><\/div>\r\n\t\t\t<div class=\"dist-accordion-content\">[vc_column_text css=\u00a0\u00bb\u00a0\u00bb]Absolument. Nous installons des toilettes, lavabos, vanit\u00e9s, douches, baignoires, robinets, luminaires et autres accessoires. Nous recommandons des produits durables, efficaces et esth\u00e9tiques pour votre espace.[\/vc_column_text]<\/div>\r\n\t\t<\/div>\r\n\t\t\t\t<div class=\"dist-accordion-section\">\r\n\t\t\t<div class=\"dist-accordion-title\"><h4>G\u00e9rez-vous les travaux de plomberie et d\u2019\u00e9lectricit\u00e9?<\/h4><\/div>\r\n\t\t\t<div class=\"dist-accordion-content\">[vc_column_text css=\u00a0\u00bb\u00a0\u00bb]Oui. Les r\u00e9novations de salle de bain impliquent souvent des travaux de plomberie et d\u2019\u00e9lectricit\u00e9. Nos professionnels coordonnent ces travaux de mani\u00e8re s\u00e9curitaire et conforme aux normes, pour une installation fonctionnelle et conforme.[\/vc_column_text]<\/div>\r\n\t\t<\/div>\r\n\t\t\t\t<div class=\"dist-accordion-section\">\r\n\t\t\t<div class=\"dist-accordion-title\"><h4>Vos r\u00e9novations de salles de bain sont-elles personnalis\u00e9es selon mes besoins?<\/h4><\/div>\r\n\t\t\t<div class=\"dist-accordion-content\">[vc_column_text css=\u00a0\u00bb\u00a0\u00bb]Oui. Chaque projet est adapt\u00e9 \u00e0 vos pr\u00e9f\u00e9rences, \u00e0 votre budget et \u00e0 votre propri\u00e9t\u00e9. Nous vous guidons dans le choix des mat\u00e9riaux, des options de design et des finis qui correspondent \u00e0 votre style et \u00e0 vos besoins pratiques.[\/vc_column_text]<\/div>\r\n\t\t<\/div>\r\n\t\t\t\t<div class=\"dist-accordion-section\">\r\n\t\t\t<div class=\"dist-accordion-title\"><h4>Combien de temps dure g\u00e9n\u00e9ralement une r\u00e9novation de salle de bain?<\/h4><\/div>\r\n\t\t\t<div class=\"dist-accordion-content\">[vc_column_text css=\u00a0\u00bb\u00a0\u00bb]La dur\u00e9e d\u00e9pend de l\u2019ampleur du projet. Les petites r\u00e9novations peuvent prendre quelques jours, tandis que les r\u00e9novations compl\u00e8tes peuvent n\u00e9cessiter une \u00e0 plusieurs semaines. Nous fournissons des d\u00e9lais clairs lors de la consultation.[\/vc_column_text]<\/div>\r\n\t\t<\/div>\r\n\t\t\t\t<div class=\"dist-accordion-section\">\r\n\t\t\t<div class=\"dist-accordion-title\"><h4>Travaillez-vous avec des marques ou mat\u00e9riaux sp\u00e9cifiques?<\/h4><\/div>\r\n\t\t\t<div class=\"dist-accordion-content\">[vc_column_text css=\u00a0\u00bb\u00a0\u00bb]Nous travaillons avec des mat\u00e9riaux de qualit\u00e9 et des fournisseurs r\u00e9put\u00e9s adapt\u00e9s aux salles de bain et aux conditions climatiques de l\u2019Ontario. Nous pouvons recommander des options selon la durabilit\u00e9, l\u2019entretien et votre budget.[\/vc_column_text]<\/div>\r\n\t\t<\/div>\r\n\t\t\t\t<\/div>\r\n\t\t[\/vc_column][\/vc_row]<\/p>\n<\/div>","protected":false},"excerpt":{"rendered":"<p>[vc_row type=\u00a0\u00bbin_grid\u00a0\u00bb text_align=\u00a0\u00bbinherit\u00a0\u00bb el_class=\u00a0\u00bbpage-int-sub-title-row\u00a0\u00bb][vc_column][vc_row_inner equal_height=\u00a0\u00bbyes\u00a0\u00bb type=\u00a0\u00bbfull_width\u00a0\u00bb text_align=\u00a0\u00bbinherit\u00a0\u00bb el_class=\u00a0\u00bbpage-int-sub-title-reverse-inner-row page-int-sub-title-inner-row\u00a0\u00bb][vc_column_inner el_class=\u00a0\u00bbvc_col-sm-push-5&Prime; width=\u00a0\u00bb7\/12&Prime;][vc_column_text css=\u00a0\u00bb\u00a0\u00bb el_class=\u00a0\u00bbdark-blue-text\u00a0\u00bb]Chez First General Est de l\u2019Ontario, nous nous sp\u00e9cialisons dans la transformation de salles de bain en espaces fonctionnels, confortables et modernes. Que vous souhaitez moderniser une salle de bain d\u00e9su\u00e8te, r\u00e9parer des dommages ou planifier une r\u00e9novation compl\u00e8te, notre \u00e9quipe exp\u00e9riment\u00e9e prend [&hellip;]<\/p>\n","protected":false},"author":1,"featured_media":0,"parent":851,"menu_order":0,"comment_status":"closed","ping_status":"closed","template":"","meta":{"_acf_changed":false,"_seopress_robots_primary_cat":"","_seopress_titles_title":"R\u00e9novation de salles de bain r\u00e9sidentielle et commerciale","_seopress_titles_desc":"R\u00e9novation de salles de bain modernes et fonctionnelles, incluant r\u00e9parations, mises \u00e0 niveau et solutions d\u2019accessibilit\u00e9 en Ontario Est.","_seopress_robots_index":"","footnotes":""},"class_list":["post-34034","page","type-page","status-publish"],"acf":[],"_links":{"self":[{"href":"https:\/\/firstgeneraleasternontario.ca\/fr\/wp-json\/wp\/v2\/pages\/34034","targetHints":{"allow":["GET"]}}],"collection":[{"href":"https:\/\/firstgeneraleasternontario.ca\/fr\/wp-json\/wp\/v2\/pages"}],"about":[{"href":"https:\/\/firstgeneraleasternontario.ca\/fr\/wp-json\/wp\/v2\/types\/page"}],"author":[{"embeddable":true,"href":"https:\/\/firstgeneraleasternontario.ca\/fr\/wp-json\/wp\/v2\/users\/1"}],"replies":[{"embeddable":true,"href":"https:\/\/firstgeneraleasternontario.ca\/fr\/wp-json\/wp\/v2\/comments?post=34034"}],"version-history":[{"count":7,"href":"https:\/\/firstgeneraleasternontario.ca\/fr\/wp-json\/wp\/v2\/pages\/34034\/revisions"}],"predecessor-version":[{"id":37327,"href":"https:\/\/firstgeneraleasternontario.ca\/fr\/wp-json\/wp\/v2\/pages\/34034\/revisions\/37327"}],"up":[{"embeddable":true,"href":"https:\/\/firstgeneraleasternontario.ca\/fr\/wp-json\/wp\/v2\/pages\/851"}],"wp:attachment":[{"href":"https:\/\/firstgeneraleasternontario.ca\/fr\/wp-json\/wp\/v2\/media?parent=34034"}],"curies":[{"name":"wp","href":"https:\/\/api.w.org\/{rel}","templated":true}]}}