{"id":35384,"date":"2026-01-22T11:17:29","date_gmt":"2026-01-22T16:17:29","guid":{"rendered":"https:\/\/firstgeneraleasternontario.ca\/?page_id=35384"},"modified":"2026-02-01T21:21:55","modified_gmt":"2026-02-02T02:21:55","slug":"terrasses-et-clotures","status":"publish","type":"page","link":"https:\/\/firstgeneraleasternontario.ca\/fr\/services\/renovation\/terrasses-et-clotures\/","title":{"rendered":"Terrasses et cl\u00f4tures"},"content":{"rendered":"<div class=\"wpb-content-wrapper\"><p>[vc_row type=\u00a0\u00bbin_grid\u00a0\u00bb text_align=\u00a0\u00bbinherit\u00a0\u00bb el_class=\u00a0\u00bbpage-int-sub-title-row\u00a0\u00bb][vc_column][vc_row_inner equal_height=\u00a0\u00bbyes\u00a0\u00bb type=\u00a0\u00bbfull_width\u00a0\u00bb text_align=\u00a0\u00bbinherit\u00a0\u00bb el_class=\u00a0\u00bbpage-int-sub-title-inner-row\u00a0\u00bb][vc_column_inner][vc_column_text css=\u00a0\u00bb\u00a0\u00bb el_class=\u00a0\u00bbtoptitle dark-blue-text\u00a0\u00bb]Services de terrasses et de cl\u00f4tures[\/vc_column_text][vc_column_text css=\u00a0\u00bb\u00a0\u00bb el_class=\u00a0\u00bbdark-blue-text tt-uppercase\u00a0\u00bb]<\/p>\n<h2>Des espaces ext\u00e9rieurs de qualit\u00e9, con\u00e7us pour durer<\/h2>\n<p>[\/vc_column_text][vc_column_text css=\u00a0\u00bb\u00a0\u00bb el_class=\u00a0\u00bbdark-blue-text\u00a0\u00bb]Chez First General de l\u2019Est de l\u2019Ontario, nous concevons et construisons des terrasses et des cl\u00f4tures durables et attrayantes qui am\u00e9liorent votre espace de vie ext\u00e9rieur tout en augmentant la valeur de votre propri\u00e9t\u00e9. Que vous souhaitiez cr\u00e9er un lieu de d\u00e9tente, de r\u00e9ception ou am\u00e9liorer l\u2019intimit\u00e9 et la s\u00e9curit\u00e9, notre \u00e9quipe exp\u00e9riment\u00e9e offre un savoir-faire fiable, adapt\u00e9 \u00e0 vos besoins et au climat de l\u2019Ontario.<\/p>\n<p>De la planification et du choix des mat\u00e9riaux jusqu\u2019\u00e0 l\u2019installation et aux finitions, nous g\u00e9rons chaque \u00e9tape avec un grand souci du d\u00e9tail, de la s\u00e9curit\u00e9 et de la performance \u00e0 long terme.[\/vc_column_text][\/vc_column_inner][\/vc_row_inner][\/vc_column][\/vc_row][vc_row type=\u00a0\u00bbfull_width\u00a0\u00bb text_align=\u00a0\u00bbinherit\u00a0\u00bb css=\u00a0\u00bb.vc_custom_1716472629757{background-color: #4e8eff !important;}\u00a0\u00bb el_class=\u00a0\u00bbblue-row padding-b-100&Prime;][vc_column][vc_row_inner equal_height=\u00a0\u00bbyes\u00a0\u00bb type=\u00a0\u00bbfull_width\u00a0\u00bb text_align=\u00a0\u00bbinherit\u00a0\u00bb el_class=\u00a0\u00bbblue-inner-row white-text margin-t-100&Prime; css=\u00a0\u00bb.vc_custom_1716471725806{background-color: #1e6efa !important;}\u00a0\u00bb][vc_column_inner width=\u00a0\u00bb5\/12&Prime; css=\u00a0\u00bb.vc_custom_1769099857430{background-image: url(https:\/\/firstgeneraleasternontario.ca\/wp-content\/uploads\/2026\/01\/fgo-deck-installation-img.jpg?id=35389) !important;}\u00a0\u00bb][\/vc_column_inner][vc_column_inner el_class=\u00a0\u00bbpadding-50&Prime; width=\u00a0\u00bb7\/12&Prime;][vc_column_text css=\u00a0\u00bb\u00a0\u00bb el_class=\u00a0\u00bbblue-row-title tt-uppercase\u00a0\u00bb]<\/p>\n<h2>Installation et remplacement de terrasses<\/h2>\n<p>[\/vc_column_text][vc_column_text css=\u00a0\u00bb\u00a0\u00bb]Une terrasse bien construite prolonge votre espace de vie et cr\u00e9e le cadre id\u00e9al pour profiter de l\u2019ext\u00e9rieur. First General de l\u2019Est de l\u2019Ontario propose des services d\u2019installation et de remplacement de terrasses sur mesure, en utilisant des mat\u00e9riaux de qualit\u00e9 con\u00e7us pour r\u00e9sister aux intemp\u00e9ries.<\/p>\n<p>Nos services de terrasses comprennent :<\/p>\n<ul>\n<li>Conception et construction de terrasses sur mesure<\/li>\n<li>Terrasse en bois trait\u00e9 sous pression, composite et PVC<\/li>\n<li>R\u00e9parations de terrasses et am\u00e9liorations structurelles<\/li>\n<li>Garde-corps, escaliers et dispositifs de s\u00e9curit\u00e9<\/li>\n<\/ul>\n<p>Nous travaillons en \u00e9troite collaboration avec les propri\u00e9taires afin de concevoir des terrasses adapt\u00e9es \u00e0 leur style de vie, \u00e0 leur budget et \u00e0 la configuration de leur terrain.<br \/>\nNous garantissons durabilit\u00e9, confort et attrait visuel.[\/vc_column_text]<a href=\"\/fr\/estimation-gratuite\/\" target=\"_self\" class=\"dist-btn type2\">Estimation gratuite<\/a>[\/vc_column_inner][\/vc_row_inner][vc_row_inner equal_height=\u00a0\u00bbyes\u00a0\u00bb content_placement=\u00a0\u00bbbottom\u00a0\u00bb type=\u00a0\u00bbfull_width\u00a0\u00bb text_align=\u00a0\u00bbinherit\u00a0\u00bb el_class=\u00a0\u00bbblue-inner-row white-text margin-t-100&Prime; css=\u00a0\u00bb.vc_custom_1716470869507{background-color: #1e6efa !important;}\u00a0\u00bb][vc_column_inner el_class=\u00a0\u00bbvc_col-sm-push-7&Prime; width=\u00a0\u00bb5\/12&Prime; css=\u00a0\u00bb.vc_custom_1769112576752{background-image: url(https:\/\/firstgeneraleasternontario.ca\/wp-content\/uploads\/2026\/01\/fgo-fencing-img.jpg?id=35408) !important;}\u00a0\u00bb][\/vc_column_inner][vc_column_inner el_class=\u00a0\u00bbvc_col-sm-pull-5 padding-50&Prime; width=\u00a0\u00bb7\/12&Prime;][vc_column_text css=\u00a0\u00bb\u00a0\u00bb el_class=\u00a0\u00bbblue-row-title tt-uppercase\u00a0\u00bb]<\/p>\n<h2>Installation et remplacement de cl\u00f4tures<\/h2>\n<p>[\/vc_column_text][vc_column_text css=\u00a0\u00bb\u00a0\u00bb]Les cl\u00f4tures jouent un r\u00f4le important en mati\u00e8re d\u2019intimit\u00e9, de s\u00e9curit\u00e9 et d\u2019attrait ext\u00e9rieur. Notre \u00e9quipe offre des services professionnels d\u2019installation et de remplacement de cl\u00f4tures pour les propri\u00e9t\u00e9s r\u00e9sidentielles partout dans l\u2019Est de l\u2019Ontario.<\/p>\n<p>Nos solutions de cl\u00f4tures comprennent :<\/p>\n<ul>\n<li>Cl\u00f4tures en bois pour un aspect naturel et classique<\/li>\n<li>Cl\u00f4tures en vinyle et en composite n\u00e9cessitant peu d\u2019entretien<\/li>\n<li>Options de cl\u00f4tures pour l\u2019intimit\u00e9, la d\u00e9coration et la s\u00e9curit\u00e9<\/li>\n<li>Portails et configurations sur mesure<\/li>\n<\/ul>\n<p>Nous vous aidons \u00e0 choisir le style et les mat\u00e9riaux de cl\u00f4ture appropri\u00e9s afin de r\u00e9pondre \u00e0 vos besoins fonctionnels tout en s\u2019harmonisant avec l\u2019ext\u00e9rieur de votre maison.[\/vc_column_text]<a href=\"\/fr\/estimation-gratuite\/\" target=\"_self\" class=\"dist-btn type2\">Estimation gratuite<\/a>[\/vc_column_inner][\/vc_row_inner][vc_row_inner equal_height=\u00a0\u00bbyes\u00a0\u00bb type=\u00a0\u00bbfull_width\u00a0\u00bb text_align=\u00a0\u00bbinherit\u00a0\u00bb el_class=\u00a0\u00bbblue-inner-row white-text margin-t-100&Prime; css=\u00a0\u00bb.vc_custom_1716471718508{background-color: #1e6efa !important;}\u00a0\u00bb][vc_column_inner width=\u00a0\u00bb5\/12&Prime; css=\u00a0\u00bb.vc_custom_1769100061454{background-image: url(https:\/\/firstgeneraleasternontario.ca\/wp-content\/uploads\/2025\/08\/shutterstock_2599805899.jpg?id=21697) !important;}\u00a0\u00bb][\/vc_column_inner][vc_column_inner el_class=\u00a0\u00bbpadding-50&Prime; width=\u00a0\u00bb7\/12&Prime;][vc_column_text css=\u00a0\u00bb\u00a0\u00bb el_class=\u00a0\u00bbblue-row-title tt-uppercase\u00a0\u00bb]<\/p>\n<h2>Con\u00e7ues pour le climat de l\u2019Ontario<\/h2>\n<p>[\/vc_column_text][vc_column_text css=\u00a0\u00bb\u00a0\u00bb]Les structures ext\u00e9rieures doivent r\u00e9sister aux variations saisonni\u00e8res de temp\u00e9rature, \u00e0 l\u2019humidit\u00e9 et \u00e0 l\u2019usure. C\u2019est pourquoi nous utilisons des mat\u00e9riaux \u00e9prouv\u00e9s et des techniques de construction con\u00e7ues pour offrir une performance durable dans le climat ontarien.<\/p>\n<p><strong>Pourquoi choisir First General de l\u2019Est de l\u2019Ontario ?<\/strong><\/p>\n<ul>\n<li>Des professionnels exp\u00e9riment\u00e9s avec une grande attention aux d\u00e9tails<\/li>\n<li>Des mat\u00e9riaux et une main-d\u2019\u0153uvre de haute qualit\u00e9<\/li>\n<li>Une communication claire et des \u00e9ch\u00e9anciers fiables<\/li>\n<li>Des solutions personnalis\u00e9es adapt\u00e9es \u00e0 votre propri\u00e9t\u00e9<\/li>\n<\/ul>\n<p>[\/vc_column_text]<a href=\"\/fr\/estimation-gratuite\/\" target=\"_self\" class=\"dist-btn type2\">Estimation gratuite<\/a>[\/vc_column_inner][\/vc_row_inner][vc_row_inner equal_height=\u00a0\u00bbyes\u00a0\u00bb content_placement=\u00a0\u00bbbottom\u00a0\u00bb type=\u00a0\u00bbfull_width\u00a0\u00bb text_align=\u00a0\u00bbinherit\u00a0\u00bb el_class=\u00a0\u00bbblue-inner-row white-text margin-t-100&Prime; css=\u00a0\u00bb.vc_custom_1716470869507{background-color: #1e6efa !important;}\u00a0\u00bb][vc_column_inner el_class=\u00a0\u00bbvc_col-sm-push-7&Prime; width=\u00a0\u00bb5\/12&Prime; css=\u00a0\u00bb.vc_custom_1769100350202{background-image: url(https:\/\/firstgeneraleasternontario.ca\/wp-content\/uploads\/2026\/01\/fgo-outdoor-project-img.jpg?id=35393) !important;}\u00a0\u00bb][\/vc_column_inner][vc_column_inner el_class=\u00a0\u00bbvc_col-sm-pull-5 padding-50&Prime; width=\u00a0\u00bb7\/12&Prime;][vc_column_text css=\u00a0\u00bb\u00a0\u00bb el_class=\u00a0\u00bbblue-row-title tt-uppercase\u00a0\u00bb]<\/p>\n<h2>Commencez votre projet ext\u00e9rieur d\u00e8s aujourd\u2019hui<\/h2>\n<p>[\/vc_column_text][vc_column_text css=\u00a0\u00bb\u00a0\u00bb]Que vous planifiiez une nouvelle terrasse, le remplacement d\u2019une structure existante ou l\u2019installation d\u2019une nouvelle cl\u00f4ture, First General de l\u2019Est de l\u2019Ontario est pr\u00eat \u00e0 vous accompagner.<\/p>\n<p>Communiquez avec nous d\u00e8s aujourd\u2019hui pour une consultation et laissez-nous donner vie \u00e0 votre vision ext\u00e9rieure.[\/vc_column_text]<a href=\"\/fr\/estimation-gratuite\/\" target=\"_self\" class=\"dist-btn type2\">Estimation gratuite<\/a>[\/vc_column_inner][\/vc_row_inner][\/vc_column][\/vc_row][vc_row type=\u00a0\u00bbin_grid\u00a0\u00bb text_align=\u00a0\u00bbinherit\u00a0\u00bb css=\u00a0\u00bb.vc_custom_1716475717507{background-color: #0a1c3a !important;}\u00a0\u00bb el_class=\u00a0\u00bbin-service-years-row\u00a0\u00bb][vc_column][vc_row_inner equal_height=\u00a0\u00bbyes\u00a0\u00bb type=\u00a0\u00bbfull_width\u00a0\u00bb text_align=\u00a0\u00bbinherit\u00a0\u00bb el_class=\u00a0\u00bbin-service-years-inner-row\u00a0\u00bb][vc_column_inner el_class=\u00a0\u00bbpadding-50 white-text\u00a0\u00bb width=\u00a0\u00bb2\/3&Prime;][vc_column_text css=\u00a0\u00bb\u00a0\u00bb el_class=\u00a0\u00bbtt-uppercase\u00a0\u00bb]<\/p>\n<h2>En service depuis plus de 40 ans !<\/h2>\n<p>[\/vc_column_text][vc_column_text css=\u00a0\u00bb\u00a0\u00bb]First General Eastern Ontario est un leader dans l&rsquo;industrie de la construction depuis <strong>41 ans<\/strong>, gr\u00e2ce \u00e0 notre capacit\u00e9 \u00e0 d\u00e9finir les normes de travail dans notre secteur. Nous sommes fiers d&rsquo;\u00eatre des entrepreneurs et de faire un travail honn\u00eate pour nos clients qui n\u00e9cessitent nos services.[\/vc_column_text]<a href=\"\/fr\/a-propos\/\" target=\"_self\" class=\"dist-btn\">En savoir plus<\/a>[\/vc_column_inner][vc_column_inner width=\u00a0\u00bb1\/3&Prime; css=\u00a0\u00bb.vc_custom_1716476064222{background-image: url(https:\/\/firstgeneraleasternontario.ca\/wp-content\/uploads\/2024\/05\/first-general-eo-service-years-img.png?id=439) !important;}\u00a0\u00bb][\/vc_column_inner][\/vc_row_inner][\/vc_column][\/vc_row][vc_row type=\u00a0\u00bbin_grid\u00a0\u00bb text_align=\u00a0\u00bbleft\u00a0\u00bb][vc_column][vc_empty_space][vc_column_text css=\u00a0\u00bb\u00a0\u00bb]<\/p>\n<h2>Questions fr\u00e9quentes sur les services de terrasses et de cl\u00f4tures<\/h2>\n<p>[\/vc_column_text][vc_empty_space]\t\t<div class=\"dist-accordion\" data-type=\"accordion\">\r\n\t\t\t\t\t<div class=\"dist-accordion-section open\">\r\n\t\t\t<div class=\"dist-accordion-title\"><h4>Quels types de mat\u00e9riaux de terrasse proposez-vous?<\/h4><\/div>\r\n\t\t\t<div class=\"dist-accordion-content\" style=\"display: block;\">[vc_column_text css=\u00a0\u00bb\u00a0\u00bb]Nous offrons des mat\u00e9riaux de terrasse en bois trait\u00e9 sous pression, composite et PVC. Chaque option pr\u00e9sente des avantages diff\u00e9rents en termes de durabilit\u00e9, d\u2019entretien, d\u2019apparence et de r\u00e9sistance aux conditions climatiques de l\u2019Ontario. Notre \u00e9quipe vous aide \u00e0 choisir le meilleur mat\u00e9riau selon vos besoins et votre terrain.[\/vc_column_text]<\/div>\r\n\t\t<\/div>\r\n\t\t\t\t<div class=\"dist-accordion-section\">\r\n\t\t\t<div class=\"dist-accordion-title\"><h4>Pouvez-vous remplacer une terrasse ou une cl\u00f4ture existante?<\/h4><\/div>\r\n\t\t\t<div class=\"dist-accordion-content\">[vc_column_text css=\u00a0\u00bb\u00a0\u00bb]Oui. Nous fournissons des services complets de remplacement de terrasses et de cl\u00f4tures, incluant l\u2019enl\u00e8vement des anciennes structures, les am\u00e9liorations structurelles et l\u2019installation de nouveaux mat\u00e9riaux. Le remplacement est souvent recommand\u00e9 lorsque la s\u00e9curit\u00e9, la stabilit\u00e9 ou la performance \u00e0 long terme est compromise.[\/vc_column_text]<\/div>\r\n\t\t<\/div>\r\n\t\t\t\t<div class=\"dist-accordion-section\">\r\n\t\t\t<div class=\"dist-accordion-title\"><h4>Aidez-vous \u00e0 la conception des terrasses et des cl\u00f4tures?<\/h4><\/div>\r\n\t\t\t<div class=\"dist-accordion-content\">[vc_column_text css=\u00a0\u00bb\u00a0\u00bb]Absolument. Nous offrons des services de conception personnalis\u00e9e pour que votre terrasse ou votre cl\u00f4ture s\u2019adapte \u00e0 votre mode de vie, \u00e0 l\u2019am\u00e9nagement de votre terrain et \u00e0 vos besoins fonctionnels. Cela inclut la planification de la taille, de la disposition, des rampes, des escaliers, des portails et de l\u2019int\u00e9gration visuelle avec votre maison.[\/vc_column_text]<\/div>\r\n\t\t<\/div>\r\n\t\t\t\t<div class=\"dist-accordion-section\">\r\n\t\t\t<div class=\"dist-accordion-title\"><h4>Vos terrasses et cl\u00f4tures sont-elles construites pour r\u00e9sister au climat ontarien?<\/h4><\/div>\r\n\t\t\t<div class=\"dist-accordion-content\">[vc_column_text css=\u00a0\u00bb\u00a0\u00bb]Oui. Toutes nos terrasses et cl\u00f4tures sont construites avec des mat\u00e9riaux et des techniques adapt\u00e9s pour r\u00e9sister aux variations de temp\u00e9rature saisonni\u00e8res, \u00e0 l\u2019humidit\u00e9 et \u00e0 l\u2019exposition prolong\u00e9e aux \u00e9l\u00e9ments typiques du climat de l\u2019Ontario.[\/vc_column_text]<\/div>\r\n\t\t<\/div>\r\n\t\t\t\t<div class=\"dist-accordion-section\">\r\n\t\t\t<div class=\"dist-accordion-title\"><h4>Quels types de cl\u00f4tures installez-vous?<\/h4><\/div>\r\n\t\t\t<div class=\"dist-accordion-content\">[vc_column_text css=\u00a0\u00bb\u00a0\u00bb]Nous installons une gamme de cl\u00f4tures r\u00e9sidentielles, y compris des cl\u00f4tures en bois, en vinyle et en composite, des cl\u00f4tures d\u2019intimit\u00e9, d\u00e9coratives et de s\u00e9curit\u00e9. Des portails personnalis\u00e9s et des configurations sur mesure sont \u00e9galement disponibles.[\/vc_column_text]<\/div>\r\n\t\t<\/div>\r\n\t\t\t\t<div class=\"dist-accordion-section\">\r\n\t\t\t<div class=\"dist-accordion-title\"><h4>Pouvez-vous ajouter des \u00e9l\u00e9ments de s\u00e9curit\u00e9 tels que des rampes et des escaliers?<\/h4><\/div>\r\n\t\t\t<div class=\"dist-accordion-content\">[vc_column_text css=\u00a0\u00bb\u00a0\u00bb]Oui. Nous installons des rampes, des escaliers et d\u2019autres \u00e9l\u00e9ments de s\u00e9curit\u00e9 dans le cadre de nos services de construction et de remplacement de terrasses. Ces \u00e9l\u00e9ments sont con\u00e7us pour r\u00e9pondre \u00e0 vos besoins tout en compl\u00e9tant l\u2019esth\u00e9tique g\u00e9n\u00e9rale.[\/vc_column_text]<\/div>\r\n\t\t<\/div>\r\n\t\t\t\t<div class=\"dist-accordion-section\">\r\n\t\t\t<div class=\"dist-accordion-title\"><h4>R\u00e9parez-vous \u00e9galement les terrasses et les cl\u00f4tures?<\/h4><\/div>\r\n\t\t\t<div class=\"dist-accordion-content\">[vc_column_text css=\u00a0\u00bb\u00a0\u00bb]Oui. En plus des installations neuves, nous offrons des r\u00e9parations de terrasses et des am\u00e9liorations structurelles pour corriger l\u2019usure, les dommages ou les probl\u00e8mes de s\u00e9curit\u00e9. Cela peut prolonger la dur\u00e9e de vie de votre structure existante lorsqu\u2019un remplacement complet n\u2019est pas encore n\u00e9cessaire.[\/vc_column_text]<\/div>\r\n\t\t<\/div>\r\n\t\t\t\t<\/div>\r\n\t\t[\/vc_column][\/vc_row]<\/p>\n<\/div>","protected":false},"excerpt":{"rendered":"<p>[vc_row type=\u00a0\u00bbin_grid\u00a0\u00bb text_align=\u00a0\u00bbinherit\u00a0\u00bb el_class=\u00a0\u00bbpage-int-sub-title-row\u00a0\u00bb][vc_column][vc_row_inner equal_height=\u00a0\u00bbyes\u00a0\u00bb type=\u00a0\u00bbfull_width\u00a0\u00bb text_align=\u00a0\u00bbinherit\u00a0\u00bb el_class=\u00a0\u00bbpage-int-sub-title-inner-row\u00a0\u00bb][vc_column_inner][vc_column_text css=\u00a0\u00bb\u00a0\u00bb el_class=\u00a0\u00bbtoptitle dark-blue-text\u00a0\u00bb]Services de terrasses et de cl\u00f4tures[\/vc_column_text][vc_column_text css=\u00a0\u00bb\u00a0\u00bb el_class=\u00a0\u00bbdark-blue-text tt-uppercase\u00a0\u00bb] Des espaces ext\u00e9rieurs de qualit\u00e9, con\u00e7us pour durer [\/vc_column_text][vc_column_text css=\u00a0\u00bb\u00a0\u00bb el_class=\u00a0\u00bbdark-blue-text\u00a0\u00bb]Chez First General de l\u2019Est de l\u2019Ontario, nous concevons et construisons des terrasses et des cl\u00f4tures durables et attrayantes qui am\u00e9liorent votre espace de vie ext\u00e9rieur [&hellip;]<\/p>\n","protected":false},"author":1,"featured_media":0,"parent":851,"menu_order":0,"comment_status":"closed","ping_status":"closed","template":"","meta":{"_acf_changed":false,"_seopress_robots_primary_cat":"","_seopress_titles_title":"R\u00e9novation terrasses & cl\u00f4tures r\u00e9sidentielles | Ontario Est","_seopress_titles_desc":"Conception, installation et r\u00e9paration de terrasses et cl\u00f4tures pour am\u00e9liorer la s\u00e9curit\u00e9 et l\u2019am\u00e9nagement ext\u00e9rieur en Ontario Est.","_seopress_robots_index":"","footnotes":""},"class_list":["post-35384","page","type-page","status-publish"],"acf":[],"_links":{"self":[{"href":"https:\/\/firstgeneraleasternontario.ca\/fr\/wp-json\/wp\/v2\/pages\/35384","targetHints":{"allow":["GET"]}}],"collection":[{"href":"https:\/\/firstgeneraleasternontario.ca\/fr\/wp-json\/wp\/v2\/pages"}],"about":[{"href":"https:\/\/firstgeneraleasternontario.ca\/fr\/wp-json\/wp\/v2\/types\/page"}],"author":[{"embeddable":true,"href":"https:\/\/firstgeneraleasternontario.ca\/fr\/wp-json\/wp\/v2\/users\/1"}],"replies":[{"embeddable":true,"href":"https:\/\/firstgeneraleasternontario.ca\/fr\/wp-json\/wp\/v2\/comments?post=35384"}],"version-history":[{"count":7,"href":"https:\/\/firstgeneraleasternontario.ca\/fr\/wp-json\/wp\/v2\/pages\/35384\/revisions"}],"predecessor-version":[{"id":37323,"href":"https:\/\/firstgeneraleasternontario.ca\/fr\/wp-json\/wp\/v2\/pages\/35384\/revisions\/37323"}],"up":[{"embeddable":true,"href":"https:\/\/firstgeneraleasternontario.ca\/fr\/wp-json\/wp\/v2\/pages\/851"}],"wp:attachment":[{"href":"https:\/\/firstgeneraleasternontario.ca\/fr\/wp-json\/wp\/v2\/media?parent=35384"}],"curies":[{"name":"wp","href":"https:\/\/api.w.org\/{rel}","templated":true}]}}