{"id":785,"date":"2024-05-14T15:11:48","date_gmt":"2024-05-14T19:11:48","guid":{"rendered":"https:\/\/firstgeneraleasternontario.ca\/about-us\/"},"modified":"2026-01-28T11:38:51","modified_gmt":"2026-01-28T16:38:51","slug":"a-propos","status":"publish","type":"page","link":"https:\/\/firstgeneraleasternontario.ca\/fr\/a-propos\/","title":{"rendered":"\u00c0 propos"},"content":{"rendered":"<div class=\"wpb-content-wrapper\"><p>[vc_row type=\u00a0\u00bbin_grid\u00a0\u00bb text_align=\u00a0\u00bbinherit\u00a0\u00bb el_class=\u00a0\u00bbabout-first-general-row\u00a0\u00bb][vc_column][vc_row_inner type=\u00a0\u00bbfull_width\u00a0\u00bb text_align=\u00a0\u00bbinherit\u00a0\u00bb][vc_column_inner][vc_column_text css=\u00a0\u00bb\u00a0\u00bb el_class=\u00a0\u00bbtt-uppercase dark-blue-text\u00a0\u00bb]<\/p>\n<h2>\u00c0 propos de First General Eastern Ontario<\/h2>\n<p>[\/vc_column_text][vc_column_text css=\u00a0\u00bb\u00a0\u00bb el_class=\u00a0\u00bbdark-blue-text\u00a0\u00bb]Notre \u00e9quipe de sp\u00e9cialistes est issue de diff\u00e9rents secteurs de la construction. Nous poss\u00e9dons les connaissances et les comp\u00e9tences n\u00e9cessaires pour fournir \u00e0 nos clients le meilleur service possible. Notre \u00e9quipe partage le m\u00eame objectif. Nous nous effor\u00e7ons d&rsquo;offrir \u00e0 nos clients un soutien en cas de besoin. Lorsque les choses semblent difficiles pour le propri\u00e9taire, First General Eastern Ontario a la r\u00e9ponse.[\/vc_column_text][\/vc_column_inner][\/vc_row_inner][\/vc_column][\/vc_row][vc_row type=\u00a0\u00bbin_grid\u00a0\u00bb text_align=\u00a0\u00bbinherit\u00a0\u00bb el_class=\u00a0\u00bbpadding-100&Prime; css=\u00a0\u00bb.vc_custom_1715702913737{background-image: url(https:\/\/firstgeneraleasternontario.ca\/wp-content\/uploads\/2024\/05\/first-general-eo-about-did-you-know-bg-scaled.jpg?id=219) !important;}\u00a0\u00bb][vc_column][vc_row_inner type=\u00a0\u00bbfull_width\u00a0\u00bb text_align=\u00a0\u00bbinherit\u00a0\u00bb el_class=\u00a0\u00bbpadding-b-50&Prime;][vc_column_inner][vc_column_text css=\u00a0\u00bb\u00a0\u00bb el_class=\u00a0\u00bbwhite-text\u00a0\u00bb]<\/p>\n<h2>Saviez-vous que&#8230;<\/h2>\n<p>[\/vc_column_text][\/vc_column_inner][\/vc_row_inner][vc_row_inner type=\u00a0\u00bbfull_width\u00a0\u00bb text_align=\u00a0\u00bbinherit\u00a0\u00bb][vc_column_inner]<div class=\"dist-shortcode-container wpb_content_element\">\t\t<div class=\"about-us-dyk-swiper swiper padding-b-50\">\n  \t\t<div class=\"swiper-wrapper\">\n                \t<div class=\"swiper-slide\">  \n            \t<h3>Premi\u00e8re G\u00e9n\u00e9rale Est-Ontario fait partie du comit\u00e9 consultatif du programme du Coll\u00e8ge Algonquin<\/h3>\n            <\/div>     \n                \t<div class=\"swiper-slide\">  \n            \t<h3>Premi\u00e8re G\u00e9n\u00e9rale dispose d'\u00e9quipes d'urgence pr\u00eates \u00e0 faire face \u00e0 toute catastrophe affectant nos communaut\u00e9s.<\/h3>\n            <\/div>     \n                <\/div>\n    <\/div>\n    <div class=\"about-us-dyk-swiper-pagination swiper-pagination\"><\/div>\n    <\/div>[\/vc_column_inner][\/vc_row_inner][\/vc_column][\/vc_row][vc_row type=\u00a0\u00bbin_grid\u00a0\u00bb text_align=\u00a0\u00bbinherit\u00a0\u00bb el_class=\u00a0\u00bbour-team-row padding-100&Prime; css=\u00a0\u00bb.vc_custom_1717515076082{background-color: #4e8eff !important;}\u00a0\u00bb][vc_column][vc_row_inner type=\u00a0\u00bbfull_width\u00a0\u00bb text_align=\u00a0\u00bbinherit\u00a0\u00bb el_class=\u00a0\u00bbour-team-title-row padding-b-50&Prime;][vc_column_inner width=\u00a0\u00bb1\/2&Prime;][vc_column_text css=\u00a0\u00bb\u00a0\u00bb el_class=\u00a0\u00bbtoptitle white-text\u00a0\u00bb]Notre \u00e9quipe[\/vc_column_text][vc_column_text css=\u00a0\u00bb\u00a0\u00bb el_class=\u00a0\u00bbtt-uppercase white-text\u00a0\u00bb]<\/p>\n<h2>Rencontrer l&rsquo;\u00e9quipe<\/h2>\n<p>[\/vc_column_text][\/vc_column_inner][vc_column_inner width=\u00a0\u00bb1\/2&Prime;][vc_column_text css=\u00a0\u00bb\u00a0\u00bb el_class=\u00a0\u00bbwhite-text\u00a0\u00bb]Notre groupe se consacre enti\u00e8rement \u00e0 faire de First General Eastern Ontario la meilleure entreprise au Canada. Nous mettons l&rsquo;accent sur le service \u00e0 la client\u00e8le et sur une culture de travail saine qui se concr\u00e9tise lorsque nous traitons des demandes d&rsquo;indemnisation.[\/vc_column_text][\/vc_column_inner][\/vc_row_inner][vc_row_inner type=\u00a0\u00bbfull_width\u00a0\u00bb text_align=\u00a0\u00bbinherit\u00a0\u00bb el_class=\u00a0\u00bbour-team-inner-row\u00a0\u00bb][vc_column_inner]<div class=\"dist-shortcode-container wpb_content_element\">        <div class=\"team-row\">\n        \t<div class=\"team-inner-row\">\n                \t<div class=\"team\"> \n            \t<div class=\"team-picture\" style=\"background-image: url('https:\/\/firstgeneraleasternontario.ca\/wp-content\/uploads\/2024\/06\/first-general-eo-gerry-denomme.jpg')\"><\/div>  \n            \t<div class=\"team-name\"><p>Gerry Denomme<\/p><\/div>\n            \t<div class=\"team-job-title\"><p>PDG \/ Gestionnaire de projet<\/p><\/div> \n                            <\/div>     \n                \t<div class=\"team\"> \n            \t<div class=\"team-picture\" style=\"background-image: url('https:\/\/firstgeneraleasternontario.ca\/wp-content\/uploads\/2024\/06\/first-general-eo-joanne-denomme.jpg')\"><\/div>  \n            \t<div class=\"team-name\"><p>Joanne Denomme<\/p><\/div>\n            \t<div class=\"team-job-title\"><p>Directrice g\u00e9n\u00e9rale<\/p><\/div> \n                            <\/div>     \n                \t<div class=\"team\"> \n            \t<div class=\"team-picture\" style=\"background-image: url('https:\/\/firstgeneraleasternontario.ca\/wp-content\/uploads\/2024\/06\/first-general-eo-ronnie-montcalm.jpg')\"><\/div>  \n            \t<div class=\"team-name\"><p>Ronnie Montcalm<\/p><\/div>\n            \t<div class=\"team-job-title\"><p>Directeur des op\u00e9rations<\/p><\/div> \n                            <\/div>     \n                \t<div class=\"team\"> \n            \t<div class=\"team-picture\" style=\"background-image: url('https:\/\/firstgeneraleasternontario.ca\/wp-content\/uploads\/2024\/06\/first-general-eo-marc-denis.jpg')\"><\/div>  \n            \t<div class=\"team-name\"><p>Marc Denis<\/p><\/div>\n            \t<div class=\"team-job-title\"><p>Contr\u00f4leur<\/p><\/div> \n                            <\/div>     \n                \t<div class=\"team\"> \n            \t<div class=\"team-picture\" style=\"background-image: url('https:\/\/firstgeneraleasternontario.ca\/wp-content\/uploads\/2024\/06\/first-general-eo-graham-denomme.jpg')\"><\/div>  \n            \t<div class=\"team-name\"><p>Graham Denomme<\/p><\/div>\n            \t<div class=\"team-job-title\"><p>Chef de projet \/ D\u00e9veloppement commercial<\/p><\/div> \n                <div class=\"team-author-link\"><a href=\"https:\/\/firstgeneraleasternontario.ca\/author\/graham-denomme\/\"><\/a><\/div>            <\/div>     \n                \t<div class=\"team\"> \n            \t<div class=\"team-picture\" style=\"background-image: url('https:\/\/firstgeneraleasternontario.ca\/wp-content\/uploads\/2024\/06\/first-general-eo-nathalie-boulerice.jpg')\"><\/div>  \n            \t<div class=\"team-name\"><p>Nathalie Boulerice<\/p><\/div>\n            \t<div class=\"team-job-title\"><p>D\u00e9partement des finances<\/p><\/div> \n                            <\/div>     \n                \t<div class=\"team\"> \n            \t<div class=\"team-picture\" style=\"background-image: url('https:\/\/firstgeneraleasternontario.ca\/wp-content\/uploads\/2024\/06\/first-general-eo-innes-aichour.jpg')\"><\/div>  \n            \t<div class=\"team-name\"><p>Innes Aichour<\/p><\/div>\n            \t<div class=\"team-job-title\"><p>D\u00e9partement des finances<\/p><\/div> \n                            <\/div>     \n                \t<div class=\"team\"> \n            \t<div class=\"team-picture\" style=\"background-image: url('https:\/\/firstgeneraleasternontario.ca\/wp-content\/uploads\/2024\/06\/first-general-eo-luis-calvi.jpg')\"><\/div>  \n            \t<div class=\"team-name\"><p>Luis Calvi<\/p><\/div>\n            \t<div class=\"team-job-title\"><p>Gestionnaire de projet senior<\/p><\/div> \n                            <\/div>     \n                \t<div class=\"team\"> \n            \t<div class=\"team-picture\" style=\"background-image: url('https:\/\/firstgeneraleasternontario.ca\/wp-content\/uploads\/2024\/06\/first-general-eo-chris-debruyne.jpg')\"><\/div>  \n            \t<div class=\"team-name\"><p>Chris Debruyne<\/p><\/div>\n            \t<div class=\"team-job-title\"><p>Gestionnaire de projet senior<\/p><\/div> \n                            <\/div>     \n                \t<div class=\"team\"> \n            \t<div class=\"team-picture\" style=\"background-image: url('https:\/\/firstgeneraleasternontario.ca\/wp-content\/uploads\/2024\/06\/first-general-eo-marc-champagne.jpg')\"><\/div>  \n            \t<div class=\"team-name\"><p>Marc Champagne<\/p><\/div>\n            \t<div class=\"team-job-title\"><p>Assistant gestionnaire de projet<\/p><\/div> \n                            <\/div>     \n                \t<div class=\"team\"> \n            \t<div class=\"team-picture\" style=\"background-image: url('https:\/\/firstgeneraleasternontario.ca\/wp-content\/uploads\/2024\/06\/first-general-eo-derek-finch.jpg')\"><\/div>  \n            \t<div class=\"team-name\"><p>Derek Finch<\/p><\/div>\n            \t<div class=\"team-job-title\"><p>CTech \/ Gestionnaire de sinistres importants<\/p><\/div> \n                            <\/div>     \n                \t<div class=\"team\"> \n            \t<div class=\"team-picture\" style=\"background-image: url('https:\/\/firstgeneraleasternontario.ca\/wp-content\/uploads\/2024\/06\/first-general-eo-pat-neville.jpg')\"><\/div>  \n            \t<div class=\"team-name\"><p>Pat Neville<\/p><\/div>\n            \t<div class=\"team-job-title\"><p>Coordinateur de projet \/ Directeur de la construction<\/p><\/div> \n                            <\/div>     \n                \t<div class=\"team\"> \n            \t<div class=\"team-picture\" style=\"background-image: url('https:\/\/firstgeneraleasternontario.ca\/wp-content\/uploads\/2024\/06\/first-general-eo-matthew-osborne.jpg')\"><\/div>  \n            \t<div class=\"team-name\"><p>Matthew Osborne<\/p><\/div>\n            \t<div class=\"team-job-title\"><p>Coordinateur de projet \/ Directeur de la construction<\/p><\/div> \n                            <\/div>     \n                \t<div class=\"team\"> \n            \t<div class=\"team-picture\" style=\"background-image: url('https:\/\/firstgeneraleasternontario.ca\/wp-content\/uploads\/2024\/06\/first-general-eo-bernie-bonarek.jpg')\"><\/div>  \n            \t<div class=\"team-name\"><p>Bernie Bonarek<\/p><\/div>\n            \t<div class=\"team-job-title\"><p>Coordinateur de projet \/ Directeur de la construction<\/p><\/div> \n                            <\/div>     \n                \t<div class=\"team\"> \n            \t<div class=\"team-picture\" style=\"background-image: url('https:\/\/firstgeneraleasternontario.ca\/wp-content\/uploads\/2024\/06\/first-general-eo-jamie-powell.jpg')\"><\/div>  \n            \t<div class=\"team-name\"><p>Jamie Powell<\/p><\/div>\n            \t<div class=\"team-job-title\"><p>Coordinateur des r\u00e9clamations<\/p><\/div> \n                            <\/div>     \n                <\/div>\n    <\/div>\n    <\/div>[\/vc_column_inner][\/vc_row_inner][\/vc_column][\/vc_row]<\/p>\n<\/div>","protected":false},"excerpt":{"rendered":"<p>[vc_row type=\u00a0\u00bbin_grid\u00a0\u00bb text_align=\u00a0\u00bbinherit\u00a0\u00bb el_class=\u00a0\u00bbabout-first-general-row\u00a0\u00bb][vc_column][vc_row_inner type=\u00a0\u00bbfull_width\u00a0\u00bb text_align=\u00a0\u00bbinherit\u00a0\u00bb][vc_column_inner][vc_column_text css=\u00a0\u00bb\u00a0\u00bb el_class=\u00a0\u00bbtt-uppercase dark-blue-text\u00a0\u00bb] \u00c0 propos de First General Eastern Ontario [\/vc_column_text][vc_column_text css=\u00a0\u00bb\u00a0\u00bb el_class=\u00a0\u00bbdark-blue-text\u00a0\u00bb]Notre \u00e9quipe de sp\u00e9cialistes est issue de diff\u00e9rents secteurs de la construction. Nous poss\u00e9dons les connaissances et les comp\u00e9tences n\u00e9cessaires pour fournir \u00e0 nos clients le meilleur service possible. Notre \u00e9quipe partage le m\u00eame objectif. Nous nous [&hellip;]<\/p>\n","protected":false},"author":1,"featured_media":0,"parent":0,"menu_order":0,"comment_status":"closed","ping_status":"closed","template":"","meta":{"_acf_changed":false,"_seopress_robots_primary_cat":"","_seopress_titles_title":"\u00c0 propos | Premi\u00e8re G\u00e9n\u00e9rale Est-Ontario","_seopress_titles_desc":"D\u00e9couvrez la mission et les valeurs de Premi\u00e8re G\u00e9n\u00e9rale de l\u2019Est de l\u2019Ontario. Apprenez-en plus sur notre engagement envers la restauration fiable.","_seopress_robots_index":"","footnotes":""},"class_list":["post-785","page","type-page","status-publish"],"acf":[],"_links":{"self":[{"href":"https:\/\/firstgeneraleasternontario.ca\/fr\/wp-json\/wp\/v2\/pages\/785","targetHints":{"allow":["GET"]}}],"collection":[{"href":"https:\/\/firstgeneraleasternontario.ca\/fr\/wp-json\/wp\/v2\/pages"}],"about":[{"href":"https:\/\/firstgeneraleasternontario.ca\/fr\/wp-json\/wp\/v2\/types\/page"}],"author":[{"embeddable":true,"href":"https:\/\/firstgeneraleasternontario.ca\/fr\/wp-json\/wp\/v2\/users\/1"}],"replies":[{"embeddable":true,"href":"https:\/\/firstgeneraleasternontario.ca\/fr\/wp-json\/wp\/v2\/comments?post=785"}],"version-history":[{"count":3,"href":"https:\/\/firstgeneraleasternontario.ca\/fr\/wp-json\/wp\/v2\/pages\/785\/revisions"}],"predecessor-version":[{"id":36297,"href":"https:\/\/firstgeneraleasternontario.ca\/fr\/wp-json\/wp\/v2\/pages\/785\/revisions\/36297"}],"wp:attachment":[{"href":"https:\/\/firstgeneraleasternontario.ca\/fr\/wp-json\/wp\/v2\/media?parent=785"}],"curies":[{"name":"wp","href":"https:\/\/api.w.org\/{rel}","templated":true}]}}