{"id":788,"date":"2024-05-17T19:20:17","date_gmt":"2024-05-17T23:20:17","guid":{"rendered":"https:\/\/firstgeneraleasternontario.ca\/maintenance\/"},"modified":"2025-09-30T13:06:18","modified_gmt":"2025-09-30T17:06:18","slug":"maintenance","status":"publish","type":"page","link":"https:\/\/firstgeneraleasternontario.ca\/fr\/services\/restauration\/commercial\/maintenance\/","title":{"rendered":"Maintenance"},"content":{"rendered":"<div class=\"wpb-content-wrapper\"><p>[vc_row type=\u00a0\u00bbin_grid\u00a0\u00bb text_align=\u00a0\u00bbinherit\u00a0\u00bb el_class=\u00a0\u00bbpage-int-sub-title-row\u00a0\u00bb][vc_column][vc_row_inner equal_height=\u00a0\u00bbyes\u00a0\u00bb type=\u00a0\u00bbfull_width\u00a0\u00bb text_align=\u00a0\u00bbinherit\u00a0\u00bb el_class=\u00a0\u00bbpage-int-sub-title-reverse-inner-row page-int-sub-title-inner-row\u00a0\u00bb][vc_column_inner el_class=\u00a0\u00bbvc_col-sm-push-5&Prime; width=\u00a0\u00bb7\/12&Prime;][vc_column_text css=\u00a0\u00bb\u00a0\u00bb el_class=\u00a0\u00bbdark-blue-text\u00a0\u00bb]Notre \u00e9quipe peut g\u00e9rer tout type de travail de maintenance sur les b\u00e2timents commerciaux. Nous offrons une gamme compl\u00e8te de services visant \u00e0 pr\u00e9server et am\u00e9liorer la fonctionnalit\u00e9, la s\u00e9curit\u00e9 et l&rsquo;esth\u00e9tique de la propri\u00e9t\u00e9.<\/p>\n<p><strong class=\"tt-uppercase\">Les t\u00e2ches de maintenance incluent :<\/strong><\/p>\n<ul>\n<li>La r\u00e9paration ou le remplacement des composants endommag\u00e9s du b\u00e2timent<\/li>\n<li>Le nettoyage et l&rsquo;entretien des surfaces ext\u00e9rieures<\/li>\n<li>L&rsquo;entretien des syst\u00e8mes m\u00e9caniques<\/li>\n<li>La garantie de la conformit\u00e9 aux codes et r\u00e9glementations du b\u00e2timent.<\/li>\n<\/ul>\n<p>First General Eastern Ontario propose des programmes de maintenance pr\u00e9ventive pour traiter de mani\u00e8re proactive les probl\u00e8mes potentiels avant qu&rsquo;ils ne s&rsquo;aggravent, aidant \u00e0 minimiser les temps d&rsquo;arr\u00eat, \u00e0 r\u00e9duire les co\u00fbts de r\u00e9paration et \u00e0 prolonger la dur\u00e9e de vie du b\u00e2timent. En mettant l&rsquo;accent sur l&rsquo;efficacit\u00e9, la fiabilit\u00e9 et la satisfaction du client, nous travaillons en \u00e9troite collaboration avec les propri\u00e9taires et les gestionnaires de biens pour d\u00e9velopper des plans de maintenance personnalis\u00e9s qui r\u00e9pondent aux besoins sp\u00e9cifiques et aux contraintes budg\u00e9taires de la propri\u00e9t\u00e9 commerciale.[\/vc_column_text]<a href=\"\/fr\/estimation-gratuite\/\" target=\"_self\" class=\"dist-btn\">Estimation gratuite<\/a>[\/vc_column_inner][vc_column_inner el_class=\u00a0\u00bbvc_col-sm-pull-7&Prime; width=\u00a0\u00bb5\/12&Prime; css=\u00a0\u00bb.vc_custom_1715973594093{background-image: url(https:\/\/firstgeneraleasternontario.ca\/wp-content\/uploads\/2024\/05\/first-general-eo-maintenance-img.jpg?id=356) !important;}\u00a0\u00bb][\/vc_column_inner][\/vc_row_inner][\/vc_column][\/vc_row]<\/p>\n<\/div>","protected":false},"excerpt":{"rendered":"<p>[vc_row type=\u00a0\u00bbin_grid\u00a0\u00bb text_align=\u00a0\u00bbinherit\u00a0\u00bb el_class=\u00a0\u00bbpage-int-sub-title-row\u00a0\u00bb][vc_column][vc_row_inner equal_height=\u00a0\u00bbyes\u00a0\u00bb type=\u00a0\u00bbfull_width\u00a0\u00bb text_align=\u00a0\u00bbinherit\u00a0\u00bb el_class=\u00a0\u00bbpage-int-sub-title-reverse-inner-row page-int-sub-title-inner-row\u00a0\u00bb][vc_column_inner el_class=\u00a0\u00bbvc_col-sm-push-5&Prime; width=\u00a0\u00bb7\/12&Prime;][vc_column_text css=\u00a0\u00bb\u00a0\u00bb el_class=\u00a0\u00bbdark-blue-text\u00a0\u00bb]Notre \u00e9quipe peut g\u00e9rer tout type de travail de maintenance sur les b\u00e2timents commerciaux. Nous offrons une gamme compl\u00e8te de services visant \u00e0 pr\u00e9server et am\u00e9liorer la fonctionnalit\u00e9, la s\u00e9curit\u00e9 et l&rsquo;esth\u00e9tique de la propri\u00e9t\u00e9. Les t\u00e2ches de maintenance incluent : La r\u00e9paration [&hellip;]<\/p>\n","protected":false},"author":1,"featured_media":0,"parent":832,"menu_order":0,"comment_status":"closed","ping_status":"closed","template":"","meta":{"_acf_changed":false,"_seopress_robots_primary_cat":"","_seopress_titles_title":"Maintenance commerciale | R\u00e9paration, nettoyage & entretien","_seopress_titles_desc":"Services de maintenance et restauration pour prot\u00e9ger et r\u00e9parer vos locaux commerciaux. Contactez-nous pour des solutions rapides et fiables !","_seopress_robots_index":"","footnotes":""},"class_list":["post-788","page","type-page","status-publish"],"acf":[],"_links":{"self":[{"href":"https:\/\/firstgeneraleasternontario.ca\/fr\/wp-json\/wp\/v2\/pages\/788","targetHints":{"allow":["GET"]}}],"collection":[{"href":"https:\/\/firstgeneraleasternontario.ca\/fr\/wp-json\/wp\/v2\/pages"}],"about":[{"href":"https:\/\/firstgeneraleasternontario.ca\/fr\/wp-json\/wp\/v2\/types\/page"}],"author":[{"embeddable":true,"href":"https:\/\/firstgeneraleasternontario.ca\/fr\/wp-json\/wp\/v2\/users\/1"}],"replies":[{"embeddable":true,"href":"https:\/\/firstgeneraleasternontario.ca\/fr\/wp-json\/wp\/v2\/comments?post=788"}],"version-history":[{"count":2,"href":"https:\/\/firstgeneraleasternontario.ca\/fr\/wp-json\/wp\/v2\/pages\/788\/revisions"}],"predecessor-version":[{"id":26616,"href":"https:\/\/firstgeneraleasternontario.ca\/fr\/wp-json\/wp\/v2\/pages\/788\/revisions\/26616"}],"up":[{"embeddable":true,"href":"https:\/\/firstgeneraleasternontario.ca\/fr\/wp-json\/wp\/v2\/pages\/832"}],"wp:attachment":[{"href":"https:\/\/firstgeneraleasternontario.ca\/fr\/wp-json\/wp\/v2\/media?parent=788"}],"curies":[{"name":"wp","href":"https:\/\/api.w.org\/{rel}","templated":true}]}}