{"id":792,"date":"2024-05-17T17:30:51","date_gmt":"2024-05-17T21:30:51","guid":{"rendered":"https:\/\/firstgeneraleasternontario.ca\/healthcare-facility\/"},"modified":"2025-05-18T14:13:13","modified_gmt":"2025-05-18T18:13:13","slug":"etablissement-de-sante","status":"publish","type":"page","link":"https:\/\/firstgeneraleasternontario.ca\/fr\/services\/restauration\/institutionnel\/etablissement-de-sante\/","title":{"rendered":"\u00c9tablissement de sant\u00e9"},"content":{"rendered":"<div class=\"wpb-content-wrapper\"><p>[vc_row type=\u00a0\u00bbin_grid\u00a0\u00bb text_align=\u00a0\u00bbinherit\u00a0\u00bb el_class=\u00a0\u00bbpage-int-sub-title-row\u00a0\u00bb][vc_column][vc_row_inner equal_height=\u00a0\u00bbyes\u00a0\u00bb type=\u00a0\u00bbfull_width\u00a0\u00bb text_align=\u00a0\u00bbinherit\u00a0\u00bb el_class=\u00a0\u00bbpage-int-sub-title-reverse-inner-row page-int-sub-title-inner-row\u00a0\u00bb][vc_column_inner el_class=\u00a0\u00bbvc_col-sm-push-5&Prime; width=\u00a0\u00bb7\/12&Prime;][vc_column_text css=\u00a0\u00bb\u00a0\u00bb el_class=\u00a0\u00bbdark-blue-text\u00a0\u00bb]La restauration des \u00e9tablissements de sant\u00e9 est plus complexe que d&rsquo;autres formes de restauration. Notre \u00e9quipe comprend le soin et l&rsquo;attention aux d\u00e9tails n\u00e9cessaires lorsqu&rsquo;on travaille dans des h\u00f4pitaux. Nous nous assurons de suivre les directives et les r\u00e8gles appropri\u00e9es pour que les patients et les travailleurs de la sant\u00e9 se sentent \u00e0 l&rsquo;aise avec notre \u00e9quipe. Avec l&rsquo;\u00e9quipement de protection ad\u00e9quat, nous pouvons g\u00e9rer tout projet de restauration dans un \u00e9tablissement m\u00e9dical.[\/vc_column_text]<a href=\"\/fr\/estimation-gratuite\/\" target=\"_self\" class=\"dist-btn\">Estimation gratuite<\/a>[\/vc_column_inner][vc_column_inner el_class=\u00a0\u00bbvc_col-sm-pull-7&Prime; width=\u00a0\u00bb5\/12&Prime; css=\u00a0\u00bb.vc_custom_1716467272378{background-image: url(https:\/\/firstgeneraleasternontario.ca\/wp-content\/uploads\/2024\/05\/first-general-eo-healthcare-facility-img.jpg?id=363) !important;}\u00a0\u00bb][\/vc_column_inner][\/vc_row_inner][\/vc_column][\/vc_row]<\/p>\n<\/div>","protected":false},"excerpt":{"rendered":"<p>[vc_row type=\u00a0\u00bbin_grid\u00a0\u00bb text_align=\u00a0\u00bbinherit\u00a0\u00bb el_class=\u00a0\u00bbpage-int-sub-title-row\u00a0\u00bb][vc_column][vc_row_inner equal_height=\u00a0\u00bbyes\u00a0\u00bb type=\u00a0\u00bbfull_width\u00a0\u00bb text_align=\u00a0\u00bbinherit\u00a0\u00bb el_class=\u00a0\u00bbpage-int-sub-title-reverse-inner-row page-int-sub-title-inner-row\u00a0\u00bb][vc_column_inner el_class=\u00a0\u00bbvc_col-sm-push-5&Prime; width=\u00a0\u00bb7\/12&Prime;][vc_column_text css=\u00a0\u00bb\u00a0\u00bb el_class=\u00a0\u00bbdark-blue-text\u00a0\u00bb]La restauration des \u00e9tablissements de sant\u00e9 est plus complexe que d&rsquo;autres formes de restauration. Notre \u00e9quipe comprend le soin et l&rsquo;attention aux d\u00e9tails n\u00e9cessaires lorsqu&rsquo;on travaille dans des h\u00f4pitaux. Nous nous assurons de suivre les directives et les r\u00e8gles appropri\u00e9es pour que les [&hellip;]<\/p>\n","protected":false},"author":1,"featured_media":0,"parent":823,"menu_order":0,"comment_status":"closed","ping_status":"closed","template":"","meta":{"_acf_changed":false,"_seopress_robots_primary_cat":"","_seopress_titles_title":"Restauration d'\u00e9tablissements de sant\u00e9 & h\u00f4pital (Ontario)","_seopress_titles_desc":"Services de restauration sp\u00e9cialis\u00e9s pour les \u00e9tablissements de sant\u00e9 apr\u00e8s sinistres. Contactez-nous pour des solutions s\u00fbres et rapides !","_seopress_robots_index":"","footnotes":""},"class_list":["post-792","page","type-page","status-publish"],"acf":[],"_links":{"self":[{"href":"https:\/\/firstgeneraleasternontario.ca\/fr\/wp-json\/wp\/v2\/pages\/792","targetHints":{"allow":["GET"]}}],"collection":[{"href":"https:\/\/firstgeneraleasternontario.ca\/fr\/wp-json\/wp\/v2\/pages"}],"about":[{"href":"https:\/\/firstgeneraleasternontario.ca\/fr\/wp-json\/wp\/v2\/types\/page"}],"author":[{"embeddable":true,"href":"https:\/\/firstgeneraleasternontario.ca\/fr\/wp-json\/wp\/v2\/users\/1"}],"replies":[{"embeddable":true,"href":"https:\/\/firstgeneraleasternontario.ca\/fr\/wp-json\/wp\/v2\/comments?post=792"}],"version-history":[{"count":1,"href":"https:\/\/firstgeneraleasternontario.ca\/fr\/wp-json\/wp\/v2\/pages\/792\/revisions"}],"predecessor-version":[{"id":4078,"href":"https:\/\/firstgeneraleasternontario.ca\/fr\/wp-json\/wp\/v2\/pages\/792\/revisions\/4078"}],"up":[{"embeddable":true,"href":"https:\/\/firstgeneraleasternontario.ca\/fr\/wp-json\/wp\/v2\/pages\/823"}],"wp:attachment":[{"href":"https:\/\/firstgeneraleasternontario.ca\/fr\/wp-json\/wp\/v2\/media?parent=792"}],"curies":[{"name":"wp","href":"https:\/\/api.w.org\/{rel}","templated":true}]}}