{"id":795,"date":"2024-05-17T17:31:00","date_gmt":"2024-05-17T21:31:00","guid":{"rendered":"https:\/\/firstgeneraleasternontario.ca\/educational-facility\/"},"modified":"2025-09-30T13:10:34","modified_gmt":"2025-09-30T17:10:34","slug":"etablissement-educatif","status":"publish","type":"page","link":"https:\/\/firstgeneraleasternontario.ca\/fr\/services\/restauration\/institutionnel\/etablissement-educatif\/","title":{"rendered":"\u00c9tablissement \u00e9ducatif"},"content":{"rendered":"<div class=\"wpb-content-wrapper\"><p>[vc_row type=\u00a0\u00bbin_grid\u00a0\u00bb text_align=\u00a0\u00bbinherit\u00a0\u00bb el_class=\u00a0\u00bbpage-int-sub-title-row\u00a0\u00bb][vc_column][vc_row_inner equal_height=\u00a0\u00bbyes\u00a0\u00bb type=\u00a0\u00bbfull_width\u00a0\u00bb text_align=\u00a0\u00bbinherit\u00a0\u00bb el_class=\u00a0\u00bbpage-int-sub-title-inner-row\u00a0\u00bb][vc_column_inner width=\u00a0\u00bb7\/12&Prime;][vc_column_text css=\u00a0\u00bb\u00a0\u00bb el_class=\u00a0\u00bbdark-blue-text\u00a0\u00bb]Les \u00e9tablissements \u00e9ducatifs se d\u00e9t\u00e9riorent toujours et s&rsquo;usent avec le temps. Chez First General Eastern Ontario, nous sommes fiers de travailler dans les \u00e9coles et les universit\u00e9s pour assurer que les \u00e9tudiants vivent confortablement tout en poursuivant leurs objectifs acad\u00e9miques.<\/p>\n<p><strong class=\"tt-uppercase\">First General Eastern Ontario propose \u00e9galement des techniques de restauration sp\u00e9cialis\u00e9es telles que le:<\/strong><\/p>\n<ul>\n<li>Nettoyage<\/li>\n<li>Rejointoiement<\/li>\n<li>Rafra\u00eechissement pour restaurer l&rsquo;apparence originale des caract\u00e9ristiques historiques ou architecturales importantes.<\/li>\n<\/ul>\n<p>Tout au long du processus de restauration, nous privil\u00e9gions l&rsquo;attention aux d\u00e9tails, le savoir-faire et le respect des normes de pr\u00e9servation pour garantir que le b\u00e2timent de l&rsquo;institution conserve sa signification culturelle et historique tout en r\u00e9pondant aux exigences modernes de s\u00e9curit\u00e9 et de performance.[\/vc_column_text]<a href=\"\/fr\/estimation-gratuite\/\" target=\"_self\" class=\"dist-btn\">Estimation gratuite<\/a>[\/vc_column_inner][vc_column_inner width=\u00a0\u00bb5\/12&Prime; css=\u00a0\u00bb.vc_custom_1716467652502{background-image: url(https:\/\/firstgeneraleasternontario.ca\/wp-content\/uploads\/2024\/05\/first-general-eo-educational-facility-img.jpg?id=369) !important;}\u00a0\u00bb][\/vc_column_inner][\/vc_row_inner][\/vc_column][\/vc_row]<\/p>\n<\/div>","protected":false},"excerpt":{"rendered":"<p>[vc_row type=\u00a0\u00bbin_grid\u00a0\u00bb text_align=\u00a0\u00bbinherit\u00a0\u00bb el_class=\u00a0\u00bbpage-int-sub-title-row\u00a0\u00bb][vc_column][vc_row_inner equal_height=\u00a0\u00bbyes\u00a0\u00bb type=\u00a0\u00bbfull_width\u00a0\u00bb text_align=\u00a0\u00bbinherit\u00a0\u00bb el_class=\u00a0\u00bbpage-int-sub-title-inner-row\u00a0\u00bb][vc_column_inner width=\u00a0\u00bb7\/12&Prime;][vc_column_text css=\u00a0\u00bb\u00a0\u00bb el_class=\u00a0\u00bbdark-blue-text\u00a0\u00bb]Les \u00e9tablissements \u00e9ducatifs se d\u00e9t\u00e9riorent toujours et s&rsquo;usent avec le temps. Chez First General Eastern Ontario, nous sommes fiers de travailler dans les \u00e9coles et les universit\u00e9s pour assurer que les \u00e9tudiants vivent confortablement tout en poursuivant leurs objectifs acad\u00e9miques. First General Eastern Ontario propose [&hellip;]<\/p>\n","protected":false},"author":1,"featured_media":0,"parent":823,"menu_order":0,"comment_status":"closed","ping_status":"closed","template":"","meta":{"_acf_changed":false,"_seopress_robots_primary_cat":"","_seopress_titles_title":"Restauration d'\u00e9tablissements \u00e9ducatifs & \u00e9cole en Ontario","_seopress_titles_desc":"Restauration sp\u00e9cialis\u00e9e pour les \u00e9tablissements \u00e9ducatifs apr\u00e8s sinistres. Contactez-nous d\u00e8s aujourd'hui pour des solutions rapides et fiables !","_seopress_robots_index":"","footnotes":""},"class_list":["post-795","page","type-page","status-publish"],"acf":[],"_links":{"self":[{"href":"https:\/\/firstgeneraleasternontario.ca\/fr\/wp-json\/wp\/v2\/pages\/795","targetHints":{"allow":["GET"]}}],"collection":[{"href":"https:\/\/firstgeneraleasternontario.ca\/fr\/wp-json\/wp\/v2\/pages"}],"about":[{"href":"https:\/\/firstgeneraleasternontario.ca\/fr\/wp-json\/wp\/v2\/types\/page"}],"author":[{"embeddable":true,"href":"https:\/\/firstgeneraleasternontario.ca\/fr\/wp-json\/wp\/v2\/users\/1"}],"replies":[{"embeddable":true,"href":"https:\/\/firstgeneraleasternontario.ca\/fr\/wp-json\/wp\/v2\/comments?post=795"}],"version-history":[{"count":2,"href":"https:\/\/firstgeneraleasternontario.ca\/fr\/wp-json\/wp\/v2\/pages\/795\/revisions"}],"predecessor-version":[{"id":26618,"href":"https:\/\/firstgeneraleasternontario.ca\/fr\/wp-json\/wp\/v2\/pages\/795\/revisions\/26618"}],"up":[{"embeddable":true,"href":"https:\/\/firstgeneraleasternontario.ca\/fr\/wp-json\/wp\/v2\/pages\/823"}],"wp:attachment":[{"href":"https:\/\/firstgeneraleasternontario.ca\/fr\/wp-json\/wp\/v2\/media?parent=795"}],"curies":[{"name":"wp","href":"https:\/\/api.w.org\/{rel}","templated":true}]}}