{"id":798,"date":"2024-05-17T17:31:16","date_gmt":"2024-05-17T21:31:16","guid":{"rendered":"https:\/\/firstgeneraleasternontario.ca\/depreciating-material-repair\/"},"modified":"2025-09-30T13:11:30","modified_gmt":"2025-09-30T17:11:30","slug":"reparation-des-materiaux-deprecies","status":"publish","type":"page","link":"https:\/\/firstgeneraleasternontario.ca\/fr\/services\/restauration\/institutionnel\/reparation-des-materiaux-deprecies\/","title":{"rendered":"R\u00e9paration des mat\u00e9riaux d\u00e9pr\u00e9ci\u00e9s"},"content":{"rendered":"<div class=\"wpb-content-wrapper\"><p>[vc_row type=\u00a0\u00bbin_grid\u00a0\u00bb text_align=\u00a0\u00bbinherit\u00a0\u00bb el_class=\u00a0\u00bbpage-int-sub-title-row\u00a0\u00bb][vc_column][vc_row_inner equal_height=\u00a0\u00bbyes\u00a0\u00bb type=\u00a0\u00bbfull_width\u00a0\u00bb text_align=\u00a0\u00bbinherit\u00a0\u00bb el_class=\u00a0\u00bbpage-int-sub-title-reverse-inner-row page-int-sub-title-inner-row\u00a0\u00bb][vc_column_inner el_class=\u00a0\u00bbvc_col-sm-push-5&Prime; width=\u00a0\u00bb7\/12&Prime;][vc_column_text css=\u00a0\u00bb\u00a0\u00bb el_class=\u00a0\u00bbdark-blue-text\u00a0\u00bb]Chez First General Eastern Ontario, nous nous sp\u00e9cialisons dans la restauration des mat\u00e9riaux d\u00e9pr\u00e9ci\u00e9s dans une institution. Cela implique g\u00e9n\u00e9ralement d&rsquo;\u00e9valuer l&rsquo;\u00e9tat des mat\u00e9riaux existants tels que le bois, le m\u00e9tal, le b\u00e9ton ou la ma\u00e7onnerie, d&rsquo;identifier les zones de d\u00e9t\u00e9rioration ou de dommages, et de d\u00e9velopper un plan de restauration pour r\u00e9soudre ces probl\u00e8mes.<\/p>\n<p><strong class=\"tt-uppercase\">Les services incluent :<\/strong><\/p>\n<ul>\n<li>la r\u00e9paration ou le remplacement des mat\u00e9riaux d\u00e9t\u00e9rior\u00e9s<\/li>\n<li>le renforcement des \u00e9l\u00e9ments structurels et l&rsquo;application de rev\u00eatements ou de traitements protecteurs pour pr\u00e9venir une future d\u00e9gradation.<\/li>\n<\/ul>\n<p>First General Eastern Ontario propose \u00e9galement des techniques de restauration sp\u00e9cialis\u00e9es telles que le nettoyage, le rejointoiement ou le rafra\u00eechissement pour restaurer l&rsquo;apparence originale des caract\u00e9ristiques historiques ou architecturales importantes.<\/p>\n<p>Tout au long du processus de restauration, nous privil\u00e9gions l&rsquo;attention aux d\u00e9tails, le savoir-faire et le respect des normes de pr\u00e9servation pour garantir que le b\u00e2timent de l&rsquo;institution conserve sa signification culturelle et historique tout en r\u00e9pondant aux exigences modernes de s\u00e9curit\u00e9 et de performance.[\/vc_column_text]<a href=\"\/fr\/estimation-gratuite\/\" target=\"_self\" class=\"dist-btn\">Estimation gratuite<\/a>[\/vc_column_inner][vc_column_inner el_class=\u00a0\u00bbvc_col-sm-pull-7&Prime; width=\u00a0\u00bb5\/12&Prime; css=\u00a0\u00bb.vc_custom_1716468160879{background-image: url(https:\/\/firstgeneraleasternontario.ca\/wp-content\/uploads\/2024\/05\/first-general-eo-depreciating-material-repair-img.jpg?id=374) !important;}\u00a0\u00bb][\/vc_column_inner][\/vc_row_inner][\/vc_column][\/vc_row]<\/p>\n<\/div>","protected":false},"excerpt":{"rendered":"<p>[vc_row type=\u00a0\u00bbin_grid\u00a0\u00bb text_align=\u00a0\u00bbinherit\u00a0\u00bb el_class=\u00a0\u00bbpage-int-sub-title-row\u00a0\u00bb][vc_column][vc_row_inner equal_height=\u00a0\u00bbyes\u00a0\u00bb type=\u00a0\u00bbfull_width\u00a0\u00bb text_align=\u00a0\u00bbinherit\u00a0\u00bb el_class=\u00a0\u00bbpage-int-sub-title-reverse-inner-row page-int-sub-title-inner-row\u00a0\u00bb][vc_column_inner el_class=\u00a0\u00bbvc_col-sm-push-5&Prime; width=\u00a0\u00bb7\/12&Prime;][vc_column_text css=\u00a0\u00bb\u00a0\u00bb el_class=\u00a0\u00bbdark-blue-text\u00a0\u00bb]Chez First General Eastern Ontario, nous nous sp\u00e9cialisons dans la restauration des mat\u00e9riaux d\u00e9pr\u00e9ci\u00e9s dans une institution. Cela implique g\u00e9n\u00e9ralement d&rsquo;\u00e9valuer l&rsquo;\u00e9tat des mat\u00e9riaux existants tels que le bois, le m\u00e9tal, le b\u00e9ton ou la ma\u00e7onnerie, d&rsquo;identifier les zones de d\u00e9t\u00e9rioration ou de [&hellip;]<\/p>\n","protected":false},"author":1,"featured_media":0,"parent":823,"menu_order":0,"comment_status":"closed","ping_status":"closed","template":"","meta":{"_acf_changed":false,"_seopress_robots_primary_cat":"","_seopress_titles_title":"Services de r\u00e9paration des mat\u00e9riaux d\u00e9pr\u00e9ci\u00e9s (Ontario)","_seopress_titles_desc":"R\u00e9paration sp\u00e9cialis\u00e9e des mat\u00e9riaux d\u00e9pr\u00e9ci\u00e9s dans les \u00e9tablissements institutionnels. Contactez-nous pour des solutions rapides et efficaces !","_seopress_robots_index":"","footnotes":""},"class_list":["post-798","page","type-page","status-publish"],"acf":[],"_links":{"self":[{"href":"https:\/\/firstgeneraleasternontario.ca\/fr\/wp-json\/wp\/v2\/pages\/798","targetHints":{"allow":["GET"]}}],"collection":[{"href":"https:\/\/firstgeneraleasternontario.ca\/fr\/wp-json\/wp\/v2\/pages"}],"about":[{"href":"https:\/\/firstgeneraleasternontario.ca\/fr\/wp-json\/wp\/v2\/types\/page"}],"author":[{"embeddable":true,"href":"https:\/\/firstgeneraleasternontario.ca\/fr\/wp-json\/wp\/v2\/users\/1"}],"replies":[{"embeddable":true,"href":"https:\/\/firstgeneraleasternontario.ca\/fr\/wp-json\/wp\/v2\/comments?post=798"}],"version-history":[{"count":2,"href":"https:\/\/firstgeneraleasternontario.ca\/fr\/wp-json\/wp\/v2\/pages\/798\/revisions"}],"predecessor-version":[{"id":26619,"href":"https:\/\/firstgeneraleasternontario.ca\/fr\/wp-json\/wp\/v2\/pages\/798\/revisions\/26619"}],"up":[{"embeddable":true,"href":"https:\/\/firstgeneraleasternontario.ca\/fr\/wp-json\/wp\/v2\/pages\/823"}],"wp:attachment":[{"href":"https:\/\/firstgeneraleasternontario.ca\/fr\/wp-json\/wp\/v2\/media?parent=798"}],"curies":[{"name":"wp","href":"https:\/\/api.w.org\/{rel}","templated":true}]}}