{"id":803,"date":"2024-05-17T17:29:35","date_gmt":"2024-05-17T21:29:35","guid":{"rendered":"https:\/\/firstgeneraleasternontario.ca\/home-rebuilding\/"},"modified":"2025-07-19T20:45:31","modified_gmt":"2025-07-20T00:45:31","slug":"reconstruction-de-maison","status":"publish","type":"page","link":"https:\/\/firstgeneraleasternontario.ca\/fr\/services\/construction\/reconstruction-de-maison\/","title":{"rendered":"Reconstruction de maison"},"content":{"rendered":"<div class=\"wpb-content-wrapper\"><p>[vc_row type=\u00a0\u00bbin_grid\u00a0\u00bb text_align=\u00a0\u00bbinherit\u00a0\u00bb el_class=\u00a0\u00bbpage-int-sub-title-row\u00a0\u00bb][vc_column][vc_row_inner equal_height=\u00a0\u00bbyes\u00a0\u00bb type=\u00a0\u00bbfull_width\u00a0\u00bb text_align=\u00a0\u00bbinherit\u00a0\u00bb el_class=\u00a0\u00bbpage-int-sub-title-inner-row\u00a0\u00bb][vc_column_inner width=\u00a0\u00bb7\/12&Prime;][vc_column_text css=\u00a0\u00bb\u00a0\u00bb el_class=\u00a0\u00bbdark-blue-text\u00a0\u00bb]L&rsquo;\u00e9quipe de First General Eastern Ontario se sp\u00e9cialise dans les projets de reconstruction de maisons, offrant une vari\u00e9t\u00e9 de services visant \u00e0 redonner vie \u00e0 la maison de nos clients. Notre division de sinistres majeurs est compos\u00e9e d&rsquo;un groupe de personnes tr\u00e8s exp\u00e9riment\u00e9es pr\u00eates \u00e0 voir un projet du d\u00e9but \u00e0 la fin. Nous g\u00e9rons les m\u00e9tiers, les calendriers et les budgets afin que nos clients se sentent le plus \u00e0 l&rsquo;aise possible lorsqu&rsquo;ils travaillent avec notre groupe. Nous avons un grand nombre de clients satisfaits qui ont vu leur maison passer de la ruine \u00e0 la remarquable. Nous appr\u00e9cions l&rsquo;opportunit\u00e9 de travailler dans la maison de nos clients et nous nous effor\u00e7ons de leur offrir un artisanat de qualit\u00e9 d\u00e8s le moment o\u00f9 nous recevons le travail, jusqu&rsquo;\u00e0 la toute fin. Nous offrons \u00e9galement \u00e0 nos clients un package de garantie au cas o\u00f9 des probl\u00e8mes futurs pourraient survenir.[\/vc_column_text]<a href=\"\/fr\/estimation-gratuite\/\" target=\"_self\" class=\"dist-btn\">Estimation gratuite<\/a>[\/vc_column_inner][vc_column_inner width=\u00a0\u00bb5\/12&Prime; css=\u00a0\u00bb.vc_custom_1715972147536{background-image: url(https:\/\/firstgeneraleasternontario.ca\/wp-content\/uploads\/2024\/05\/first-general-eo-home-rebuilding-img.jpg?id=332) !important;}\u00a0\u00bb][\/vc_column_inner][\/vc_row_inner][\/vc_column][\/vc_row]<\/p>\n<\/div>","protected":false},"excerpt":{"rendered":"<p>[vc_row type=\u00a0\u00bbin_grid\u00a0\u00bb text_align=\u00a0\u00bbinherit\u00a0\u00bb el_class=\u00a0\u00bbpage-int-sub-title-row\u00a0\u00bb][vc_column][vc_row_inner equal_height=\u00a0\u00bbyes\u00a0\u00bb type=\u00a0\u00bbfull_width\u00a0\u00bb text_align=\u00a0\u00bbinherit\u00a0\u00bb el_class=\u00a0\u00bbpage-int-sub-title-inner-row\u00a0\u00bb][vc_column_inner width=\u00a0\u00bb7\/12&Prime;][vc_column_text css=\u00a0\u00bb\u00a0\u00bb el_class=\u00a0\u00bbdark-blue-text\u00a0\u00bb]L&rsquo;\u00e9quipe de First General Eastern Ontario se sp\u00e9cialise dans les projets de reconstruction de maisons, offrant une vari\u00e9t\u00e9 de services visant \u00e0 redonner vie \u00e0 la maison de nos clients. Notre division de sinistres majeurs est compos\u00e9e d&rsquo;un groupe de personnes tr\u00e8s exp\u00e9riment\u00e9es pr\u00eates \u00e0 [&hellip;]<\/p>\n","protected":false},"author":1,"featured_media":0,"parent":849,"menu_order":0,"comment_status":"closed","ping_status":"closed","template":"","meta":{"_acf_changed":false,"_seopress_robots_primary_cat":"","_seopress_titles_title":"Services de reconstruction de maison apr\u00e8s sinistre Ontario","_seopress_titles_desc":"Services de reconstruction de maison apr\u00e8s sinistre pour un retour \u00e0 la normale rapide. Contactez-nous pour une expertise fiable et personnalis\u00e9e !","_seopress_robots_index":"","footnotes":""},"class_list":["post-803","page","type-page","status-publish"],"acf":[],"_links":{"self":[{"href":"https:\/\/firstgeneraleasternontario.ca\/fr\/wp-json\/wp\/v2\/pages\/803","targetHints":{"allow":["GET"]}}],"collection":[{"href":"https:\/\/firstgeneraleasternontario.ca\/fr\/wp-json\/wp\/v2\/pages"}],"about":[{"href":"https:\/\/firstgeneraleasternontario.ca\/fr\/wp-json\/wp\/v2\/types\/page"}],"author":[{"embeddable":true,"href":"https:\/\/firstgeneraleasternontario.ca\/fr\/wp-json\/wp\/v2\/users\/1"}],"replies":[{"embeddable":true,"href":"https:\/\/firstgeneraleasternontario.ca\/fr\/wp-json\/wp\/v2\/comments?post=803"}],"version-history":[{"count":1,"href":"https:\/\/firstgeneraleasternontario.ca\/fr\/wp-json\/wp\/v2\/pages\/803\/revisions"}],"predecessor-version":[{"id":4082,"href":"https:\/\/firstgeneraleasternontario.ca\/fr\/wp-json\/wp\/v2\/pages\/803\/revisions\/4082"}],"up":[{"embeddable":true,"href":"https:\/\/firstgeneraleasternontario.ca\/fr\/wp-json\/wp\/v2\/pages\/849"}],"wp:attachment":[{"href":"https:\/\/firstgeneraleasternontario.ca\/fr\/wp-json\/wp\/v2\/media?parent=803"}],"curies":[{"name":"wp","href":"https:\/\/api.w.org\/{rel}","templated":true}]}}