{"id":806,"date":"2024-05-17T17:29:21","date_gmt":"2024-05-17T21:29:21","guid":{"rendered":"https:\/\/firstgeneraleasternontario.ca\/home-building-projects\/"},"modified":"2025-09-30T13:13:24","modified_gmt":"2025-09-30T17:13:24","slug":"projets-de-construction-de-maisons","status":"publish","type":"page","link":"https:\/\/firstgeneraleasternontario.ca\/fr\/services\/construction\/projets-de-construction-de-maisons\/","title":{"rendered":"Projets de construction de maisons"},"content":{"rendered":"<div class=\"wpb-content-wrapper\"><p>[vc_row type=\u00a0\u00bbin_grid\u00a0\u00bb text_align=\u00a0\u00bbinherit\u00a0\u00bb el_class=\u00a0\u00bbpage-int-sub-title-row\u00a0\u00bb][vc_column][vc_row_inner equal_height=\u00a0\u00bbyes\u00a0\u00bb type=\u00a0\u00bbfull_width\u00a0\u00bb text_align=\u00a0\u00bbinherit\u00a0\u00bb el_class=\u00a0\u00bbpage-int-sub-title-reverse-inner-row page-int-sub-title-inner-row\u00a0\u00bb][vc_column_inner el_class=\u00a0\u00bbvc_col-sm-push-5&Prime; width=\u00a0\u00bb7\/12&Prime;][vc_column_text css=\u00a0\u00bb\u00a0\u00bb el_class=\u00a0\u00bbdark-blue-text\u00a0\u00bb]First General Eastern Ontario se sp\u00e9cialise dans les projets de construction de maisons, offrant une gamme compl\u00e8te de services visant \u00e0 donner vie \u00e0 la maison de r\u00eave de nos clients. Cela inclut les consultations initiales et les services de conception pour conceptualiser la disposition, le style et les fonctionnalit\u00e9s de la maison. Nous g\u00e9rons tous les aspects de la construction, de la pr\u00e9paration du site et de la pose des fondations \u00e0 la charpente structurelle, la toiture et les finitions ext\u00e9rieures.<\/p>\n<p>\u00c0 l&rsquo;int\u00e9rieur de la maison, nous nous occupons de l&rsquo;installation des syst\u00e8mes de plomberie, d&rsquo;\u00e9lectricit\u00e9 et de CVC, ainsi que de l&rsquo;isolation, des cloisons s\u00e8ches, des sols et des finitions int\u00e9rieures. Tout au long du projet, notre \u00e9quipe collabore \u00e9troitement avec des architectes, des ing\u00e9nieurs, des sous-traitants et des clients pour s&rsquo;assurer que la maison est construite selon leurs sp\u00e9cifications exactes, dans les d\u00e9lais et le budget impartis. L&rsquo;objectif est de livrer une maison sur mesure de haute qualit\u00e9 qui refl\u00e8te le style de vie, les pr\u00e9f\u00e9rences et les besoins du client, lui offrant un espace de vie confortable et fonctionnel pour les ann\u00e9es \u00e0 venir.[\/vc_column_text]<a href=\"\/fr\/estimation-gratuite\/\" target=\"_self\" class=\"dist-btn\">Estimation gratuite<\/a>[\/vc_column_inner][vc_column_inner el_class=\u00a0\u00bbvc_col-sm-pull-7&Prime; width=\u00a0\u00bb5\/12&Prime; css=\u00a0\u00bb.vc_custom_1715972191349{background-image: url(https:\/\/firstgeneraleasternontario.ca\/wp-content\/uploads\/2024\/05\/first-general-eo-home-building-projects-img.jpg?id=334) !important;}\u00a0\u00bb][\/vc_column_inner][\/vc_row_inner][\/vc_column][\/vc_row]<\/p>\n<\/div>","protected":false},"excerpt":{"rendered":"<p>[vc_row type=\u00a0\u00bbin_grid\u00a0\u00bb text_align=\u00a0\u00bbinherit\u00a0\u00bb el_class=\u00a0\u00bbpage-int-sub-title-row\u00a0\u00bb][vc_column][vc_row_inner equal_height=\u00a0\u00bbyes\u00a0\u00bb type=\u00a0\u00bbfull_width\u00a0\u00bb text_align=\u00a0\u00bbinherit\u00a0\u00bb el_class=\u00a0\u00bbpage-int-sub-title-reverse-inner-row page-int-sub-title-inner-row\u00a0\u00bb][vc_column_inner el_class=\u00a0\u00bbvc_col-sm-push-5&Prime; width=\u00a0\u00bb7\/12&Prime;][vc_column_text css=\u00a0\u00bb\u00a0\u00bb el_class=\u00a0\u00bbdark-blue-text\u00a0\u00bb]First General Eastern Ontario se sp\u00e9cialise dans les projets de construction de maisons, offrant une gamme compl\u00e8te de services visant \u00e0 donner vie \u00e0 la maison de r\u00eave de nos clients. Cela inclut les consultations initiales et les services de conception pour conceptualiser [&hellip;]<\/p>\n","protected":false},"author":1,"featured_media":0,"parent":849,"menu_order":0,"comment_status":"closed","ping_status":"closed","template":"","meta":{"_acf_changed":false,"_seopress_robots_primary_cat":"","_seopress_titles_title":"Projets de construction de maison | Experts en Ontario","_seopress_titles_desc":"Services professionnels pour la construction de maisons sur mesure et les projets r\u00e9sidentiels. Contactez-nous pour des solutions personnalis\u00e9es !","_seopress_robots_index":"","footnotes":""},"class_list":["post-806","page","type-page","status-publish"],"acf":[],"_links":{"self":[{"href":"https:\/\/firstgeneraleasternontario.ca\/fr\/wp-json\/wp\/v2\/pages\/806","targetHints":{"allow":["GET"]}}],"collection":[{"href":"https:\/\/firstgeneraleasternontario.ca\/fr\/wp-json\/wp\/v2\/pages"}],"about":[{"href":"https:\/\/firstgeneraleasternontario.ca\/fr\/wp-json\/wp\/v2\/types\/page"}],"author":[{"embeddable":true,"href":"https:\/\/firstgeneraleasternontario.ca\/fr\/wp-json\/wp\/v2\/users\/1"}],"replies":[{"embeddable":true,"href":"https:\/\/firstgeneraleasternontario.ca\/fr\/wp-json\/wp\/v2\/comments?post=806"}],"version-history":[{"count":2,"href":"https:\/\/firstgeneraleasternontario.ca\/fr\/wp-json\/wp\/v2\/pages\/806\/revisions"}],"predecessor-version":[{"id":26621,"href":"https:\/\/firstgeneraleasternontario.ca\/fr\/wp-json\/wp\/v2\/pages\/806\/revisions\/26621"}],"up":[{"embeddable":true,"href":"https:\/\/firstgeneraleasternontario.ca\/fr\/wp-json\/wp\/v2\/pages\/849"}],"wp:attachment":[{"href":"https:\/\/firstgeneraleasternontario.ca\/fr\/wp-json\/wp\/v2\/media?parent=806"}],"curies":[{"name":"wp","href":"https:\/\/api.w.org\/{rel}","templated":true}]}}