{"id":809,"date":"2024-05-17T17:29:41","date_gmt":"2024-05-17T21:29:41","guid":{"rendered":"https:\/\/firstgeneraleasternontario.ca\/commercial-builds\/"},"modified":"2025-09-30T13:13:57","modified_gmt":"2025-09-30T17:13:57","slug":"constructions-commerciales","status":"publish","type":"page","link":"https:\/\/firstgeneraleasternontario.ca\/fr\/services\/construction\/constructions-commerciales\/","title":{"rendered":"Constructions commerciales"},"content":{"rendered":"<div class=\"wpb-content-wrapper\"><p>[vc_row type=\u00a0\u00bbin_grid\u00a0\u00bb text_align=\u00a0\u00bbinherit\u00a0\u00bb el_class=\u00a0\u00bbpage-int-sub-title-row\u00a0\u00bb][vc_column][vc_row_inner equal_height=\u00a0\u00bbyes\u00a0\u00bb type=\u00a0\u00bbfull_width\u00a0\u00bb text_align=\u00a0\u00bbinherit\u00a0\u00bb el_class=\u00a0\u00bbpage-int-sub-title-reverse-inner-row page-int-sub-title-inner-row\u00a0\u00bb][vc_column_inner el_class=\u00a0\u00bbvc_col-sm-push-5&Prime; width=\u00a0\u00bb7\/12&Prime;][vc_column_text css=\u00a0\u00bb\u00a0\u00bb el_class=\u00a0\u00bbdark-blue-text\u00a0\u00bb]First General Eastern Ontario se sp\u00e9cialise dans la construction de b\u00e2timents commerciaux. Ces projets n\u00e9cessitent une gamme diversifi\u00e9e de services visant \u00e0 fournir des espaces fonctionnels, efficaces et esth\u00e9tiquement plaisants pour les entreprises et les organisations. Cela comprend des t\u00e2ches telles que la pr\u00e9paration du site, o\u00f9 nous d\u00e9blayons le terrain, nivelons le terrain et posons les fondations pour soutenir la nouvelle structure. Nous g\u00e9rons tous les aspects de la construction, y compris la charpente structurelle, la toiture et le bardage ext\u00e9rieur, en veillant \u00e0 ce que le b\u00e2timent respecte les exigences du code et les normes d&rsquo;int\u00e9grit\u00e9 structurelle. Les travaux int\u00e9rieurs impliquent l&rsquo;installation de syst\u00e8mes m\u00e9caniques, \u00e9lectriques et de plomberie, ainsi que des cloisons, des sols et des finitions pour cr\u00e9er des espaces utilisables adapt\u00e9s aux besoins du client. De plus, nous pouvons g\u00e9rer des fonctionnalit\u00e9s sp\u00e9ciales telles que les ascenseurs, les escaliers m\u00e9caniques et les syst\u00e8mes technologiques avanc\u00e9s. Tout au long du projet, First General Eastern Ontario coordonne avec des architectes, des ing\u00e9nieurs, des sous-traitants et des agences de r\u00e9glementation pour garantir l&rsquo;ach\u00e8vement dans les d\u00e9lais, le respect des contraintes budg\u00e9taires et des normes de qualit\u00e9, en livrant finalement des espaces commerciaux de haute qualit\u00e9 qui r\u00e9pondent aux exigences fonctionnelles et esth\u00e9tiques de nos clients.[\/vc_column_text]<a href=\"\/fr\/estimation-gratuite\/\" target=\"_self\" class=\"dist-btn\">Estimation gratuite<\/a>[\/vc_column_inner][vc_column_inner el_class=\u00a0\u00bbvc_col-sm-pull-7&Prime; width=\u00a0\u00bb5\/12&Prime; css=\u00a0\u00bb.vc_custom_1715972232158{background-image: url(https:\/\/firstgeneraleasternontario.ca\/wp-content\/uploads\/2024\/05\/first-general-eo-commercial-builds-img.jpg?id=336) !important;}\u00a0\u00bb][\/vc_column_inner][\/vc_row_inner][\/vc_column][\/vc_row]<\/p>\n<\/div>","protected":false},"excerpt":{"rendered":"<p>[vc_row type=\u00a0\u00bbin_grid\u00a0\u00bb text_align=\u00a0\u00bbinherit\u00a0\u00bb el_class=\u00a0\u00bbpage-int-sub-title-row\u00a0\u00bb][vc_column][vc_row_inner equal_height=\u00a0\u00bbyes\u00a0\u00bb type=\u00a0\u00bbfull_width\u00a0\u00bb text_align=\u00a0\u00bbinherit\u00a0\u00bb el_class=\u00a0\u00bbpage-int-sub-title-reverse-inner-row page-int-sub-title-inner-row\u00a0\u00bb][vc_column_inner el_class=\u00a0\u00bbvc_col-sm-push-5&Prime; width=\u00a0\u00bb7\/12&Prime;][vc_column_text css=\u00a0\u00bb\u00a0\u00bb el_class=\u00a0\u00bbdark-blue-text\u00a0\u00bb]First General Eastern Ontario se sp\u00e9cialise dans la construction de b\u00e2timents commerciaux. Ces projets n\u00e9cessitent une gamme diversifi\u00e9e de services visant \u00e0 fournir des espaces fonctionnels, efficaces et esth\u00e9tiquement plaisants pour les entreprises et les organisations. Cela comprend des t\u00e2ches telles que la [&hellip;]<\/p>\n","protected":false},"author":1,"featured_media":0,"parent":849,"menu_order":0,"comment_status":"closed","ping_status":"closed","template":"","meta":{"_acf_changed":false,"_seopress_robots_primary_cat":"","_seopress_titles_title":"Construction commerciale & projets sur mesure (Ontario)","_seopress_titles_desc":"Services de construction commerciale pour des projets personnalis\u00e9s et r\u00e9novations. Contactez-nous pour des solutions fiables et professionnelles !","_seopress_robots_index":"","footnotes":""},"class_list":["post-809","page","type-page","status-publish"],"acf":[],"_links":{"self":[{"href":"https:\/\/firstgeneraleasternontario.ca\/fr\/wp-json\/wp\/v2\/pages\/809","targetHints":{"allow":["GET"]}}],"collection":[{"href":"https:\/\/firstgeneraleasternontario.ca\/fr\/wp-json\/wp\/v2\/pages"}],"about":[{"href":"https:\/\/firstgeneraleasternontario.ca\/fr\/wp-json\/wp\/v2\/types\/page"}],"author":[{"embeddable":true,"href":"https:\/\/firstgeneraleasternontario.ca\/fr\/wp-json\/wp\/v2\/users\/1"}],"replies":[{"embeddable":true,"href":"https:\/\/firstgeneraleasternontario.ca\/fr\/wp-json\/wp\/v2\/comments?post=809"}],"version-history":[{"count":2,"href":"https:\/\/firstgeneraleasternontario.ca\/fr\/wp-json\/wp\/v2\/pages\/809\/revisions"}],"predecessor-version":[{"id":26622,"href":"https:\/\/firstgeneraleasternontario.ca\/fr\/wp-json\/wp\/v2\/pages\/809\/revisions\/26622"}],"up":[{"embeddable":true,"href":"https:\/\/firstgeneraleasternontario.ca\/fr\/wp-json\/wp\/v2\/pages\/849"}],"wp:attachment":[{"href":"https:\/\/firstgeneraleasternontario.ca\/fr\/wp-json\/wp\/v2\/media?parent=809"}],"curies":[{"name":"wp","href":"https:\/\/api.w.org\/{rel}","templated":true}]}}