{"id":812,"date":"2024-05-17T17:29:53","date_gmt":"2024-05-17T21:29:53","guid":{"rendered":"https:\/\/firstgeneraleasternontario.ca\/remodeling\/"},"modified":"2025-09-30T13:21:02","modified_gmt":"2025-09-30T17:21:02","slug":"remodelage","status":"publish","type":"page","link":"https:\/\/firstgeneraleasternontario.ca\/fr\/services\/renovation\/remodelage\/","title":{"rendered":"Remodelage"},"content":{"rendered":"<div class=\"wpb-content-wrapper\"><p>[vc_row type=\u00a0\u00bbin_grid\u00a0\u00bb text_align=\u00a0\u00bbinherit\u00a0\u00bb el_class=\u00a0\u00bbpage-int-sub-title-row\u00a0\u00bb][vc_column][vc_row_inner equal_height=\u00a0\u00bbyes\u00a0\u00bb type=\u00a0\u00bbfull_width\u00a0\u00bb text_align=\u00a0\u00bbinherit\u00a0\u00bb el_class=\u00a0\u00bbpage-int-sub-title-inner-row\u00a0\u00bb][vc_column_inner width=\u00a0\u00bb7\/12&Prime;][vc_column_text css=\u00a0\u00bb\u00a0\u00bb el_class=\u00a0\u00bbdark-blue-text\u00a0\u00bb]First General Eastern Ontario se sp\u00e9cialise dans le remodelage des maisons r\u00e9sidentielles. Notre \u00e9quipe offre une gamme compl\u00e8te de services pour transformer et am\u00e9liorer l&rsquo;int\u00e9rieur et l&rsquo;ext\u00e9rieur d&rsquo;une propri\u00e9t\u00e9.<\/p>\n<p>Cela inclut des t\u00e2ches telles que les r\u00e9novations de cuisine et de salle de bains, o\u00f9 nous mettons \u00e0 jour les \u00e9quipements, les surfaces et les agencements pour am\u00e9liorer la fonctionnalit\u00e9 et l&rsquo;esth\u00e9tique, ainsi que l&rsquo;installation et le rafra\u00eechissement des sols pour renouveler l&rsquo;apparence et la sensation des espaces de vie. De plus, nous fournissons des services de peinture int\u00e9rieure pour donner un nouveau look aux murs et plafonds, ainsi que des travaux de menuiserie et de garniture pour installer ou r\u00e9parer les garnitures int\u00e9rieures et les \u00e9l\u00e9ments int\u00e9gr\u00e9s. Les mises \u00e0 niveau \u00e9lectriques et de plomberie font \u00e9galement partie de notre expertise, garantissant des normes de s\u00e9curit\u00e9 modernes et l&rsquo;adaptation aux nouveaux \u00e9quipements ou appareils.<\/p>\n<p>Globalement, nos services englobent tous les aspects du remodelage r\u00e9sidentiel, des modifications structurelles aux am\u00e9liorations cosm\u00e9tiques, pour cr\u00e9er des espaces de vie personnalis\u00e9s et confortables adapt\u00e9s aux besoins et aux pr\u00e9f\u00e9rences de nos clients.[\/vc_column_text]<a href=\"\/fr\/estimation-gratuite\/\" target=\"_self\" class=\"dist-btn\">Estimation gratuite<\/a>[\/vc_column_inner][vc_column_inner width=\u00a0\u00bb5\/12&Prime; css=\u00a0\u00bb.vc_custom_1715972509545{background-image: url(https:\/\/firstgeneraleasternontario.ca\/wp-content\/uploads\/2024\/05\/first-general-eo-remodeling-img.jpg?id=339) !important;}\u00a0\u00bb][\/vc_column_inner][\/vc_row_inner][\/vc_column][\/vc_row]<\/p>\n<\/div>","protected":false},"excerpt":{"rendered":"<p>[vc_row type=\u00a0\u00bbin_grid\u00a0\u00bb text_align=\u00a0\u00bbinherit\u00a0\u00bb el_class=\u00a0\u00bbpage-int-sub-title-row\u00a0\u00bb][vc_column][vc_row_inner equal_height=\u00a0\u00bbyes\u00a0\u00bb type=\u00a0\u00bbfull_width\u00a0\u00bb text_align=\u00a0\u00bbinherit\u00a0\u00bb el_class=\u00a0\u00bbpage-int-sub-title-inner-row\u00a0\u00bb][vc_column_inner width=\u00a0\u00bb7\/12&Prime;][vc_column_text css=\u00a0\u00bb\u00a0\u00bb el_class=\u00a0\u00bbdark-blue-text\u00a0\u00bb]First General Eastern Ontario se sp\u00e9cialise dans le remodelage des maisons r\u00e9sidentielles. Notre \u00e9quipe offre une gamme compl\u00e8te de services pour transformer et am\u00e9liorer l&rsquo;int\u00e9rieur et l&rsquo;ext\u00e9rieur d&rsquo;une propri\u00e9t\u00e9. Cela inclut des t\u00e2ches telles que les r\u00e9novations de cuisine et de salle de bains, o\u00f9 [&hellip;]<\/p>\n","protected":false},"author":1,"featured_media":0,"parent":851,"menu_order":0,"comment_status":"closed","ping_status":"closed","template":"","meta":{"_acf_changed":false,"_seopress_robots_primary_cat":"","_seopress_titles_title":"Services de remodelage r\u00e9sidentiel sur mesure - R\u00e9novation","_seopress_titles_desc":"Remodelage professionnel pour moderniser vos espaces r\u00e9sidentiels et commerciaux. Contactez-nous d\u00e8s aujourd'hui pour des solutions sur mesure et fiables !","_seopress_robots_index":"","footnotes":""},"class_list":["post-812","page","type-page","status-publish"],"acf":[],"_links":{"self":[{"href":"https:\/\/firstgeneraleasternontario.ca\/fr\/wp-json\/wp\/v2\/pages\/812","targetHints":{"allow":["GET"]}}],"collection":[{"href":"https:\/\/firstgeneraleasternontario.ca\/fr\/wp-json\/wp\/v2\/pages"}],"about":[{"href":"https:\/\/firstgeneraleasternontario.ca\/fr\/wp-json\/wp\/v2\/types\/page"}],"author":[{"embeddable":true,"href":"https:\/\/firstgeneraleasternontario.ca\/fr\/wp-json\/wp\/v2\/users\/1"}],"replies":[{"embeddable":true,"href":"https:\/\/firstgeneraleasternontario.ca\/fr\/wp-json\/wp\/v2\/comments?post=812"}],"version-history":[{"count":2,"href":"https:\/\/firstgeneraleasternontario.ca\/fr\/wp-json\/wp\/v2\/pages\/812\/revisions"}],"predecessor-version":[{"id":26624,"href":"https:\/\/firstgeneraleasternontario.ca\/fr\/wp-json\/wp\/v2\/pages\/812\/revisions\/26624"}],"up":[{"embeddable":true,"href":"https:\/\/firstgeneraleasternontario.ca\/fr\/wp-json\/wp\/v2\/pages\/851"}],"wp:attachment":[{"href":"https:\/\/firstgeneraleasternontario.ca\/fr\/wp-json\/wp\/v2\/media?parent=812"}],"curies":[{"name":"wp","href":"https:\/\/api.w.org\/{rel}","templated":true}]}}