{"id":819,"date":"2024-05-17T17:30:09","date_gmt":"2024-05-17T21:30:09","guid":{"rendered":"https:\/\/firstgeneraleasternontario.ca\/exterior\/"},"modified":"2025-09-30T13:22:05","modified_gmt":"2025-09-30T17:22:05","slug":"exterieur","status":"publish","type":"page","link":"https:\/\/firstgeneraleasternontario.ca\/fr\/services\/renovation\/exterieur\/","title":{"rendered":"Ext\u00e9rieur"},"content":{"rendered":"<div class=\"wpb-content-wrapper\"><p>[vc_row type=\u00a0\u00bbin_grid\u00a0\u00bb text_align=\u00a0\u00bbinherit\u00a0\u00bb el_class=\u00a0\u00bbpage-int-sub-title-row\u00a0\u00bb][vc_column][vc_row_inner equal_height=\u00a0\u00bbyes\u00a0\u00bb type=\u00a0\u00bbfull_width\u00a0\u00bb text_align=\u00a0\u00bbinherit\u00a0\u00bb el_class=\u00a0\u00bbpage-int-sub-title-reverse-inner-row page-int-sub-title-inner-row\u00a0\u00bb][vc_column_inner el_class=\u00a0\u00bbvc_col-sm-push-5&Prime; width=\u00a0\u00bb7\/12&Prime;][vc_column_text css=\u00a0\u00bb\u00a0\u00bb el_class=\u00a0\u00bbdark-blue-text\u00a0\u00bb]Notre \u00e9quipe se sp\u00e9cialise dans la r\u00e9novation ext\u00e9rieure. Avec de nombreuses ann\u00e9es d&rsquo;exp\u00e9rience dans la r\u00e9paration, l&rsquo;am\u00e9lioration ou la r\u00e9novation compl\u00e8te des \u00e9l\u00e9ments ext\u00e9rieurs des b\u00e2timents r\u00e9sidentiels ou commerciaux.[\/vc_column_text]<a href=\"\/fr\/estimation-gratuite\/\" target=\"_self\" class=\"dist-btn\">Estimation gratuite<\/a>[\/vc_column_inner][vc_column_inner el_class=\u00a0\u00bbvc_col-sm-pull-7&Prime; width=\u00a0\u00bb5\/12&Prime; css=\u00a0\u00bb.vc_custom_1715973386367{background-image: url(https:\/\/firstgeneraleasternontario.ca\/wp-content\/uploads\/2024\/05\/first-general-eo-exterior-img.jpg?id=351) !important;}\u00a0\u00bb][\/vc_column_inner][\/vc_row_inner][\/vc_column][\/vc_row][vc_row type=\u00a0\u00bbin_grid\u00a0\u00bb text_align=\u00a0\u00bbinherit\u00a0\u00bb el_class=\u00a0\u00bbpadding-t-100&Prime;][vc_column][vc_row_inner type=\u00a0\u00bbfull_width\u00a0\u00bb text_align=\u00a0\u00bbinherit\u00a0\u00bb][vc_column_inner][vc_column_text css=\u00a0\u00bb\u00a0\u00bb el_class=\u00a0\u00bbtoptitle dark-blue-text fw-500&Prime;]Cat\u00e9gories de r\u00e9novation ext\u00e9rieure[\/vc_column_text][\/vc_column_inner][\/vc_row_inner][\/vc_column][\/vc_row][vc_row type=\u00a0\u00bbfull_width\u00a0\u00bb text_align=\u00a0\u00bbinherit\u00a0\u00bb css=\u00a0\u00bb.vc_custom_1716472629757{background-color: #4e8eff !important;}\u00a0\u00bb el_class=\u00a0\u00bbblue-row padding-b-100&Prime;][vc_column][vc_row_inner equal_height=\u00a0\u00bbyes\u00a0\u00bb type=\u00a0\u00bbfull_width\u00a0\u00bb text_align=\u00a0\u00bbinherit\u00a0\u00bb el_class=\u00a0\u00bbblue-inner-row white-text margin-t-100&Prime; css=\u00a0\u00bb.vc_custom_1716471725806{background-color: #1e6efa !important;}\u00a0\u00bb][vc_column_inner width=\u00a0\u00bb5\/12&Prime; css=\u00a0\u00bb.vc_custom_1716470259579{background-image: url(https:\/\/firstgeneraleasternontario.ca\/wp-content\/uploads\/2024\/05\/first-general-eo-renovation-exterior-roofing-img.jpg?id=391) !important;}\u00a0\u00bb][\/vc_column_inner][vc_column_inner el_class=\u00a0\u00bbpadding-50&Prime; width=\u00a0\u00bb7\/12&Prime;][vc_column_text css=\u00a0\u00bb\u00a0\u00bb el_class=\u00a0\u00bbblue-row-title tt-uppercase\u00a0\u00bb]<\/p>\n<h2>Toiture<\/h2>\n<p>[\/vc_column_text][vc_column_text css=\u00a0\u00bb\u00a0\u00bb]Cela peut impliquer la r\u00e9paration ou le remplacement des toitures endommag\u00e9es ou anciennes. Nous pouvons r\u00e9parer les fuites, remplacer les bardeaux manquants, installer de nouveaux mat\u00e9riaux de toiture (comme des bardeaux d&rsquo;asphalte, des toitures m\u00e9talliques ou des tuiles), ou m\u00eame restructurer le toit pour am\u00e9liorer le drainage ou l&rsquo;esth\u00e9tique.[\/vc_column_text]<a href=\"\/fr\/estimation-gratuite\/\" target=\"_self\" class=\"dist-btn type2\">Estimation gratuite<\/a>[\/vc_column_inner][\/vc_row_inner][vc_row_inner equal_height=\u00a0\u00bbyes\u00a0\u00bb content_placement=\u00a0\u00bbbottom\u00a0\u00bb type=\u00a0\u00bbfull_width\u00a0\u00bb text_align=\u00a0\u00bbinherit\u00a0\u00bb el_class=\u00a0\u00bbblue-inner-row white-text margin-t-100&Prime; css=\u00a0\u00bb.vc_custom_1716470869507{background-color: #1e6efa !important;}\u00a0\u00bb][vc_column_inner el_class=\u00a0\u00bbvc_col-sm-push-7&Prime; width=\u00a0\u00bb5\/12&Prime; css=\u00a0\u00bb.vc_custom_1716470370981{background-image: url(https:\/\/firstgeneraleasternontario.ca\/wp-content\/uploads\/2024\/05\/first-general-eo-renovation-exterior-siding-img.jpg?id=394) !important;}\u00a0\u00bb][\/vc_column_inner][vc_column_inner el_class=\u00a0\u00bbvc_col-sm-pull-5 padding-50&Prime; width=\u00a0\u00bb7\/12&Prime;][vc_column_text css=\u00a0\u00bb\u00a0\u00bb el_class=\u00a0\u00bbblue-row-title tt-uppercase\u00a0\u00bb]<\/p>\n<h2>Installation et r\u00e9paration de rev\u00eatement<\/h2>\n<p>[\/vc_column_text][vc_column_text css=\u00a0\u00bb\u00a0\u00bb]Nous offrons des services pour installer de nouveaux rev\u00eatements ou r\u00e9parer les rev\u00eatements existants. Nous travaillons avec le vinyle, le bois, le fibrociment ou le stuc. Les travaux de rev\u00eatement peuvent consid\u00e9rablement am\u00e9liorer l&rsquo;apparence et la r\u00e9sistance aux intemp\u00e9ries d&rsquo;un b\u00e2timent.[\/vc_column_text]<a href=\"\/fr\/estimation-gratuite\/\" target=\"_self\" class=\"dist-btn type2\">Estimation gratuite<\/a>[\/vc_column_inner][\/vc_row_inner][vc_row_inner equal_height=\u00a0\u00bbyes\u00a0\u00bb type=\u00a0\u00bbfull_width\u00a0\u00bb text_align=\u00a0\u00bbinherit\u00a0\u00bb el_class=\u00a0\u00bbblue-inner-row white-text margin-t-100&Prime; css=\u00a0\u00bb.vc_custom_1716471718508{background-color: #1e6efa !important;}\u00a0\u00bb][vc_column_inner width=\u00a0\u00bb5\/12&Prime; css=\u00a0\u00bb.vc_custom_1716473050630{background-image: url(https:\/\/firstgeneraleasternontario.ca\/wp-content\/uploads\/2024\/05\/first-general-eo-renovation-exterior-window-replacement-img.jpg?id=417) !important;}\u00a0\u00bb][\/vc_column_inner][vc_column_inner el_class=\u00a0\u00bbpadding-50&Prime; width=\u00a0\u00bb7\/12&Prime;][vc_column_text css=\u00a0\u00bb\u00a0\u00bb el_class=\u00a0\u00bbblue-row-title tt-uppercase\u00a0\u00bb]<\/p>\n<h2>Remplacement de fen\u00eatres et de portes<\/h2>\n<p>[\/vc_column_text][vc_column_text css=\u00a0\u00bb\u00a0\u00bb]Notre \u00e9quipe est capable d&rsquo;installer des fen\u00eatres et des portes \u00e9co\u00e9nerg\u00e9tiques qui am\u00e9liorent l&rsquo;esth\u00e9tique de la propri\u00e9t\u00e9 tout en am\u00e9liorant l&rsquo;isolation et en r\u00e9duisant les co\u00fbts \u00e9nerg\u00e9tiques. Notre travail inclut le retrait des anciennes fen\u00eatres et portes, la mesure et l&rsquo;installation des nouvelles, et l&rsquo;assurance d&rsquo;une bonne \u00e9tanch\u00e9it\u00e9 et isolation.[\/vc_column_text]<a href=\"\/fr\/estimation-gratuite\/\" target=\"_self\" class=\"dist-btn type2\">Estimation gratuite<\/a>[\/vc_column_inner][\/vc_row_inner][vc_row_inner equal_height=\u00a0\u00bbyes\u00a0\u00bb content_placement=\u00a0\u00bbbottom\u00a0\u00bb type=\u00a0\u00bbfull_width\u00a0\u00bb text_align=\u00a0\u00bbinherit\u00a0\u00bb el_class=\u00a0\u00bbblue-inner-row white-text margin-t-100&Prime; css=\u00a0\u00bb.vc_custom_1716470869507{background-color: #1e6efa !important;}\u00a0\u00bb][vc_column_inner el_class=\u00a0\u00bbvc_col-sm-push-7&Prime; width=\u00a0\u00bb5\/12&Prime; css=\u00a0\u00bb.vc_custom_1716473119504{background-image: url(https:\/\/firstgeneraleasternontario.ca\/wp-content\/uploads\/2024\/05\/first-general-eo-renovation-exterior-painting-img.jpg?id=419) !important;}\u00a0\u00bb][\/vc_column_inner][vc_column_inner el_class=\u00a0\u00bbvc_col-sm-pull-5 padding-50&Prime; width=\u00a0\u00bb7\/12&Prime;][vc_column_text css=\u00a0\u00bb\u00a0\u00bb el_class=\u00a0\u00bbblue-row-title tt-uppercase\u00a0\u00bb]<\/p>\n<h2>Peinture ext\u00e9rieure<\/h2>\n<p>[\/vc_column_text][vc_column_text css=\u00a0\u00bb\u00a0\u00bb]Peindre les surfaces ext\u00e9rieures d&rsquo;un b\u00e2timent peut am\u00e9liorer consid\u00e9rablement son apparence et le prot\u00e9ger des dommages caus\u00e9s par les intemp\u00e9ries. Notre \u00e9quipe de sp\u00e9cialistes peut effectuer la pr\u00e9paration des surfaces, comme le nettoyage et l&rsquo;appr\u00eat, avant d&rsquo;appliquer la peinture ou la teinture.[\/vc_column_text]<a href=\"\/fr\/estimation-gratuite\/\" target=\"_self\" class=\"dist-btn type2\">Estimation gratuite<\/a>[\/vc_column_inner][\/vc_row_inner][vc_row_inner equal_height=\u00a0\u00bbyes\u00a0\u00bb type=\u00a0\u00bbfull_width\u00a0\u00bb text_align=\u00a0\u00bbinherit\u00a0\u00bb el_class=\u00a0\u00bbblue-inner-row white-text margin-t-100&Prime; css=\u00a0\u00bb.vc_custom_1716471718508{background-color: #1e6efa !important;}\u00a0\u00bb][vc_column_inner width=\u00a0\u00bb5\/12&Prime; css=\u00a0\u00bb.vc_custom_1716473153049{background-image: url(https:\/\/firstgeneraleasternontario.ca\/wp-content\/uploads\/2024\/05\/first-general-eo-renovation-exterior-deck-patio-img.jpg?id=420) !important;}\u00a0\u00bb][\/vc_column_inner][vc_column_inner el_class=\u00a0\u00bbpadding-50&Prime; width=\u00a0\u00bb7\/12&Prime;][vc_column_text css=\u00a0\u00bb\u00a0\u00bb el_class=\u00a0\u00bbblue-row-title tt-uppercase\u00a0\u00bb]<\/p>\n<h2>Construction ou restauration de terrasses et patios<\/h2>\n<p>[\/vc_column_text][vc_column_text css=\u00a0\u00bb\u00a0\u00bb]Construire ou r\u00e9nover des espaces de vie ext\u00e9rieurs comme les terrasses et les patios est un autre service courant. Ces services incluent la r\u00e9paration ou le remplacement des mat\u00e9riaux de terrasse, la construction de nouvelles structures ou l&rsquo;ajout de caract\u00e9ristiques telles que des rampes, des escaliers ou des pergolas.[\/vc_column_text]<a href=\"\/fr\/estimation-gratuite\/\" target=\"_self\" class=\"dist-btn type2\">Estimation gratuite<\/a>[\/vc_column_inner][\/vc_row_inner][vc_row_inner equal_height=\u00a0\u00bbyes\u00a0\u00bb content_placement=\u00a0\u00bbbottom\u00a0\u00bb type=\u00a0\u00bbfull_width\u00a0\u00bb text_align=\u00a0\u00bbinherit\u00a0\u00bb el_class=\u00a0\u00bbblue-inner-row white-text margin-t-100&Prime; css=\u00a0\u00bb.vc_custom_1716470869507{background-color: #1e6efa !important;}\u00a0\u00bb][vc_column_inner el_class=\u00a0\u00bbvc_col-sm-push-7&Prime; width=\u00a0\u00bb5\/12&Prime; css=\u00a0\u00bb.vc_custom_1716473200854{background-image: url(https:\/\/firstgeneraleasternontario.ca\/wp-content\/uploads\/2024\/05\/first-general-eo-renovation-exterior-gutter-img.jpg?id=421) !important;}\u00a0\u00bb][\/vc_column_inner][vc_column_inner el_class=\u00a0\u00bbvc_col-sm-pull-5 padding-50&Prime; width=\u00a0\u00bb7\/12&Prime;][vc_column_text css=\u00a0\u00bb\u00a0\u00bb el_class=\u00a0\u00bbblue-row-title tt-uppercase\u00a0\u00bb]<\/p>\n<h2>Installation et r\u00e9paration de goutti\u00e8res<\/h2>\n<p>[\/vc_column_text][vc_column_text css=\u00a0\u00bb\u00a0\u00bb]Des goutti\u00e8res en bon \u00e9tat sont essentielles pour diriger l&rsquo;eau loin du b\u00e2timent et pr\u00e9venir les dommages caus\u00e9s par l&rsquo;eau. Les services peuvent inclure l&rsquo;installation de nouvelles goutti\u00e8res, la r\u00e9paration des fuites ou des dommages, et l&rsquo;ajout de prot\u00e8ge-goutti\u00e8res pour pr\u00e9venir les obstructions.[\/vc_column_text]<a href=\"\/fr\/estimation-gratuite\/\" target=\"_self\" class=\"dist-btn type2\">Estimation gratuite<\/a>[\/vc_column_inner][\/vc_row_inner][vc_row_inner equal_height=\u00a0\u00bbyes\u00a0\u00bb type=\u00a0\u00bbfull_width\u00a0\u00bb text_align=\u00a0\u00bbinherit\u00a0\u00bb el_class=\u00a0\u00bbblue-inner-row white-text margin-t-100&Prime; css=\u00a0\u00bb.vc_custom_1716471718508{background-color: #1e6efa !important;}\u00a0\u00bb][vc_column_inner width=\u00a0\u00bb5\/12&Prime; css=\u00a0\u00bb.vc_custom_1716473219349{background-image: url(https:\/\/firstgeneraleasternontario.ca\/wp-content\/uploads\/2024\/05\/first-general-eo-renovation-exterior-masonry-img.jpg?id=422) !important;}\u00a0\u00bb][\/vc_column_inner][vc_column_inner el_class=\u00a0\u00bbpadding-50&Prime; width=\u00a0\u00bb7\/12&Prime;][vc_column_text css=\u00a0\u00bb\u00a0\u00bb el_class=\u00a0\u00bbblue-row-title tt-uppercase\u00a0\u00bb]<\/p>\n<h2>Travaux de ma\u00e7onnerie<\/h2>\n<p>[\/vc_column_text][vc_column_text css=\u00a0\u00bb\u00a0\u00bb]Cela peut impliquer la r\u00e9paration ou la restauration des \u00e9l\u00e9ments en brique ou en pierre sur l&rsquo;ext\u00e9rieur d&rsquo;un b\u00e2timent, tels que les chemin\u00e9es, les murs ou les fa\u00e7ades. Cela inclut des t\u00e2ches comme le rejointoiement des joints de mortier, le remplacement des briques ou des pierres endommag\u00e9es, ou l&rsquo;ajout de nouvelles caract\u00e9ristiques de ma\u00e7onnerie.[\/vc_column_text]<a href=\"\/fr\/estimation-gratuite\/\" target=\"_self\" class=\"dist-btn type2\">Estimation gratuite<\/a>[\/vc_column_inner][\/vc_row_inner][vc_row_inner equal_height=\u00a0\u00bbyes\u00a0\u00bb content_placement=\u00a0\u00bbbottom\u00a0\u00bb type=\u00a0\u00bbfull_width\u00a0\u00bb text_align=\u00a0\u00bbinherit\u00a0\u00bb el_class=\u00a0\u00bbblue-inner-row white-text margin-t-100&Prime; css=\u00a0\u00bb.vc_custom_1716470869507{background-color: #1e6efa !important;}\u00a0\u00bb][vc_column_inner el_class=\u00a0\u00bbvc_col-sm-push-7&Prime; width=\u00a0\u00bb5\/12&Prime; css=\u00a0\u00bb.vc_custom_1716473249223{background-image: url(https:\/\/firstgeneraleasternontario.ca\/wp-content\/uploads\/2024\/05\/first-general-eo-renovation-exterior-lightning-img.jpg?id=423) !important;}\u00a0\u00bb][\/vc_column_inner][vc_column_inner el_class=\u00a0\u00bbvc_col-sm-pull-5 padding-50&Prime; width=\u00a0\u00bb7\/12&Prime;][vc_column_text css=\u00a0\u00bb\u00a0\u00bb el_class=\u00a0\u00bbblue-row-title tt-uppercase\u00a0\u00bb]<\/p>\n<h2>Installation d&rsquo;\u00e9clairage ext\u00e9rieur<\/h2>\n<p>[\/vc_column_text][vc_column_text css=\u00a0\u00bb\u00a0\u00bb]L&rsquo;installation d&rsquo;\u00e9clairage ext\u00e9rieur peut am\u00e9liorer \u00e0 la fois l&rsquo;esth\u00e9tique et la s\u00e9curit\u00e9 d&rsquo;une propri\u00e9t\u00e9. Nous sommes capables d&rsquo;installer de nouveaux luminaires, de mettre en place un \u00e9clairage paysager, ou de passer \u00e0 un \u00e9clairage LED \u00e9co\u00e9nerg\u00e9tique.[\/vc_column_text]<a href=\"\/fr\/estimation-gratuite\/\" target=\"_self\" class=\"dist-btn type2\">Estimation gratuite<\/a>[\/vc_column_inner][\/vc_row_inner][vc_row_inner equal_height=\u00a0\u00bbyes\u00a0\u00bb type=\u00a0\u00bbfull_width\u00a0\u00bb text_align=\u00a0\u00bbinherit\u00a0\u00bb el_class=\u00a0\u00bbblue-inner-row white-text margin-t-100&Prime; css=\u00a0\u00bb.vc_custom_1716471718508{background-color: #1e6efa !important;}\u00a0\u00bb][vc_column_inner width=\u00a0\u00bb5\/12&Prime; css=\u00a0\u00bb.vc_custom_1716473308055{background-image: url(https:\/\/firstgeneraleasternontario.ca\/wp-content\/uploads\/2024\/05\/first-general-eo-renovation-exterior-consultation-design-img.jpg?id=424) !important;}\u00a0\u00bb][\/vc_column_inner][vc_column_inner el_class=\u00a0\u00bbpadding-50&Prime; width=\u00a0\u00bb7\/12&Prime;][vc_column_text css=\u00a0\u00bb\u00a0\u00bb el_class=\u00a0\u00bbblue-row-title tt-uppercase\u00a0\u00bb]<\/p>\n<h2>Services de consultation et de conception<\/h2>\n<p>[\/vc_column_text][vc_column_text css=\u00a0\u00bb\u00a0\u00bb]Notre \u00e9quipe de sp\u00e9cialistes offre des services de consultation et de conception pour aider les propri\u00e9taires \u00e0 planifier et ex\u00e9cuter des projets de r\u00e9novation ext\u00e9rieure. Cela peut inclure l&rsquo;\u00e9valuation de l&rsquo;\u00e9tat de la propri\u00e9t\u00e9, la discussion des pr\u00e9f\u00e9rences de conception et des consid\u00e9rations budg\u00e9taires, et le d\u00e9veloppement d&rsquo;un plan de r\u00e9novation personnalis\u00e9.[\/vc_column_text]<a href=\"\/fr\/estimation-gratuite\/\" target=\"_self\" class=\"dist-btn type2\">Estimation gratuite<\/a>[\/vc_column_inner][\/vc_row_inner][\/vc_column][\/vc_row][vc_row type=\u00a0\u00bbin_grid\u00a0\u00bb text_align=\u00a0\u00bbinherit\u00a0\u00bb css=\u00a0\u00bb.vc_custom_1716475717507{background-color: #0a1c3a !important;}\u00a0\u00bb el_class=\u00a0\u00bbin-service-years-row\u00a0\u00bb][vc_column][vc_row_inner equal_height=\u00a0\u00bbyes\u00a0\u00bb type=\u00a0\u00bbfull_width\u00a0\u00bb text_align=\u00a0\u00bbinherit\u00a0\u00bb el_class=\u00a0\u00bbin-service-years-inner-row\u00a0\u00bb][vc_column_inner el_class=\u00a0\u00bbpadding-50 white-text\u00a0\u00bb width=\u00a0\u00bb2\/3&Prime;][vc_column_text css=\u00a0\u00bb\u00a0\u00bb el_class=\u00a0\u00bbtt-uppercase\u00a0\u00bb]<\/p>\n<h2>En service depuis plus de 40 ans !<\/h2>\n<p>[\/vc_column_text][vc_column_text css=\u00a0\u00bb\u00a0\u00bb]First General Eastern Ontario est un leader dans l&rsquo;industrie de la construction depuis <strong>41 ans<\/strong>, gr\u00e2ce \u00e0 notre capacit\u00e9 \u00e0 d\u00e9finir les normes de travail dans notre secteur. Nous sommes fiers d&rsquo;\u00eatre des entrepreneurs et de faire un travail honn\u00eate pour nos clients qui n\u00e9cessitent nos services.[\/vc_column_text]<a href=\"\/fr\/a-propos\/\" target=\"_self\" class=\"dist-btn\">En savoir plus<\/a>[\/vc_column_inner][vc_column_inner width=\u00a0\u00bb1\/3&Prime; css=\u00a0\u00bb.vc_custom_1716476064222{background-image: url(https:\/\/firstgeneraleasternontario.ca\/wp-content\/uploads\/2024\/05\/first-general-eo-service-years-img.png?id=439) !important;}\u00a0\u00bb][\/vc_column_inner][\/vc_row_inner][\/vc_column][\/vc_row]<\/p>\n<\/div>","protected":false},"excerpt":{"rendered":"<p>[vc_row type=\u00a0\u00bbin_grid\u00a0\u00bb text_align=\u00a0\u00bbinherit\u00a0\u00bb el_class=\u00a0\u00bbpage-int-sub-title-row\u00a0\u00bb][vc_column][vc_row_inner equal_height=\u00a0\u00bbyes\u00a0\u00bb type=\u00a0\u00bbfull_width\u00a0\u00bb text_align=\u00a0\u00bbinherit\u00a0\u00bb el_class=\u00a0\u00bbpage-int-sub-title-reverse-inner-row page-int-sub-title-inner-row\u00a0\u00bb][vc_column_inner el_class=\u00a0\u00bbvc_col-sm-push-5&Prime; width=\u00a0\u00bb7\/12&Prime;][vc_column_text css=\u00a0\u00bb\u00a0\u00bb el_class=\u00a0\u00bbdark-blue-text\u00a0\u00bb]Notre \u00e9quipe se sp\u00e9cialise dans la r\u00e9novation ext\u00e9rieure. Avec de nombreuses ann\u00e9es d&rsquo;exp\u00e9rience dans la r\u00e9paration, l&rsquo;am\u00e9lioration ou la r\u00e9novation compl\u00e8te des \u00e9l\u00e9ments ext\u00e9rieurs des b\u00e2timents r\u00e9sidentiels ou commerciaux.[\/vc_column_text][\/vc_column_inner][vc_column_inner el_class=\u00a0\u00bbvc_col-sm-pull-7&Prime; width=\u00a0\u00bb5\/12&Prime; css=\u00a0\u00bb.vc_custom_1715973386367{background-image: url(https:\/\/firstgeneraleasternontario.ca\/wp-content\/uploads\/2024\/05\/first-general-eo-exterior-img.jpg?id=351) !important;}\u00a0\u00bb][\/vc_column_inner][\/vc_row_inner][\/vc_column][\/vc_row][vc_row type=\u00a0\u00bbin_grid\u00a0\u00bb text_align=\u00a0\u00bbinherit\u00a0\u00bb el_class=\u00a0\u00bbpadding-t-100&Prime;][vc_column][vc_row_inner type=\u00a0\u00bbfull_width\u00a0\u00bb text_align=\u00a0\u00bbinherit\u00a0\u00bb][vc_column_inner][vc_column_text css=\u00a0\u00bb\u00a0\u00bb el_class=\u00a0\u00bbtoptitle dark-blue-text fw-500&Prime;]Cat\u00e9gories [&hellip;]<\/p>\n","protected":false},"author":1,"featured_media":0,"parent":851,"menu_order":0,"comment_status":"closed","ping_status":"closed","template":"","meta":{"_acf_changed":false,"_seopress_robots_primary_cat":"","_seopress_titles_title":"Services r\u00e9novation ext\u00e9rieure | Toiture, rev\u00eatement & plus","_seopress_titles_desc":"Modernisez l'ext\u00e9rieur de votre propri\u00e9t\u00e9 avec des services de r\u00e9novation ext\u00e9rieure. Contactez-nous pour des solutions adapt\u00e9es \u00e0 vos besoins !","_seopress_robots_index":"","footnotes":""},"class_list":["post-819","page","type-page","status-publish"],"acf":[],"_links":{"self":[{"href":"https:\/\/firstgeneraleasternontario.ca\/fr\/wp-json\/wp\/v2\/pages\/819","targetHints":{"allow":["GET"]}}],"collection":[{"href":"https:\/\/firstgeneraleasternontario.ca\/fr\/wp-json\/wp\/v2\/pages"}],"about":[{"href":"https:\/\/firstgeneraleasternontario.ca\/fr\/wp-json\/wp\/v2\/types\/page"}],"author":[{"embeddable":true,"href":"https:\/\/firstgeneraleasternontario.ca\/fr\/wp-json\/wp\/v2\/users\/1"}],"replies":[{"embeddable":true,"href":"https:\/\/firstgeneraleasternontario.ca\/fr\/wp-json\/wp\/v2\/comments?post=819"}],"version-history":[{"count":2,"href":"https:\/\/firstgeneraleasternontario.ca\/fr\/wp-json\/wp\/v2\/pages\/819\/revisions"}],"predecessor-version":[{"id":26626,"href":"https:\/\/firstgeneraleasternontario.ca\/fr\/wp-json\/wp\/v2\/pages\/819\/revisions\/26626"}],"up":[{"embeddable":true,"href":"https:\/\/firstgeneraleasternontario.ca\/fr\/wp-json\/wp\/v2\/pages\/851"}],"wp:attachment":[{"href":"https:\/\/firstgeneraleasternontario.ca\/fr\/wp-json\/wp\/v2\/media?parent=819"}],"curies":[{"name":"wp","href":"https:\/\/api.w.org\/{rel}","templated":true}]}}