{"id":832,"date":"2024-05-17T17:28:19","date_gmt":"2024-05-17T21:28:19","guid":{"rendered":"https:\/\/firstgeneraleasternontario.ca\/commercial\/"},"modified":"2025-09-30T13:05:22","modified_gmt":"2025-09-30T17:05:22","slug":"commercial","status":"publish","type":"page","link":"https:\/\/firstgeneraleasternontario.ca\/fr\/services\/restauration\/commercial\/","title":{"rendered":"Commercial"},"content":{"rendered":"<div class=\"wpb-content-wrapper\"><p>[vc_row type=\u00a0\u00bbin_grid\u00a0\u00bb text_align=\u00a0\u00bbinherit\u00a0\u00bb el_class=\u00a0\u00bbpage-int-sub-title-row\u00a0\u00bb][vc_column][vc_row_inner equal_height=\u00a0\u00bbyes\u00a0\u00bb type=\u00a0\u00bbfull_width\u00a0\u00bb text_align=\u00a0\u00bbinherit\u00a0\u00bb el_class=\u00a0\u00bbpage-int-sub-title-inner-row\u00a0\u00bb][vc_column_inner][vc_column_text css=\u00a0\u00bb\u00a0\u00bb el_class=\u00a0\u00bbtoptitle dark-blue-text\u00a0\u00bb]Commercial[\/vc_column_text][vc_column_text css=\u00a0\u00bb\u00a0\u00bb el_class=\u00a0\u00bbdark-blue-text tt-uppercase\u00a0\u00bb]<\/p>\n<h2>Nos Services<\/h2>\n<p>[\/vc_column_text][vc_column_text css=\u00a0\u00bb\u00a0\u00bb el_class=\u00a0\u00bbdark-blue-text\u00a0\u00bb]First General Eastern Ontario comprend que les propri\u00e9t\u00e9s commerciales rencontrent des d\u00e9fis uniques en mati\u00e8re de restauration. Qu&rsquo;il s&rsquo;agisse d&rsquo;une petite entreprise, d&rsquo;un immeuble de bureaux ou d&rsquo;une grande installation industrielle, les propri\u00e9t\u00e9s commerciales n\u00e9cessitent une restauration rapide et efficace pour minimiser les temps d&rsquo;arr\u00eat et permettre aux entreprises de reprendre leurs activit\u00e9s le plus rapidement possible.[\/vc_column_text][\/vc_column_inner][\/vc_row_inner][\/vc_column][\/vc_row][vc_row type=\u00a0\u00bbin_grid\u00a0\u00bb text_align=\u00a0\u00bbinherit\u00a0\u00bb el_class=\u00a0\u00bbservices-blue-row padding-50&Prime;][vc_column][vc_row_inner equal_height=\u00a0\u00bbyes\u00a0\u00bb type=\u00a0\u00bbfull_width\u00a0\u00bb text_align=\u00a0\u00bbcenter\u00a0\u00bb el_class=\u00a0\u00bbservices-blue-inner-row\u00a0\u00bb][vc_column_inner css=\u00a0\u00bb.vc_custom_1716575388399{background-image: url(https:\/\/firstgeneraleasternontario.ca\/wp-content\/uploads\/2024\/05\/first-general-eo-restoration-services-commercial-maintenance-img.jpg?id=550) !important;}\u00a0\u00bb][vc_column_text css=\u00a0\u00bb\u00a0\u00bb el_class=\u00a0\u00bbservices-blue-inner-row-title\u00a0\u00bb]<\/p>\n<h3>Maintenance<\/h3>\n<p>[\/vc_column_text][vc_column_text css=\u00a0\u00bb\u00a0\u00bb el_class=\u00a0\u00bbservices-blue-inner-row-link\u00a0\u00bb]<a href=\"https:\/\/firstgeneraleasternontario.ca\/fr\/services\/restauration\/commercial\/maintenance\/\">Maintenance<\/a>[\/vc_column_text][\/vc_column_inner][\/vc_row_inner][\/vc_column][\/vc_row][vc_row type=\u00a0\u00bbin_grid\u00a0\u00bb text_align=\u00a0\u00bbcenter\u00a0\u00bb el_class=\u00a0\u00bbpadding-b-50&Prime;][vc_column][vc_row_inner type=\u00a0\u00bbfull_width\u00a0\u00bb text_align=\u00a0\u00bbinherit\u00a0\u00bb][vc_column_inner][vc_column_text css=\u00a0\u00bb\u00a0\u00bb el_class=\u00a0\u00bbdark-blue-text\u00a0\u00bb]<strong>Voici comment First General Eastern Ontario pourrait g\u00e9rer le processus de restauration commerciale :<\/strong>[\/vc_column_text][\/vc_column_inner][\/vc_row_inner][\/vc_column][\/vc_row][vc_row type=\u00a0\u00bbin_grid\u00a0\u00bb text_align=\u00a0\u00bbinherit\u00a0\u00bb el_class=\u00a0\u00bbpadding-b-100&Prime;][vc_column][vc_row_inner type=\u00a0\u00bbfull_width\u00a0\u00bb text_align=\u00a0\u00bbinherit\u00a0\u00bb css=\u00a0\u00bb.vc_custom_1716561107426{background-color: #f5f5f5 !important;}\u00a0\u00bb el_class=\u00a0\u00bbtimeline-inner-row padding-50&Prime;][vc_column_inner]<div class=\"dist-shortcode-container wpb_content_element\">        <ul class=\"dist_timeline\">\n                            <li><h4>\u00c9valuation initiale et planification<\/h4>\n<p>Le processus de restauration commence par une \u00e9valuation initiale de la propri\u00e9t\u00e9 pour \u00e9valuer l&rsquo;\u00e9tendue des dommages et \u00e9laborer un plan de restauration. Cela implique l&rsquo;inspection des zones affect\u00e9es, la documentation des dommages et l&rsquo;identification des dangers pour la s\u00e9curit\u00e9 ou des pr\u00e9occupations environnementales.<\/p>\n<\/li>\n                            <li><h4>Services d&rsquo;urgence<\/h4>\n<p>En fonction de la nature des dommages, Premi\u00e8re G\u00e9n\u00e9rale peut fournir des services d&rsquo;urgence pour att\u00e9nuer les risques imm\u00e9diats et pr\u00e9venir d&rsquo;autres dommages. Cela peut inclure des actions telles que le bardage des fen\u00eatres, la b\u00e2che des toits ou l&rsquo;extraction de l&rsquo;eau stagnante.<\/p>\n<\/li>\n                            <li><h4>Extraction d&rsquo;eau et s\u00e9chage \/ Dommages caus\u00e9s par le feu et la fum\u00e9e<\/h4>\n<p>En fonction de l&rsquo;incident survenu, nous \u00e9valuerons les mesures \u00e0 prendre pour restaurer l&rsquo;installation \u00e0 son \u00e9tat d&rsquo;origine.<\/p>\n<\/li>\n                            <li><h4>Rem\u00e9diation des moisissures<\/h4>\n<p>Si des moisissures sont pr\u00e9sentes dans la propri\u00e9t\u00e9, Premi\u00e8re G\u00e9n\u00e9rale effectuera une rem\u00e9diation pour \u00e9liminer les moisissures en toute s\u00e9curit\u00e9 et pr\u00e9venir leur retour. Cela implique la contention, l&rsquo;enl\u00e8vement des mat\u00e9riaux contamin\u00e9s, un nettoyage et une d\u00e9sinfection approfondis, et la r\u00e9solution des probl\u00e8mes d&rsquo;humidit\u00e9 sous-jacents.<\/p>\n<\/li>\n                            <li><h4>Restauration des contenus<\/h4>\n<p>Premi\u00e8re G\u00e9n\u00e9rale comprend que les propri\u00e9t\u00e9s commerciales contiennent souvent des \u00e9quipements pr\u00e9cieux, des stocks et des documents qui peuvent \u00eatre endommag\u00e9s pendant une catastrophe. Ils offrent des services de restauration de contenus pour nettoyer, r\u00e9parer et restaurer ces \u00e9l\u00e9ments dans la mesure du possible.<\/p>\n<\/li>\n                            <li><h4>R\u00e9parations structurelles et reconstruction<\/h4>\n<p>Une fois que la propri\u00e9t\u00e9 a \u00e9t\u00e9 ass\u00e9ch\u00e9e et nettoy\u00e9e, Premi\u00e8re G\u00e9n\u00e9rale commencera le processus de r\u00e9paration et de reconstruction de tout \u00e9l\u00e9ment structurel endommag\u00e9. Cela peut impliquer la r\u00e9paration de cloisons s\u00e8ches, le remplacement de rev\u00eatements de sol ou la reconstruction de sections enti\u00e8res du b\u00e2timent.<\/p>\n<\/li>\n                            <li><h4>Coordination avec les assurances<\/h4>\n<p>Premi\u00e8re G\u00e9n\u00e9rale travaille en \u00e9troite collaboration avec les compagnies d&rsquo;assurance tout au long du processus de restauration pour s&rsquo;assurer que toute la documentation n\u00e9cessaire est fournie et que le processus de r\u00e9clamation se d\u00e9roule sans heurts. Ils s&rsquo;efforcent de maximiser la couverture et de minimiser les d\u00e9penses de leurs clients.<\/p>\n<\/li>\n                            <li><h4>Communication et mises \u00e0 jour<\/h4>\n<p>Tout au long du processus de restauration, Premi\u00e8re G\u00e9n\u00e9rale maintient une communication ouverte et transparente avec les propri\u00e9taires, les locataires et les autres parties prenantes. Ils fournissent des mises \u00e0 jour r\u00e9guli\u00e8res sur l&rsquo;avancement des travaux, r\u00e9pondent aux questions et adressent toute pr\u00e9occupation pour s&rsquo;assurer que tout le monde est inform\u00e9 et impliqu\u00e9.<\/p>\n<\/li>\n                            <li><h4>Inspection finale et ach\u00e8vement<\/h4>\n<p>Une fois la restauration termin\u00e9e, Premi\u00e8re G\u00e9n\u00e9rale effectue une inspection finale pour s&rsquo;assurer que la propri\u00e9t\u00e9 a \u00e9t\u00e9 restaur\u00e9e \u00e0 son \u00e9tat ant\u00e9rieur \u00e0 la perte. Ils traitent tous les probl\u00e8mes restants et s&rsquo;assurent que le client est satisfait des r\u00e9sultats avant de consid\u00e9rer le projet comme termin\u00e9.<\/p>\n<\/li>\n                    <\/ul>\n    <\/div>[\/vc_column_inner][\/vc_row_inner][\/vc_column][\/vc_row][vc_row type=\u00a0\u00bbfull_width\u00a0\u00bb text_align=\u00a0\u00bbinherit\u00a0\u00bb css=\u00a0\u00bb.vc_custom_1716562587251{background-color: #4e8eff !important;}\u00a0\u00bb el_class=\u00a0\u00bbcommitted-help-business-row padding-t-100 margin-b-100 white-text\u00a0\u00bb][vc_column][vc_row_inner type=\u00a0\u00bbin_grid\u00a0\u00bb text_align=\u00a0\u00bbinherit\u00a0\u00bb el_class=\u00a0\u00bbcommitted-help-business-inner-row padding-b-50&Prime;][vc_column_inner][vc_column_text css=\u00a0\u00bb\u00a0\u00bb]<\/p>\n<h2>Engag\u00e9 \u00e0 aider les entreprises comme la v\u00f4tre<\/h2>\n<p>[\/vc_column_text][vc_column_text css=\u00a0\u00bb\u00a0\u00bb]Notre \u00e9quipe a g\u00e9r\u00e9 des pertes de propri\u00e9t\u00e9s dans des condominiums, comprenant des probl\u00e8mes comme le transport d&rsquo;\u00e9quipements et de mat\u00e9riaux volumineux, la navigation dans les couloirs et les corridors, l&rsquo;adaptation aux dimensions des ascenseurs et le respect des r\u00e8glements des conseils de copropri\u00e9t\u00e9.<\/p>\n<p>Nos experts chevronn\u00e9s de First General Eastern Ontario poss\u00e8dent les comp\u00e9tences et l&rsquo;exp\u00e9rience n\u00e9cessaires pour g\u00e9rer efficacement les complexit\u00e9s associ\u00e9es aux pertes de condominiums. Qu&rsquo;il s&rsquo;agisse de dommages caus\u00e9s par le feu, l&rsquo;eau, le vol ou tout autre probl\u00e8me li\u00e9 \u00e0 la propri\u00e9t\u00e9, nous apportons plus de quatre d\u00e9cennies d&rsquo;expertise pour aider les clients \u00e0 naviguer et \u00e0 att\u00e9nuer les pertes de propri\u00e9t\u00e9s.[\/vc_column_text][\/vc_column_inner][\/vc_row_inner][vc_row_inner equal_height=\u00a0\u00bbyes\u00a0\u00bb type=\u00a0\u00bbfull_width\u00a0\u00bb text_align=\u00a0\u00bbinherit\u00a0\u00bb el_class=\u00a0\u00bbcommitted-help-business-inner-img-row\u00a0\u00bb][vc_column_inner width=\u00a0\u00bb1\/2&Prime; css=\u00a0\u00bb.vc_custom_1716562677972{background-image: url(https:\/\/firstgeneraleasternontario.ca\/wp-content\/uploads\/2024\/05\/first-general-eo-committed-help-business-inner-img.jpg?id=527) !important;}\u00a0\u00bb][\/vc_column_inner][vc_column_inner el_class=\u00a0\u00bbpadding-b-100&Prime; width=\u00a0\u00bb1\/2&Prime;][vc_column_text css=\u00a0\u00bb\u00a0\u00bb]En collaborant \u00e9troitement avec les conseils de copropri\u00e9t\u00e9, les compagnies d&rsquo;assurance et les gestionnaires de propri\u00e9t\u00e9s, nous rationalisons le processus de restauration, assurant une r\u00e9solution rapide et efficace pour nos clients.<\/p>\n<p>First General Eastern Ontario s&rsquo;engage \u00e0 fournir des services de restauration efficaces, fiables et professionnels aux propri\u00e9t\u00e9s commerciales dans le besoin. Avec leur expertise et leur d\u00e9vouement \u00e0 la satisfaction du client, ils aident les entreprises \u00e0 se remettre des catastrophes et \u00e0 reprendre leurs activit\u00e9s le plus rapidement possible.[\/vc_column_text][\/vc_column_inner][\/vc_row_inner][\/vc_column][\/vc_row]<\/p>\n<\/div>","protected":false},"excerpt":{"rendered":"<p>[vc_row type=\u00a0\u00bbin_grid\u00a0\u00bb text_align=\u00a0\u00bbinherit\u00a0\u00bb el_class=\u00a0\u00bbpage-int-sub-title-row\u00a0\u00bb][vc_column][vc_row_inner equal_height=\u00a0\u00bbyes\u00a0\u00bb type=\u00a0\u00bbfull_width\u00a0\u00bb text_align=\u00a0\u00bbinherit\u00a0\u00bb el_class=\u00a0\u00bbpage-int-sub-title-inner-row\u00a0\u00bb][vc_column_inner][vc_column_text css=\u00a0\u00bb\u00a0\u00bb el_class=\u00a0\u00bbtoptitle dark-blue-text\u00a0\u00bb]Commercial[\/vc_column_text][vc_column_text css=\u00a0\u00bb\u00a0\u00bb el_class=\u00a0\u00bbdark-blue-text tt-uppercase\u00a0\u00bb] Nos Services [\/vc_column_text][vc_column_text css=\u00a0\u00bb\u00a0\u00bb el_class=\u00a0\u00bbdark-blue-text\u00a0\u00bb]First General Eastern Ontario comprend que les propri\u00e9t\u00e9s commerciales rencontrent des d\u00e9fis uniques en mati\u00e8re de restauration. Qu&rsquo;il s&rsquo;agisse d&rsquo;une petite entreprise, d&rsquo;un immeuble de bureaux ou d&rsquo;une grande installation industrielle, les propri\u00e9t\u00e9s commerciales n\u00e9cessitent une restauration [&hellip;]<\/p>\n","protected":false},"author":1,"featured_media":0,"parent":839,"menu_order":0,"comment_status":"closed","ping_status":"closed","template":"","meta":{"_acf_changed":false,"_seopress_robots_primary_cat":"","_seopress_titles_title":"Services de restauration commerciale | Rapide & efficace","_seopress_titles_desc":"Restauration professionnelle pour les dommages commerciaux caus\u00e9s par des sinistres. Contactez-nous  pour des solutions rapides !","_seopress_robots_index":"","footnotes":""},"class_list":["post-832","page","type-page","status-publish"],"acf":[],"_links":{"self":[{"href":"https:\/\/firstgeneraleasternontario.ca\/fr\/wp-json\/wp\/v2\/pages\/832","targetHints":{"allow":["GET"]}}],"collection":[{"href":"https:\/\/firstgeneraleasternontario.ca\/fr\/wp-json\/wp\/v2\/pages"}],"about":[{"href":"https:\/\/firstgeneraleasternontario.ca\/fr\/wp-json\/wp\/v2\/types\/page"}],"author":[{"embeddable":true,"href":"https:\/\/firstgeneraleasternontario.ca\/fr\/wp-json\/wp\/v2\/users\/1"}],"replies":[{"embeddable":true,"href":"https:\/\/firstgeneraleasternontario.ca\/fr\/wp-json\/wp\/v2\/comments?post=832"}],"version-history":[{"count":2,"href":"https:\/\/firstgeneraleasternontario.ca\/fr\/wp-json\/wp\/v2\/pages\/832\/revisions"}],"predecessor-version":[{"id":26615,"href":"https:\/\/firstgeneraleasternontario.ca\/fr\/wp-json\/wp\/v2\/pages\/832\/revisions\/26615"}],"up":[{"embeddable":true,"href":"https:\/\/firstgeneraleasternontario.ca\/fr\/wp-json\/wp\/v2\/pages\/839"}],"wp:attachment":[{"href":"https:\/\/firstgeneraleasternontario.ca\/fr\/wp-json\/wp\/v2\/media?parent=832"}],"curies":[{"name":"wp","href":"https:\/\/api.w.org\/{rel}","templated":true}]}}