{"id":839,"date":"2024-05-17T17:27:33","date_gmt":"2024-05-17T21:27:33","guid":{"rendered":"https:\/\/firstgeneraleasternontario.ca\/restoration\/"},"modified":"2025-09-30T12:59:54","modified_gmt":"2025-09-30T16:59:54","slug":"restauration","status":"publish","type":"page","link":"https:\/\/firstgeneraleasternontario.ca\/fr\/services\/restauration\/","title":{"rendered":"Restauration"},"content":{"rendered":"<div class=\"wpb-content-wrapper\"><p>[vc_row type=\u00a0\u00bbin_grid\u00a0\u00bb text_align=\u00a0\u00bbinherit\u00a0\u00bb el_class=\u00a0\u00bbpage-int-sub-title-row\u00a0\u00bb][vc_column][vc_row_inner equal_height=\u00a0\u00bbyes\u00a0\u00bb type=\u00a0\u00bbfull_width\u00a0\u00bb text_align=\u00a0\u00bbinherit\u00a0\u00bb el_class=\u00a0\u00bbpage-int-sub-title-inner-row\u00a0\u00bb][vc_column_inner width=\u00a0\u00bb7\/12&Prime;][vc_column_text css=\u00a0\u00bb\u00a0\u00bb el_class=\u00a0\u00bbdark-blue-text\u00a0\u00bb]Restauration de b\u00e2timents sinistr\u00e9s, y compris les incendies, les inondations et les catastrophes naturelles, avec des services de r\u00e9paration rapides et efficaces pour restaurer les propri\u00e9t\u00e9s \u00e0 leur \u00e9tat d&rsquo;origine.[\/vc_column_text]<a href=\"\/fr\/estimation-gratuite\/\" target=\"_self\" class=\"dist-btn\">Estimation gratuite<\/a>[\/vc_column_inner][vc_column_inner width=\u00a0\u00bb5\/12&Prime; css=\u00a0\u00bb.vc_custom_1716832964520{background-image: url(https:\/\/firstgeneraleasternontario.ca\/wp-content\/uploads\/2024\/05\/first-general-eo-service-restoration-bg.jpg?id=67) !important;}\u00a0\u00bb][\/vc_column_inner][\/vc_row_inner][\/vc_column][\/vc_row][vc_row type=\u00a0\u00bbfull_width\u00a0\u00bb text_align=\u00a0\u00bbinherit\u00a0\u00bb css=\u00a0\u00bb.vc_custom_1716472629757{background-color: #4e8eff !important;}\u00a0\u00bb el_class=\u00a0\u00bbblue-row padding-b-100&Prime;][vc_column][vc_row_inner equal_height=\u00a0\u00bbyes\u00a0\u00bb type=\u00a0\u00bbfull_width\u00a0\u00bb text_align=\u00a0\u00bbinherit\u00a0\u00bb el_class=\u00a0\u00bbblue-inner-row white-text margin-t-100&Prime; css=\u00a0\u00bb.vc_custom_1716471725806{background-color: #1e6efa !important;}\u00a0\u00bb][vc_column_inner width=\u00a0\u00bb5\/12&Prime; css=\u00a0\u00bb.vc_custom_1716832458440{background-image: url(https:\/\/firstgeneraleasternontario.ca\/wp-content\/uploads\/2024\/05\/first-general-eo-restoration-residential-damage-img.jpg?id=552) !important;}\u00a0\u00bb][\/vc_column_inner][vc_column_inner el_class=\u00a0\u00bbpadding-50&Prime; width=\u00a0\u00bb7\/12&Prime;][vc_column_text css=\u00a0\u00bb\u00a0\u00bb el_class=\u00a0\u00bbblue-row-title tt-uppercase\u00a0\u00bb]<\/p>\n<h2>R\u00e9sidentiel<\/h2>\n<p>[\/vc_column_text][vc_column_text css=\u00a0\u00bb\u00a0\u00bb]Dans le d\u00e9partement de restauration r\u00e9sidentielle, nous offrons une gamme de services visant \u00e0 restaurer les maisons endommag\u00e9es par divers facteurs tels que le feu, l&rsquo;eau, la moisissure ou les catastrophes naturelles.<\/p>\n<p>Nous acceptons des travaux de toutes formes et tailles. Nous avons une \u00e9quipe sp\u00e9cialis\u00e9e dans les sinistres importants et une unit\u00e9 distincte qui s&rsquo;occupe des r\u00e9parations plus petites, en fonction de l&rsquo;envergure globale g\u00e9r\u00e9e par le chef de projet.[\/vc_column_text]<a href=\"\/fr\/services\/restauration\/residentiel\/\" target=\"_self\" class=\"dist-btn type2\">En savoir plus<\/a>[\/vc_column_inner][\/vc_row_inner][vc_row_inner equal_height=\u00a0\u00bbyes\u00a0\u00bb content_placement=\u00a0\u00bbbottom\u00a0\u00bb type=\u00a0\u00bbfull_width\u00a0\u00bb text_align=\u00a0\u00bbinherit\u00a0\u00bb el_class=\u00a0\u00bbblue-inner-row white-text margin-t-100&Prime; css=\u00a0\u00bb.vc_custom_1716470869507{background-color: #1e6efa !important;}\u00a0\u00bb][vc_column_inner el_class=\u00a0\u00bbvc_col-sm-push-7&Prime; width=\u00a0\u00bb5\/12&Prime; css=\u00a0\u00bb.vc_custom_1716832515346{background-image: url(https:\/\/firstgeneraleasternontario.ca\/wp-content\/uploads\/2024\/05\/first-general-eo-commercial-builds-img.jpg?id=336) !important;}\u00a0\u00bb][\/vc_column_inner][vc_column_inner el_class=\u00a0\u00bbvc_col-sm-pull-5 padding-50&Prime; width=\u00a0\u00bb7\/12&Prime;][vc_column_text css=\u00a0\u00bb\u00a0\u00bb el_class=\u00a0\u00bbblue-row-title tt-uppercase\u00a0\u00bb]<\/p>\n<h2>Commercial<\/h2>\n<p>[\/vc_column_text][vc_column_text css=\u00a0\u00bb\u00a0\u00bb]First General Eastern Ontario comprend que les propri\u00e9t\u00e9s commerciales rencontrent des d\u00e9fis uniques en mati\u00e8re de restauration. Qu&rsquo;il s&rsquo;agisse d&rsquo;une petite entreprise, d&rsquo;un immeuble de bureaux ou d&rsquo;une grande installation industrielle, les propri\u00e9t\u00e9s commerciales n\u00e9cessitent une restauration rapide et efficace pour minimiser les temps d&rsquo;arr\u00eat et permettre aux entreprises de reprendre leurs activit\u00e9s le plus rapidement possible.[\/vc_column_text]<a href=\"\/fr\/services\/restauration\/commercial\/\" target=\"_self\" class=\"dist-btn type2\">En savoir plus<\/a>[\/vc_column_inner][\/vc_row_inner][vc_row_inner equal_height=\u00a0\u00bbyes\u00a0\u00bb type=\u00a0\u00bbfull_width\u00a0\u00bb text_align=\u00a0\u00bbinherit\u00a0\u00bb el_class=\u00a0\u00bbblue-inner-row white-text margin-t-100&Prime; css=\u00a0\u00bb.vc_custom_1716471718508{background-color: #1e6efa !important;}\u00a0\u00bb][vc_column_inner width=\u00a0\u00bb5\/12&Prime; css=\u00a0\u00bb.vc_custom_1716832552142{background-image: url(https:\/\/firstgeneraleasternontario.ca\/wp-content\/uploads\/2024\/05\/first-general-eo-maintenance-img.jpg?id=356) !important;}\u00a0\u00bb][\/vc_column_inner][vc_column_inner el_class=\u00a0\u00bbpadding-50&Prime; width=\u00a0\u00bb7\/12&Prime;][vc_column_text css=\u00a0\u00bb\u00a0\u00bb el_class=\u00a0\u00bbblue-row-title tt-uppercase\u00a0\u00bb]<\/p>\n<h2>Institutionnel<\/h2>\n<p>[\/vc_column_text][vc_column_text css=\u00a0\u00bb\u00a0\u00bb]First General Eastern Ontario comprend la complexit\u00e9 du travail dans les institutions. La restauration dans des institutions telles que les h\u00f4pitaux, les \u00e9coles et les b\u00e2timents gouvernementaux pr\u00e9sente des d\u00e9fis uniques par rapport aux propri\u00e9t\u00e9s r\u00e9sidentielles en raison de plusieurs facteurs.[\/vc_column_text]<a href=\"\/fr\/services\/restauration\/institutionnel\/\" target=\"_self\" class=\"dist-btn type2\">En savoir plus<\/a>[\/vc_column_inner][\/vc_row_inner][\/vc_column][\/vc_row][vc_row type=\u00a0\u00bbin_grid\u00a0\u00bb text_align=\u00a0\u00bbinherit\u00a0\u00bb css=\u00a0\u00bb.vc_custom_1716475717507{background-color: #0a1c3a !important;}\u00a0\u00bb el_class=\u00a0\u00bbin-service-years-row\u00a0\u00bb][vc_column][vc_row_inner equal_height=\u00a0\u00bbyes\u00a0\u00bb type=\u00a0\u00bbfull_width\u00a0\u00bb text_align=\u00a0\u00bbinherit\u00a0\u00bb el_class=\u00a0\u00bbin-service-years-inner-row\u00a0\u00bb][vc_column_inner el_class=\u00a0\u00bbpadding-50 white-text\u00a0\u00bb width=\u00a0\u00bb2\/3&Prime;][vc_column_text css=\u00a0\u00bb\u00a0\u00bb el_class=\u00a0\u00bbtt-uppercase\u00a0\u00bb]<\/p>\n<h2>En service depuis plus de 40 ans !<\/h2>\n<p>[\/vc_column_text][vc_column_text css=\u00a0\u00bb\u00a0\u00bb]First General Eastern Ontario est un leader dans l&rsquo;industrie de la construction depuis <strong>41 ans<\/strong> gr\u00e2ce \u00e0 notre capacit\u00e9 \u00e0 d\u00e9finir les normes de travail dans notre secteur. Nous sommes fiers d&rsquo;\u00eatre des entrepreneurs et de faire un travail honn\u00eate pour nos clients qui n\u00e9cessitent nos services.[\/vc_column_text]<a href=\"\/fr\/a-propos\/\" target=\"_self\" class=\"dist-btn\">En savoir plus<\/a>[\/vc_column_inner][vc_column_inner width=\u00a0\u00bb1\/3&Prime; css=\u00a0\u00bb.vc_custom_1716476064222{background-image: url(https:\/\/firstgeneraleasternontario.ca\/wp-content\/uploads\/2024\/05\/first-general-eo-service-years-img.png?id=439) !important;}\u00a0\u00bb][\/vc_column_inner][\/vc_row_inner][\/vc_column][\/vc_row]<\/p>\n<\/div>","protected":false},"excerpt":{"rendered":"<p>[vc_row type=\u00a0\u00bbin_grid\u00a0\u00bb text_align=\u00a0\u00bbinherit\u00a0\u00bb el_class=\u00a0\u00bbpage-int-sub-title-row\u00a0\u00bb][vc_column][vc_row_inner equal_height=\u00a0\u00bbyes\u00a0\u00bb type=\u00a0\u00bbfull_width\u00a0\u00bb text_align=\u00a0\u00bbinherit\u00a0\u00bb el_class=\u00a0\u00bbpage-int-sub-title-inner-row\u00a0\u00bb][vc_column_inner width=\u00a0\u00bb7\/12&Prime;][vc_column_text css=\u00a0\u00bb\u00a0\u00bb el_class=\u00a0\u00bbdark-blue-text\u00a0\u00bb]Restauration de b\u00e2timents sinistr\u00e9s, y compris les incendies, les inondations et les catastrophes naturelles, avec des services de r\u00e9paration rapides et efficaces pour restaurer les propri\u00e9t\u00e9s \u00e0 leur \u00e9tat d&rsquo;origine.[\/vc_column_text][\/vc_column_inner][vc_column_inner width=\u00a0\u00bb5\/12&Prime; css=\u00a0\u00bb.vc_custom_1716832964520{background-image: url(https:\/\/firstgeneraleasternontario.ca\/wp-content\/uploads\/2024\/05\/first-general-eo-service-restoration-bg.jpg?id=67) !important;}\u00a0\u00bb][\/vc_column_inner][\/vc_row_inner][\/vc_column][\/vc_row][vc_row type=\u00a0\u00bbfull_width\u00a0\u00bb text_align=\u00a0\u00bbinherit\u00a0\u00bb css=\u00a0\u00bb.vc_custom_1716472629757{background-color: #4e8eff !important;}\u00a0\u00bb el_class=\u00a0\u00bbblue-row padding-b-100&Prime;][vc_column][vc_row_inner equal_height=\u00a0\u00bbyes\u00a0\u00bb type=\u00a0\u00bbfull_width\u00a0\u00bb text_align=\u00a0\u00bbinherit\u00a0\u00bb el_class=\u00a0\u00bbblue-inner-row [&hellip;]<\/p>\n","protected":false},"author":1,"featured_media":0,"parent":842,"menu_order":0,"comment_status":"closed","ping_status":"closed","template":"","meta":{"_acf_changed":false,"_seopress_robots_primary_cat":"","_seopress_titles_title":"Experts en services professionnels de restauration (Ontario)","_seopress_titles_desc":"Restauration experte apr\u00e8s sinistres pour les propri\u00e9t\u00e9s r\u00e9sidentielles et commerciales. Contactez-nous pour une assistance rapide et professionnelle !","_seopress_robots_index":"","footnotes":""},"class_list":["post-839","page","type-page","status-publish"],"acf":[],"_links":{"self":[{"href":"https:\/\/firstgeneraleasternontario.ca\/fr\/wp-json\/wp\/v2\/pages\/839","targetHints":{"allow":["GET"]}}],"collection":[{"href":"https:\/\/firstgeneraleasternontario.ca\/fr\/wp-json\/wp\/v2\/pages"}],"about":[{"href":"https:\/\/firstgeneraleasternontario.ca\/fr\/wp-json\/wp\/v2\/types\/page"}],"author":[{"embeddable":true,"href":"https:\/\/firstgeneraleasternontario.ca\/fr\/wp-json\/wp\/v2\/users\/1"}],"replies":[{"embeddable":true,"href":"https:\/\/firstgeneraleasternontario.ca\/fr\/wp-json\/wp\/v2\/comments?post=839"}],"version-history":[{"count":2,"href":"https:\/\/firstgeneraleasternontario.ca\/fr\/wp-json\/wp\/v2\/pages\/839\/revisions"}],"predecessor-version":[{"id":26611,"href":"https:\/\/firstgeneraleasternontario.ca\/fr\/wp-json\/wp\/v2\/pages\/839\/revisions\/26611"}],"up":[{"embeddable":true,"href":"https:\/\/firstgeneraleasternontario.ca\/fr\/wp-json\/wp\/v2\/pages\/842"}],"wp:attachment":[{"href":"https:\/\/firstgeneraleasternontario.ca\/fr\/wp-json\/wp\/v2\/media?parent=839"}],"curies":[{"name":"wp","href":"https:\/\/api.w.org\/{rel}","templated":true}]}}