{"id":842,"date":"2024-05-17T17:19:25","date_gmt":"2024-05-17T21:19:25","guid":{"rendered":"https:\/\/firstgeneraleasternontario.ca\/?page_id=842"},"modified":"2026-01-22T15:15:40","modified_gmt":"2026-01-22T20:15:40","slug":"services","status":"publish","type":"page","link":"https:\/\/firstgeneraleasternontario.ca\/fr\/services\/","title":{"rendered":"Services"},"content":{"rendered":"<div class=\"wpb-content-wrapper\"><p>[vc_row type=\u00a0\u00bbin_grid\u00a0\u00bb text_align=\u00a0\u00bbinherit\u00a0\u00bb el_class=\u00a0\u00bbpage-int-services-row our-services-3-col-row\u00a0\u00bb][vc_column][vc_row_inner equal_height=\u00a0\u00bbyes\u00a0\u00bb type=\u00a0\u00bbfull_width\u00a0\u00bb text_align=\u00a0\u00bbinherit\u00a0\u00bb el_class=\u00a0\u00bbour-services-3-col-inner-row\u00a0\u00bb][vc_column_inner width=\u00a0\u00bb1\/3&Prime;][vc_column_text css=\u00a0\u00bb\u00a0\u00bb el_class=\u00a0\u00bbtext-center white-text\u00a0\u00bb]<\/p>\n<h2><a href=\"https:\/\/firstgeneraleasternontario.ca\/fr\/services\/restauration\/\">Restauration<\/a><\/h2>\n<p>[\/vc_column_text]<a href=\"\/fr\/services\/restauration\/residentiel\/\" target=\"_self\" class=\"dist-btn\">Residential<\/a><a href=\"\/fr\/services\/restauration\/commercial\/\" target=\"_self\" class=\"dist-btn\">Commercial<\/a><a href=\"\/fr\/services\/restauration\/institutionnel\/\" target=\"_self\" class=\"dist-btn\">Institutionnel<\/a>[\/vc_column_inner][vc_column_inner width=\u00a0\u00bb1\/3&Prime;][vc_column_text css=\u00a0\u00bb\u00a0\u00bb el_class=\u00a0\u00bbtext-center white-text\u00a0\u00bb]<\/p>\n<h2><a href=\"https:\/\/firstgeneraleasternontario.ca\/fr\/services\/construction\/\">Construction<\/a><\/h2>\n<p>[\/vc_column_text]<a href=\"\/fr\/services\/construction\/projets-de-construction-de-maisons\/\" target=\"_self\" class=\"dist-btn\">Projets de construction de maisons<\/a><a href=\"\/fr\/services\/construction\/reconstruction-de-maison\/\" target=\"_self\" class=\"dist-btn\">Reconstruction de maison<\/a><a href=\"\/fr\/services\/construction\/constructions-commerciales\/\" target=\"_self\" class=\"dist-btn\">Constructions commerciales<\/a>[\/vc_column_inner][vc_column_inner width=\u00a0\u00bb1\/3&Prime;][vc_column_text css=\u00a0\u00bb\u00a0\u00bb el_class=\u00a0\u00bbtext-center white-text\u00a0\u00bb]<\/p>\n<h2><a href=\"https:\/\/firstgeneraleasternontario.ca\/fr\/services\/restauration\/\">R\u00e9novation<\/a><\/h2>\n<p>[\/vc_column_text]<a href=\"\/fr\/services\/renovation\/fenetres-portes-et-revetement-exterieur\/\" target=\"_self\" class=\"dist-btn\">Fen\u00eatres, portes et rev\u00eatement ext\u00e9rieur<\/a><a href=\"\/fr\/services\/renovation\/salles-de-bain\/\" target=\"_self\" class=\"dist-btn\">Salles de bain<\/a><a href=\"\/fr\/services\/renovation\/terrasses-et-clotures\/\" target=\"_self\" class=\"dist-btn\">Terrasses et cl\u00f4tures<\/a><a href=\"\/fr\/services\/renovation\/remodelage\/\" target=\"_self\" class=\"dist-btn\">Remodelage<\/a><a href=\"\/fr\/services\/renovation\/interieur\/\" target=\"_self\" class=\"dist-btn\">Int\u00e9rieur<\/a><a href=\"\/fr\/services\/renovation\/exterieur\/\" target=\"_self\" class=\"dist-btn\">Ext\u00e9rieur<\/a>[\/vc_column_inner][\/vc_row_inner][\/vc_column][\/vc_row]<\/p>\n<\/div>","protected":false},"excerpt":{"rendered":"<p>[vc_row type=\u00a0\u00bbin_grid\u00a0\u00bb text_align=\u00a0\u00bbinherit\u00a0\u00bb el_class=\u00a0\u00bbpage-int-services-row our-services-3-col-row\u00a0\u00bb][vc_column][vc_row_inner equal_height=\u00a0\u00bbyes\u00a0\u00bb type=\u00a0\u00bbfull_width\u00a0\u00bb text_align=\u00a0\u00bbinherit\u00a0\u00bb el_class=\u00a0\u00bbour-services-3-col-inner-row\u00a0\u00bb][vc_column_inner width=\u00a0\u00bb1\/3&Prime;][vc_column_text css=\u00a0\u00bb\u00a0\u00bb el_class=\u00a0\u00bbtext-center white-text\u00a0\u00bb] Restauration [\/vc_column_text][\/vc_column_inner][vc_column_inner width=\u00a0\u00bb1\/3&Prime;][vc_column_text css=\u00a0\u00bb\u00a0\u00bb el_class=\u00a0\u00bbtext-center white-text\u00a0\u00bb] Construction [\/vc_column_text][\/vc_column_inner][vc_column_inner width=\u00a0\u00bb1\/3&Prime;][vc_column_text css=\u00a0\u00bb\u00a0\u00bb el_class=\u00a0\u00bbtext-center white-text\u00a0\u00bb] R\u00e9novation [\/vc_column_text][\/vc_column_inner][\/vc_row_inner][\/vc_column][\/vc_row]<\/p>\n","protected":false},"author":1,"featured_media":0,"parent":0,"menu_order":0,"comment_status":"closed","ping_status":"closed","template":"","meta":{"_acf_changed":false,"_seopress_robots_primary_cat":"","_seopress_titles_title":"Services de restauration des dommages mat\u00e9riels (propri\u00e9t\u00e9s)","_seopress_titles_desc":"Restauration rapide et efficace des dommages mat\u00e9riels pour les propri\u00e9t\u00e9s. Contactez-nous pour des solutions professionnelles adapt\u00e9es \u00e0 vos besoins !","_seopress_robots_index":"","footnotes":""},"class_list":["post-842","page","type-page","status-publish"],"acf":[],"_links":{"self":[{"href":"https:\/\/firstgeneraleasternontario.ca\/fr\/wp-json\/wp\/v2\/pages\/842","targetHints":{"allow":["GET"]}}],"collection":[{"href":"https:\/\/firstgeneraleasternontario.ca\/fr\/wp-json\/wp\/v2\/pages"}],"about":[{"href":"https:\/\/firstgeneraleasternontario.ca\/fr\/wp-json\/wp\/v2\/types\/page"}],"author":[{"embeddable":true,"href":"https:\/\/firstgeneraleasternontario.ca\/fr\/wp-json\/wp\/v2\/users\/1"}],"replies":[{"embeddable":true,"href":"https:\/\/firstgeneraleasternontario.ca\/fr\/wp-json\/wp\/v2\/comments?post=842"}],"version-history":[{"count":6,"href":"https:\/\/firstgeneraleasternontario.ca\/fr\/wp-json\/wp\/v2\/pages\/842\/revisions"}],"predecessor-version":[{"id":35417,"href":"https:\/\/firstgeneraleasternontario.ca\/fr\/wp-json\/wp\/v2\/pages\/842\/revisions\/35417"}],"wp:attachment":[{"href":"https:\/\/firstgeneraleasternontario.ca\/fr\/wp-json\/wp\/v2\/media?parent=842"}],"curies":[{"name":"wp","href":"https:\/\/api.w.org\/{rel}","templated":true}]}}