{"id":851,"date":"2024-05-17T17:27:50","date_gmt":"2024-05-17T21:27:50","guid":{"rendered":"https:\/\/firstgeneraleasternontario.ca\/services\/renovation\/"},"modified":"2025-09-30T13:14:44","modified_gmt":"2025-09-30T17:14:44","slug":"renovation","status":"publish","type":"page","link":"https:\/\/firstgeneraleasternontario.ca\/fr\/services\/renovation\/","title":{"rendered":"R\u00e9novation"},"content":{"rendered":"<div class=\"wpb-content-wrapper\"><p>[vc_row type=\u00a0\u00bbin_grid\u00a0\u00bb text_align=\u00a0\u00bbinherit\u00a0\u00bb el_class=\u00a0\u00bbpage-int-sub-title-row\u00a0\u00bb][vc_column][vc_row_inner equal_height=\u00a0\u00bbyes\u00a0\u00bb type=\u00a0\u00bbfull_width\u00a0\u00bb text_align=\u00a0\u00bbinherit\u00a0\u00bb el_class=\u00a0\u00bbpage-int-sub-title-inner-row\u00a0\u00bb][vc_column_inner width=\u00a0\u00bb7\/12&Prime;][vc_column_text css=\u00a0\u00bb\u00a0\u00bb el_class=\u00a0\u00bbdark-blue-text\u00a0\u00bb]Services de r\u00e9novation complets pour am\u00e9liorer et moderniser les b\u00e2timents, incluant des travaux de r\u00e9novation int\u00e9rieure et ext\u00e9rieure, avec un accent sur la qualit\u00e9 et la satisfaction du client.[\/vc_column_text]<a href=\"\/fr\/estimation-gratuite\/\" target=\"_self\" class=\"dist-btn\">Estimation gratuite<\/a>[\/vc_column_inner][vc_column_inner width=\u00a0\u00bb5\/12&Prime; css=\u00a0\u00bb.vc_custom_1716832964520{background-image: url(https:\/\/firstgeneraleasternontario.ca\/wp-content\/uploads\/2024\/05\/first-general-eo-service-restoration-bg.jpg?id=67) !important;}\u00a0\u00bb][\/vc_column_inner][\/vc_row_inner][\/vc_column][\/vc_row][vc_row type=\u00a0\u00bbfull_width\u00a0\u00bb text_align=\u00a0\u00bbinherit\u00a0\u00bb css=\u00a0\u00bb.vc_custom_1716472629757{background-color: #4e8eff !important;}\u00a0\u00bb el_class=\u00a0\u00bbblue-row padding-b-100&Prime;][vc_column][vc_row_inner equal_height=\u00a0\u00bbyes\u00a0\u00bb type=\u00a0\u00bbfull_width\u00a0\u00bb text_align=\u00a0\u00bbinherit\u00a0\u00bb el_class=\u00a0\u00bbblue-inner-row white-text margin-t-100&Prime; css=\u00a0\u00bb.vc_custom_1716471725806{background-color: #1e6efa !important;}\u00a0\u00bb][vc_column_inner width=\u00a0\u00bb5\/12&Prime; css=\u00a0\u00bb.vc_custom_1716834284459{background-image: url(https:\/\/firstgeneraleasternontario.ca\/wp-content\/uploads\/2024\/05\/first-general-eo-remodeling-img.jpg?id=339) !important;}\u00a0\u00bb][\/vc_column_inner][vc_column_inner el_class=\u00a0\u00bbpadding-50&Prime; width=\u00a0\u00bb7\/12&Prime;][vc_column_text css=\u00a0\u00bb\u00a0\u00bb el_class=\u00a0\u00bbblue-row-title tt-uppercase\u00a0\u00bb]<\/p>\n<h2>Remodelage<\/h2>\n<p>[\/vc_column_text][vc_column_text css=\u00a0\u00bb\u00a0\u00bb]First General Eastern Ontario se sp\u00e9cialise dans le remodelage des maisons r\u00e9sidentielles. Notre \u00e9quipe offre une gamme compl\u00e8te de services pour transformer et am\u00e9liorer l&rsquo;int\u00e9rieur et l&rsquo;ext\u00e9rieur d&rsquo;une propri\u00e9t\u00e9.[\/vc_column_text]<a href=\"\/fr\/services\/renovation\/remodelage\/\" target=\"_self\" class=\"dist-btn type2\">En savoir plus<\/a>[\/vc_column_inner][\/vc_row_inner][vc_row_inner equal_height=\u00a0\u00bbyes\u00a0\u00bb content_placement=\u00a0\u00bbbottom\u00a0\u00bb type=\u00a0\u00bbfull_width\u00a0\u00bb text_align=\u00a0\u00bbinherit\u00a0\u00bb el_class=\u00a0\u00bbblue-inner-row white-text margin-t-100&Prime; css=\u00a0\u00bb.vc_custom_1716470869507{background-color: #1e6efa !important;}\u00a0\u00bb][vc_column_inner el_class=\u00a0\u00bbvc_col-sm-push-7&Prime; width=\u00a0\u00bb5\/12&Prime; css=\u00a0\u00bb.vc_custom_1716834296894{background-image: url(https:\/\/firstgeneraleasternontario.ca\/wp-content\/uploads\/2024\/05\/first-general-eo-interior-img.jpg?id=342) !important;}\u00a0\u00bb][\/vc_column_inner][vc_column_inner el_class=\u00a0\u00bbvc_col-sm-pull-5 padding-50&Prime; width=\u00a0\u00bb7\/12&Prime;][vc_column_text css=\u00a0\u00bb\u00a0\u00bb el_class=\u00a0\u00bbblue-row-title tt-uppercase\u00a0\u00bb]<\/p>\n<h2>Int\u00e9rieur<\/h2>\n<p>[\/vc_column_text][vc_column_text css=\u00a0\u00bb\u00a0\u00bb]Notre \u00e9quipe se sp\u00e9cialise dans la r\u00e9novation int\u00e9rieure. Avec de nombreuses ann\u00e9es d&rsquo;exp\u00e9rience dans la r\u00e9paration, l&rsquo;am\u00e9lioration ou la r\u00e9novation compl\u00e8te des aspects int\u00e9rieurs de la r\u00e9sidence, nous offrons \u00e0 nos clients l&rsquo;opportunit\u00e9 de revitaliser leur espace en quelque chose qu&rsquo;ils appr\u00e9cient vraiment.[\/vc_column_text]<a href=\"\/fr\/services\/renovation\/interieur\/\" target=\"_self\" class=\"dist-btn type2\">En savoir plus<\/a>[\/vc_column_inner][\/vc_row_inner][vc_row_inner equal_height=\u00a0\u00bbyes\u00a0\u00bb type=\u00a0\u00bbfull_width\u00a0\u00bb text_align=\u00a0\u00bbinherit\u00a0\u00bb el_class=\u00a0\u00bbblue-inner-row white-text margin-t-100&Prime; css=\u00a0\u00bb.vc_custom_1716471718508{background-color: #1e6efa !important;}\u00a0\u00bb][vc_column_inner width=\u00a0\u00bb5\/12&Prime; css=\u00a0\u00bb.vc_custom_1716834325240{background-image: url(https:\/\/firstgeneraleasternontario.ca\/wp-content\/uploads\/2024\/05\/first-general-eo-exterior-img.jpg?id=351) !important;}\u00a0\u00bb][\/vc_column_inner][vc_column_inner el_class=\u00a0\u00bbpadding-50&Prime; width=\u00a0\u00bb7\/12&Prime;][vc_column_text css=\u00a0\u00bb\u00a0\u00bb el_class=\u00a0\u00bbblue-row-title tt-uppercase\u00a0\u00bb]<\/p>\n<h2>Ext\u00e9rieur<\/h2>\n<p>[\/vc_column_text][vc_column_text css=\u00a0\u00bb\u00a0\u00bb]Notre \u00e9quipe se sp\u00e9cialise dans la r\u00e9novation ext\u00e9rieure. Avec de nombreuses ann\u00e9es d&rsquo;exp\u00e9rience dans la r\u00e9paration, l&rsquo;am\u00e9lioration ou la r\u00e9novation compl\u00e8te des \u00e9l\u00e9ments ext\u00e9rieurs des b\u00e2timents r\u00e9sidentiels ou commerciaux.[\/vc_column_text]<a href=\"\/fr\/services\/renovation\/exterieur\/\" target=\"_self\" class=\"dist-btn type2\">En savoir plus<\/a>[\/vc_column_inner][\/vc_row_inner][\/vc_column][\/vc_row][vc_row type=\u00a0\u00bbin_grid\u00a0\u00bb text_align=\u00a0\u00bbinherit\u00a0\u00bb css=\u00a0\u00bb.vc_custom_1716475717507{background-color: #0a1c3a !important;}\u00a0\u00bb el_class=\u00a0\u00bbin-service-years-row\u00a0\u00bb][vc_column][vc_row_inner equal_height=\u00a0\u00bbyes\u00a0\u00bb type=\u00a0\u00bbfull_width\u00a0\u00bb text_align=\u00a0\u00bbinherit\u00a0\u00bb el_class=\u00a0\u00bbin-service-years-inner-row\u00a0\u00bb][vc_column_inner el_class=\u00a0\u00bbpadding-50 white-text\u00a0\u00bb width=\u00a0\u00bb2\/3&Prime;][vc_column_text css=\u00a0\u00bb\u00a0\u00bb el_class=\u00a0\u00bbtt-uppercase\u00a0\u00bb]<\/p>\n<h2>En service depuis plus de 40 ans !<\/h2>\n<p>[\/vc_column_text][vc_column_text css=\u00a0\u00bb\u00a0\u00bb]First General Eastern Ontario est un leader dans l&rsquo;industrie de la construction depuis <strong>41 ans<\/strong>, gr\u00e2ce \u00e0 notre capacit\u00e9 \u00e0 d\u00e9finir les normes de travail dans notre secteur. Nous sommes fiers d&rsquo;\u00eatre des entrepreneurs et de faire un travail honn\u00eate pour nos clients qui n\u00e9cessitent nos services.[\/vc_column_text]<a href=\"\/fr\/a-propos\/\" target=\"_self\" class=\"dist-btn\">En savoir plus<\/a>[\/vc_column_inner][vc_column_inner width=\u00a0\u00bb1\/3&Prime; css=\u00a0\u00bb.vc_custom_1716476064222{background-image: url(https:\/\/firstgeneraleasternontario.ca\/wp-content\/uploads\/2024\/05\/first-general-eo-service-years-img.png?id=439) !important;}\u00a0\u00bb][\/vc_column_inner][\/vc_row_inner][\/vc_column][\/vc_row]<\/p>\n<\/div>","protected":false},"excerpt":{"rendered":"<p>[vc_row type=\u00a0\u00bbin_grid\u00a0\u00bb text_align=\u00a0\u00bbinherit\u00a0\u00bb el_class=\u00a0\u00bbpage-int-sub-title-row\u00a0\u00bb][vc_column][vc_row_inner equal_height=\u00a0\u00bbyes\u00a0\u00bb type=\u00a0\u00bbfull_width\u00a0\u00bb text_align=\u00a0\u00bbinherit\u00a0\u00bb el_class=\u00a0\u00bbpage-int-sub-title-inner-row\u00a0\u00bb][vc_column_inner width=\u00a0\u00bb7\/12&Prime;][vc_column_text css=\u00a0\u00bb\u00a0\u00bb el_class=\u00a0\u00bbdark-blue-text\u00a0\u00bb]Services de r\u00e9novation complets pour am\u00e9liorer et moderniser les b\u00e2timents, incluant des travaux de r\u00e9novation int\u00e9rieure et ext\u00e9rieure, avec un accent sur la qualit\u00e9 et la satisfaction du client.[\/vc_column_text][\/vc_column_inner][vc_column_inner width=\u00a0\u00bb5\/12&Prime; css=\u00a0\u00bb.vc_custom_1716832964520{background-image: url(https:\/\/firstgeneraleasternontario.ca\/wp-content\/uploads\/2024\/05\/first-general-eo-service-restoration-bg.jpg?id=67) !important;}\u00a0\u00bb][\/vc_column_inner][\/vc_row_inner][\/vc_column][\/vc_row][vc_row type=\u00a0\u00bbfull_width\u00a0\u00bb text_align=\u00a0\u00bbinherit\u00a0\u00bb css=\u00a0\u00bb.vc_custom_1716472629757{background-color: #4e8eff !important;}\u00a0\u00bb el_class=\u00a0\u00bbblue-row padding-b-100&Prime;][vc_column][vc_row_inner equal_height=\u00a0\u00bbyes\u00a0\u00bb type=\u00a0\u00bbfull_width\u00a0\u00bb text_align=\u00a0\u00bbinherit\u00a0\u00bb el_class=\u00a0\u00bbblue-inner-row white-text [&hellip;]<\/p>\n","protected":false},"author":1,"featured_media":0,"parent":842,"menu_order":0,"comment_status":"closed","ping_status":"closed","template":"","meta":{"_acf_changed":false,"_seopress_robots_primary_cat":"","_seopress_titles_title":"Services de r\u00e9novation Ontario - R\u00e9sidentiel & commercial","_seopress_titles_desc":"R\u00e9novations expertes pour am\u00e9liorer vos espaces r\u00e9sidentiels et commerciaux. Contactez-nous d\u00e8s aujourd'hui pour des solutions adapt\u00e9es \u00e0 vos besoins !","_seopress_robots_index":"","footnotes":""},"class_list":["post-851","page","type-page","status-publish"],"acf":[],"_links":{"self":[{"href":"https:\/\/firstgeneraleasternontario.ca\/fr\/wp-json\/wp\/v2\/pages\/851","targetHints":{"allow":["GET"]}}],"collection":[{"href":"https:\/\/firstgeneraleasternontario.ca\/fr\/wp-json\/wp\/v2\/pages"}],"about":[{"href":"https:\/\/firstgeneraleasternontario.ca\/fr\/wp-json\/wp\/v2\/types\/page"}],"author":[{"embeddable":true,"href":"https:\/\/firstgeneraleasternontario.ca\/fr\/wp-json\/wp\/v2\/users\/1"}],"replies":[{"embeddable":true,"href":"https:\/\/firstgeneraleasternontario.ca\/fr\/wp-json\/wp\/v2\/comments?post=851"}],"version-history":[{"count":2,"href":"https:\/\/firstgeneraleasternontario.ca\/fr\/wp-json\/wp\/v2\/pages\/851\/revisions"}],"predecessor-version":[{"id":26623,"href":"https:\/\/firstgeneraleasternontario.ca\/fr\/wp-json\/wp\/v2\/pages\/851\/revisions\/26623"}],"up":[{"embeddable":true,"href":"https:\/\/firstgeneraleasternontario.ca\/fr\/wp-json\/wp\/v2\/pages\/842"}],"wp:attachment":[{"href":"https:\/\/firstgeneraleasternontario.ca\/fr\/wp-json\/wp\/v2\/media?parent=851"}],"curies":[{"name":"wp","href":"https:\/\/api.w.org\/{rel}","templated":true}]}}