{"id":856,"date":"2024-05-17T17:28:05","date_gmt":"2024-05-17T21:28:05","guid":{"rendered":"https:\/\/firstgeneraleasternontario.ca\/services\/restoration\/residential\/"},"modified":"2025-09-30T13:00:30","modified_gmt":"2025-09-30T17:00:30","slug":"residentiel","status":"publish","type":"page","link":"https:\/\/firstgeneraleasternontario.ca\/fr\/services\/restauration\/residentiel\/","title":{"rendered":"R\u00e9sidentiel"},"content":{"rendered":"<div class=\"wpb-content-wrapper\"><p>[vc_row type=\u00a0\u00bbin_grid\u00a0\u00bb text_align=\u00a0\u00bbinherit\u00a0\u00bb el_class=\u00a0\u00bbpage-int-sub-title-row\u00a0\u00bb][vc_column][vc_row_inner equal_height=\u00a0\u00bbyes\u00a0\u00bb type=\u00a0\u00bbfull_width\u00a0\u00bb text_align=\u00a0\u00bbinherit\u00a0\u00bb el_class=\u00a0\u00bbpage-int-sub-title-inner-row\u00a0\u00bb][vc_column_inner][vc_column_text css=\u00a0\u00bb\u00a0\u00bb el_class=\u00a0\u00bbtoptitle dark-blue-text\u00a0\u00bb]R\u00e9sidentiel[\/vc_column_text][vc_column_text css=\u00a0\u00bb\u00a0\u00bb el_class=\u00a0\u00bbdark-blue-text tt-uppercase\u00a0\u00bb]<\/p>\n<h2>Nos services<\/h2>\n<p>[\/vc_column_text][vc_column_text css=\u00a0\u00bb\u00a0\u00bb el_class=\u00a0\u00bbdark-blue-text\u00a0\u00bb]Dans le d\u00e9partement de restauration r\u00e9sidentielle, nous offrons une gamme de services visant \u00e0 restaurer les maisons endommag\u00e9es par divers facteurs tels que le feu, l&rsquo;eau, la moisissure ou les catastrophes naturelles.<\/p>\n<p>Nous acceptons des travaux de toutes formes et tailles. Nous avons une \u00e9quipe sp\u00e9cialis\u00e9e dans les sinistres importants et une unit\u00e9 distincte qui s&rsquo;occupe des r\u00e9parations plus petites, en fonction de l&rsquo;envergure globale g\u00e9r\u00e9e par le chef de projet.[\/vc_column_text][\/vc_column_inner][\/vc_row_inner][\/vc_column][\/vc_row][vc_row type=\u00a0\u00bbin_grid\u00a0\u00bb text_align=\u00a0\u00bbinherit\u00a0\u00bb el_class=\u00a0\u00bbservices-blue-row padding-100&Prime;][vc_column][vc_row_inner equal_height=\u00a0\u00bbyes\u00a0\u00bb type=\u00a0\u00bbfull_width\u00a0\u00bb text_align=\u00a0\u00bbcenter\u00a0\u00bb el_class=\u00a0\u00bbservices-blue-inner-row\u00a0\u00bb][vc_column_inner width=\u00a0\u00bb1\/2&Prime; css=\u00a0\u00bb.vc_custom_1716576279484{background-image: url(https:\/\/firstgeneraleasternontario.ca\/wp-content\/uploads\/2024\/05\/first-general-eo-restoration-residential-damage-img.jpg?id=552) !important;}\u00a0\u00bb][vc_column_text css=\u00a0\u00bb\u00a0\u00bb el_class=\u00a0\u00bbservices-blue-inner-row-title\u00a0\u00bb]<\/p>\n<h3>D\u00e9g\u00e2ts<\/h3>\n<p>[\/vc_column_text][vc_column_text css=\u00a0\u00bb.vc_custom_1719327286432{margin-top: 10px !important;margin-bottom: 0px !important;}\u00a0\u00bb el_class=\u00a0\u00bbtt-uppercase white-text\u00a0\u00bb]Eau, incendie, temp\u00eate, moisissures[\/vc_column_text][vc_column_text css=\u00a0\u00bb\u00a0\u00bb el_class=\u00a0\u00bbservices-blue-inner-row-link\u00a0\u00bb]<a href=\"https:\/\/firstgeneraleasternontario.ca\/fr\/services\/restauration\/residentiel\/degats\/\">D\u00e9gats<\/a>[\/vc_column_text][\/vc_column_inner][vc_column_inner width=\u00a0\u00bb1\/2&Prime; css=\u00a0\u00bb.vc_custom_1716576306237{background-image: url(https:\/\/firstgeneraleasternontario.ca\/wp-content\/uploads\/2024\/05\/first-general-eo-restoration-residential-emergency-img.jpg?id=553) !important;}\u00a0\u00bb][vc_column_text css=\u00a0\u00bb\u00a0\u00bb el_class=\u00a0\u00bbservices-blue-inner-row-title\u00a0\u00bb]<\/p>\n<h3>Urgence<\/h3>\n<p>[\/vc_column_text][vc_column_text css=\u00a0\u00bb.vc_custom_1719327313060{margin-top: 10px !important;margin-bottom: 0px !important;}\u00a0\u00bb el_class=\u00a0\u00bbtt-uppercase white-text\u00a0\u00bb]Impact des v\u00e9hicules, nettoyage du contenu et restauration[\/vc_column_text][vc_column_text css=\u00a0\u00bb\u00a0\u00bb el_class=\u00a0\u00bbservices-blue-inner-row-link\u00a0\u00bb]<a href=\"https:\/\/firstgeneraleasternontario.ca\/fr\/services\/restauration\/residentiel\/urgence\/\">Urgence<\/a>[\/vc_column_text][\/vc_column_inner][\/vc_row_inner][\/vc_column][\/vc_row][vc_row type=\u00a0\u00bbfull_width\u00a0\u00bb text_align=\u00a0\u00bbinherit\u00a0\u00bb css=\u00a0\u00bb.vc_custom_1716815671162{background-color: #4e8eff !important;}\u00a0\u00bb el_class=\u00a0\u00bbpadding-100&Prime;][vc_column][vc_row_inner type=\u00a0\u00bbin_grid\u00a0\u00bb text_align=\u00a0\u00bbinherit\u00a0\u00bb el_class=\u00a0\u00bbwhy-pick-first-general-title white-text padding-b-50&Prime;][vc_column_inner][vc_column_text css=\u00a0\u00bb\u00a0\u00bb el_class=\u00a0\u00bbtt-uppercase\u00a0\u00bb]<\/p>\n<h2>Pourquoi choisir les services de First General Eastern Ontario<\/h2>\n<p>[\/vc_column_text][\/vc_column_inner][\/vc_row_inner][vc_row_inner type=\u00a0\u00bbin_grid\u00a0\u00bb text_align=\u00a0\u00bbinherit\u00a0\u00bb el_class=\u00a0\u00bbwhy-pick-first-general-description padding-b-50 white-text\u00a0\u00bb][vc_column_inner width=\u00a0\u00bb1\/3&Prime;][\/vc_column_inner][vc_column_inner width=\u00a0\u00bb2\/3&Prime;][vc_column_text css=\u00a0\u00bb\u00a0\u00bb]Bien que nous soyons sp\u00e9cialis\u00e9s dans la restauration, nous sommes \u00e9galement experts en r\u00e9novation et en remodelage. Nous avons r\u00e9alis\u00e9 des centaines de projets de r\u00e9novation et de remodelage au fil des ans et disposons d&rsquo;un personnel qualifi\u00e9 pour garantir que le client obtient exactement ce qu&rsquo;il souhaite pour sa maison.[\/vc_column_text][\/vc_column_inner][\/vc_row_inner][vc_row_inner type=\u00a0\u00bbin_grid\u00a0\u00bb text_align=\u00a0\u00bbinherit\u00a0\u00bb el_class=\u00a0\u00bbwhy-pick-first-general-top-list\u00a0\u00bb][vc_column_inner width=\u00a0\u00bb1\/3&Prime; css=\u00a0\u00bb.vc_custom_1716814556494{background-image: url(https:\/\/firstgeneraleasternontario.ca\/wp-content\/uploads\/2024\/05\/first-general-eo-why-pick-top-list-img-scaled.jpg?id=572) !important;}\u00a0\u00bb][\/vc_column_inner][vc_column_inner width=\u00a0\u00bb2\/3&Prime;]<div class=\"dist-shortcode-container wpb_content_element\">        <div class=\"why-pick-fg-services-row padding-t-100 padding-b-50\">\n                            <div class=\"why-pick-fg-services-item padding-b-100\">\n                    <div class=\"why-pick-fg-services-icon\" style='background-image: url(\"https:\/\/firstgeneraleasternontario.ca\/wp-content\/uploads\/2024\/05\/first-general-eo-experience-expertise-icon.svg\");'><\/div>\n                    <div class=\"why-pick-fg-services-content\">\n                        <div class=\"why-pick-fg-services-title blue-text\"><h4>Exp\u00e9rience et expertise<\/h4><\/div>\n                        <div class=\"why-pick-fg-services-description dark-blue-text\">Recherchez une entreprise avec un historique prouv\u00e9 de r\u00e9novations et de projets de remodelage r\u00e9ussis. L'exp\u00e9rience dans l'industrie indique qu'ils ont l'expertise n\u00e9cessaire pour g\u00e9rer divers types de projets de mani\u00e8re efficace.<\/div>\n                    <\/div>\n                <\/div>\n                            <div class=\"why-pick-fg-services-item padding-b-100\">\n                    <div class=\"why-pick-fg-services-icon\" style='background-image: url(\"https:\/\/firstgeneraleasternontario.ca\/wp-content\/uploads\/2024\/05\/first-general-eo-licensed-insured-icon.svg\");'><\/div>\n                    <div class=\"why-pick-fg-services-content\">\n                        <div class=\"why-pick-fg-services-title blue-text\"><h4>Licenci\u00e9 et assur\u00e9<\/h4><\/div>\n                        <div class=\"why-pick-fg-services-description dark-blue-text\">Assurez-vous que l'entreprise est correctement licenci\u00e9e et assur\u00e9e. Cela vous prot\u00e8ge en tant que propri\u00e9taire en cas d'accidents ou de dommages pendant le processus de r\u00e9novation.<\/div>\n                    <\/div>\n                <\/div>\n                            <div class=\"why-pick-fg-services-item padding-b-100\">\n                    <div class=\"why-pick-fg-services-icon\" style='background-image: url(\"https:\/\/firstgeneraleasternontario.ca\/wp-content\/uploads\/2024\/05\/first-general-eo-quality-workmanship-icon.svg\");'><\/div>\n                    <div class=\"why-pick-fg-services-content\">\n                        <div class=\"why-pick-fg-services-title blue-text\"><h4>Qualit\u00e9 du travail<\/h4><\/div>\n                        <div class=\"why-pick-fg-services-description dark-blue-text\">Une entreprise r\u00e9put\u00e9e doit privil\u00e9gier la qualit\u00e9 du travail dans tous les aspects de ses projets, des mat\u00e9riaux utilis\u00e9s \u00e0 l'artisanat d\u00e9montr\u00e9. Un travail de haute qualit\u00e9 garantit que votre projet de r\u00e9novation ou de remodelage r\u00e9sistera \u00e0 l'\u00e9preuve du temps.<\/div>\n                    <\/div>\n                <\/div>\n                            <div class=\"why-pick-fg-services-item padding-b-100\">\n                    <div class=\"why-pick-fg-services-icon\" style='background-image: url(\"https:\/\/firstgeneraleasternontario.ca\/wp-content\/uploads\/2024\/05\/first-general-eo-attention-detail-icon.svg\");'><\/div>\n                    <div class=\"why-pick-fg-services-content\">\n                        <div class=\"why-pick-fg-services-title blue-text\"><h4>Attention aux d\u00e9tails<\/h4><\/div>\n                        <div class=\"why-pick-fg-services-description dark-blue-text\">Faites attention aux entreprises qui montrent une attention particuli\u00e8re aux d\u00e9tails. Les projets de r\u00e9novation et de remodelage impliquent souvent un travail minutieux, et une entreprise attentive aux petits d\u00e9tails est plus susceptible de livrer un produit fini sup\u00e9rieur.<\/div>\n                    <\/div>\n                <\/div>\n                            <div class=\"why-pick-fg-services-item padding-b-100\">\n                    <div class=\"why-pick-fg-services-icon\" style='background-image: url(\"https:\/\/firstgeneraleasternontario.ca\/wp-content\/uploads\/2024\/05\/first-general-eo-transparent-cummunication-pricing-icon.svg\");'><\/div>\n                    <div class=\"why-pick-fg-services-content\">\n                        <div class=\"why-pick-fg-services-title blue-text\"><h4>Communication et tarification transparentes<\/h4><\/div>\n                        <div class=\"why-pick-fg-services-description dark-blue-text\">Choisissez une entreprise qui maintient une communication ouverte et transparente tout au long du projet. Ils doivent fournir des estimations claires et d\u00e9taill\u00e9es, vous tenir inform\u00e9 de l'avancement du projet et r\u00e9pondre rapidement \u00e0 vos pr\u00e9occupations ou questions.<\/div>\n                    <\/div>\n                <\/div>\n                    <\/div>\n    <\/div>[\/vc_column_inner][\/vc_row_inner][vc_row_inner type=\u00a0\u00bbin_grid\u00a0\u00bb text_align=\u00a0\u00bbinherit\u00a0\u00bb el_class=\u00a0\u00bbwhy-pick-first-general-bottom-list\u00a0\u00bb][vc_column_inner width=\u00a0\u00bb2\/3&Prime;]<div class=\"dist-shortcode-container wpb_content_element\">        <div class=\"why-pick-fg-services-row padding-t-50 padding-b-100\">\n                            <div class=\"why-pick-fg-services-item padding-b-100\">\n                    <div class=\"why-pick-fg-services-icon\" style='background-image: url(\"https:\/\/firstgeneraleasternontario.ca\/wp-content\/uploads\/2024\/05\/first-general-eo-customer-satisfaction-icon.svg\");'><\/div>\n                    <div class=\"why-pick-fg-services-content\">\n                        <div class=\"why-pick-fg-services-title blue-text\"><h4>Satisfaction du client<\/h4><\/div>\n                        <div class=\"why-pick-fg-services-description dark-blue-text\">Cherchez des t\u00e9moignages, des avis et des r\u00e9f\u00e9rences de clients pr\u00e9c\u00e9dents pour \u00e9valuer la satisfaction des clients. Une entreprise ayant une histoire de clients satisfaits est plus susceptible de vous offrir une exp\u00e9rience positive pour votre projet de r\u00e9novation ou de remodelage.<\/div>\n                    <\/div>\n                <\/div>\n                            <div class=\"why-pick-fg-services-item padding-b-100\">\n                    <div class=\"why-pick-fg-services-icon\" style='background-image: url(\"https:\/\/firstgeneraleasternontario.ca\/wp-content\/uploads\/2024\/05\/first-general-eo-versatility-creativity-icon.svg\");'><\/div>\n                    <div class=\"why-pick-fg-services-content\">\n                        <div class=\"why-pick-fg-services-title blue-text\"><h4>Polyvalence et cr\u00e9ativit\u00e9<\/h4><\/div>\n                        <div class=\"why-pick-fg-services-description dark-blue-text\">Une bonne entreprise de r\u00e9novation et de remodelage doit \u00eatre polyvalente et cr\u00e9ative, capable de s'adapter \u00e0 diff\u00e9rents styles et pr\u00e9f\u00e9rences tout en offrant des solutions innovantes aux d\u00e9fis de conception.<\/div>\n                    <\/div>\n                <\/div>\n                            <div class=\"why-pick-fg-services-item padding-b-100\">\n                    <div class=\"why-pick-fg-services-icon\" style='background-image: url(\"https:\/\/firstgeneraleasternontario.ca\/wp-content\/uploads\/2024\/05\/first-general-eo-commitment-timelines-icon.svg\");'><\/div>\n                    <div class=\"why-pick-fg-services-content\">\n                        <div class=\"why-pick-fg-services-title blue-text\"><h4>Engagement envers les d\u00e9lais<\/h4><\/div>\n                        <div class=\"why-pick-fg-services-description dark-blue-text\">Les entreprises fiables respectent les d\u00e9lais convenus et s'efforcent de terminer les projets dans les d\u00e9lais sp\u00e9cifi\u00e9s. Cela garantit que votre projet de r\u00e9novation ou de remodelage reste sur la bonne voie et minimise les perturbations de votre vie quotidienne.<\/div>\n                    <\/div>\n                <\/div>\n                            <div class=\"why-pick-fg-services-item padding-b-100\">\n                    <div class=\"why-pick-fg-services-icon\" style='background-image: url(\"https:\/\/firstgeneraleasternontario.ca\/wp-content\/uploads\/2024\/05\/first-general-eo-warranty-guarantee-icon.svg\");'><\/div>\n                    <div class=\"why-pick-fg-services-content\">\n                        <div class=\"why-pick-fg-services-title blue-text\"><h4>Garantie et assurance<\/h4><\/div>\n                        <div class=\"why-pick-fg-services-description dark-blue-text\">Une entreprise r\u00e9put\u00e9e offre g\u00e9n\u00e9ralement des garanties sur leur travail et les mat\u00e9riaux utilis\u00e9s. Cela vous offre une tranquillit\u00e9 d'esprit en sachant qu'ils soutiennent leur travail et traiteront tout probl\u00e8me qui pourrait survenir apr\u00e8s l'ach\u00e8vement du projet.<\/div>\n                    <\/div>\n                <\/div>\n                            <div class=\"why-pick-fg-services-item padding-b-100\">\n                    <div class=\"why-pick-fg-services-icon\" style='background-image: url(\"https:\/\/firstgeneraleasternontario.ca\/wp-content\/uploads\/2024\/05\/first-general-eo-sustainability-ecofriendly-practices-icon.svg\");'><\/div>\n                    <div class=\"why-pick-fg-services-content\">\n                        <div class=\"why-pick-fg-services-title blue-text\"><h4>Pratiques durables et \u00e9cologiques<\/h4><\/div>\n                        <div class=\"why-pick-fg-services-description dark-blue-text\">Si la durabilit\u00e9 est importante pour vous, consid\u00e9rez les entreprises qui privil\u00e9gient les pratiques et mat\u00e9riaux \u00e9cologiques dans leurs projets de r\u00e9novation et de remodelage.<\/div>\n                    <\/div>\n                <\/div>\n                    <\/div>\n    <\/div>[\/vc_column_inner][vc_column_inner width=\u00a0\u00bb1\/3&Prime; css=\u00a0\u00bb.vc_custom_1716816137043{background-image: url(https:\/\/firstgeneraleasternontario.ca\/wp-content\/uploads\/2024\/05\/first-general-eo-why-pick-bottom-list-img-scaled.jpg?id=582) !important;}\u00a0\u00bb][\/vc_column_inner][\/vc_row_inner][\/vc_column][\/vc_row]<\/p>\n<\/div>","protected":false},"excerpt":{"rendered":"<p>[vc_row type=\u00a0\u00bbin_grid\u00a0\u00bb text_align=\u00a0\u00bbinherit\u00a0\u00bb el_class=\u00a0\u00bbpage-int-sub-title-row\u00a0\u00bb][vc_column][vc_row_inner equal_height=\u00a0\u00bbyes\u00a0\u00bb type=\u00a0\u00bbfull_width\u00a0\u00bb text_align=\u00a0\u00bbinherit\u00a0\u00bb el_class=\u00a0\u00bbpage-int-sub-title-inner-row\u00a0\u00bb][vc_column_inner][vc_column_text css=\u00a0\u00bb\u00a0\u00bb el_class=\u00a0\u00bbtoptitle dark-blue-text\u00a0\u00bb]R\u00e9sidentiel[\/vc_column_text][vc_column_text css=\u00a0\u00bb\u00a0\u00bb el_class=\u00a0\u00bbdark-blue-text tt-uppercase\u00a0\u00bb] Nos services [\/vc_column_text][vc_column_text css=\u00a0\u00bb\u00a0\u00bb el_class=\u00a0\u00bbdark-blue-text\u00a0\u00bb]Dans le d\u00e9partement de restauration r\u00e9sidentielle, nous offrons une gamme de services visant \u00e0 restaurer les maisons endommag\u00e9es par divers facteurs tels que le feu, l&rsquo;eau, la moisissure ou les catastrophes naturelles. Nous acceptons des travaux de [&hellip;]<\/p>\n","protected":false},"author":1,"featured_media":0,"parent":839,"menu_order":0,"comment_status":"closed","ping_status":"closed","template":"","meta":{"_acf_changed":false,"_seopress_robots_primary_cat":"","_seopress_titles_title":"Services de restauration r\u00e9sidentielle | Feu, eau & vent","_seopress_titles_desc":"Restauration sp\u00e9cialis\u00e9e pour les dommages r\u00e9sidentiels caus\u00e9s par le feu, l'eau ou le vent. Contactez-nous pour une assistance rapide et efficace !","_seopress_robots_index":"","footnotes":""},"class_list":["post-856","page","type-page","status-publish"],"acf":[],"_links":{"self":[{"href":"https:\/\/firstgeneraleasternontario.ca\/fr\/wp-json\/wp\/v2\/pages\/856","targetHints":{"allow":["GET"]}}],"collection":[{"href":"https:\/\/firstgeneraleasternontario.ca\/fr\/wp-json\/wp\/v2\/pages"}],"about":[{"href":"https:\/\/firstgeneraleasternontario.ca\/fr\/wp-json\/wp\/v2\/types\/page"}],"author":[{"embeddable":true,"href":"https:\/\/firstgeneraleasternontario.ca\/fr\/wp-json\/wp\/v2\/users\/1"}],"replies":[{"embeddable":true,"href":"https:\/\/firstgeneraleasternontario.ca\/fr\/wp-json\/wp\/v2\/comments?post=856"}],"version-history":[{"count":2,"href":"https:\/\/firstgeneraleasternontario.ca\/fr\/wp-json\/wp\/v2\/pages\/856\/revisions"}],"predecessor-version":[{"id":26612,"href":"https:\/\/firstgeneraleasternontario.ca\/fr\/wp-json\/wp\/v2\/pages\/856\/revisions\/26612"}],"up":[{"embeddable":true,"href":"https:\/\/firstgeneraleasternontario.ca\/fr\/wp-json\/wp\/v2\/pages\/839"}],"wp:attachment":[{"href":"https:\/\/firstgeneraleasternontario.ca\/fr\/wp-json\/wp\/v2\/media?parent=856"}],"curies":[{"name":"wp","href":"https:\/\/api.w.org\/{rel}","templated":true}]}}