{"id":858,"date":"2024-05-17T17:32:11","date_gmt":"2024-05-17T21:32:11","guid":{"rendered":"https:\/\/firstgeneraleasternontario.ca\/services\/restoration\/residential\/damage\/"},"modified":"2025-09-30T13:02:18","modified_gmt":"2025-09-30T17:02:18","slug":"degats","status":"publish","type":"page","link":"https:\/\/firstgeneraleasternontario.ca\/fr\/services\/restauration\/residentiel\/degats\/","title":{"rendered":"D\u00e9g\u00e2ts"},"content":{"rendered":"<div class=\"wpb-content-wrapper\"><p>[vc_row type=\u00a0\u00bbin_grid\u00a0\u00bb text_align=\u00a0\u00bbinherit\u00a0\u00bb el_class=\u00a0\u00bbpage-int-sub-title-row\u00a0\u00bb][vc_column][vc_row_inner equal_height=\u00a0\u00bbyes\u00a0\u00bb type=\u00a0\u00bbfull_width\u00a0\u00bb text_align=\u00a0\u00bbinherit\u00a0\u00bb el_class=\u00a0\u00bbpage-int-sub-title-inner-row\u00a0\u00bb][vc_column_inner][vc_column_text css=\u00a0\u00bb\u00a0\u00bb el_class=\u00a0\u00bbtoptitle dark-blue-text\u00a0\u00bb]R\u00e9sidentiel[\/vc_column_text][vc_column_text css=\u00a0\u00bb\u00a0\u00bb el_class=\u00a0\u00bbdark-blue-text tt-uppercase\u00a0\u00bb]<\/p>\n<h2>D\u00e9g\u00e2ts<\/h2>\n<p>[\/vc_column_text][vc_column_text css=\u00a0\u00bb\u00a0\u00bb el_class=\u00a0\u00bbdark-blue-text\u00a0\u00bb]Dans le d\u00e9partement de restauration r\u00e9sidentielle, nous offrons une gamme de services visant \u00e0 restaurer les maisons endommag\u00e9es par divers facteurs tels que le feu, l&rsquo;eau, la moisissure ou les catastrophes naturelles.<\/p>\n<p>Nous acceptons des travaux de toutes formes et tailles. Nous avons une \u00e9quipe sp\u00e9cialis\u00e9e dans les sinistres importants et une unit\u00e9 distincte qui s&rsquo;occupe des r\u00e9parations plus petites, en fonction de l&rsquo;envergure globale g\u00e9r\u00e9e par le chef de projet.[\/vc_column_text][\/vc_column_inner][\/vc_row_inner][\/vc_column][\/vc_row][vc_row type=\u00a0\u00bbfull_width\u00a0\u00bb text_align=\u00a0\u00bbinherit\u00a0\u00bb css=\u00a0\u00bb.vc_custom_1716472629757{background-color: #4e8eff !important;}\u00a0\u00bb el_class=\u00a0\u00bbblue-row padding-b-100&Prime;][vc_column][vc_row_inner equal_height=\u00a0\u00bbyes\u00a0\u00bb type=\u00a0\u00bbfull_width\u00a0\u00bb text_align=\u00a0\u00bbinherit\u00a0\u00bb el_class=\u00a0\u00bbblue-inner-row white-text margin-t-100&Prime; css=\u00a0\u00bb.vc_custom_1716471725806{background-color: #1e6efa !important;}\u00a0\u00bb][vc_column_inner width=\u00a0\u00bb5\/12&Prime; css=\u00a0\u00bb.vc_custom_1716479444091{background-image: url(https:\/\/firstgeneraleasternontario.ca\/wp-content\/uploads\/2024\/05\/first-general-eo-restoration-residentiel-damage-water-img.jpg?id=453) !important;}\u00a0\u00bb][\/vc_column_inner][vc_column_inner el_class=\u00a0\u00bbpadding-50&Prime; width=\u00a0\u00bb7\/12&Prime;][vc_column_text css=\u00a0\u00bb\u00a0\u00bb el_class=\u00a0\u00bbblue-row-title tt-uppercase\u00a0\u00bb]<\/p>\n<h2>Restauration des d\u00e9g\u00e2ts d&rsquo;eau<\/h2>\n<p>[\/vc_column_text][vc_column_text css=\u00a0\u00bb\u00a0\u00bb]Cela implique la r\u00e9paration des dommages caus\u00e9s par des fuites, des inondations ou des tuyaux \u00e9clat\u00e9s. Cela inclut l&rsquo;extraction de l&rsquo;eau, le s\u00e9chage des zones touch\u00e9es, la r\u00e9paration ou le remplacement des structures endommag\u00e9es et le traitement de tout probl\u00e8me de moisissure ou de mildiou pouvant r\u00e9sulter de l&rsquo;exposition \u00e0 l&rsquo;eau.<\/p>\n<p>Le processus de restauration des d\u00e9g\u00e2ts d&rsquo;eau est le suivant :<\/p>\n<ul>\n<li>Extraction de l&rsquo;eau<\/li>\n<li>S\u00e9chage et d\u00e9shumidification<\/li>\n<li>Nettoyage et d\u00e9sinfection<\/li>\n<li>R\u00e9paration et restauration<\/li>\n<li>Suivi<\/li>\n<li>Inspection finale<\/li>\n<\/ul>\n<p>[\/vc_column_text]<a href=\"\/fr\/estimation-gratuite\/\" target=\"_self\" class=\"dist-btn type2\">Estimation gratuite<\/a>[\/vc_column_inner][\/vc_row_inner][vc_row_inner equal_height=\u00a0\u00bbyes\u00a0\u00bb content_placement=\u00a0\u00bbbottom\u00a0\u00bb type=\u00a0\u00bbfull_width\u00a0\u00bb text_align=\u00a0\u00bbinherit\u00a0\u00bb el_class=\u00a0\u00bbblue-inner-row white-text margin-t-100&Prime; css=\u00a0\u00bb.vc_custom_1716470869507{background-color: #1e6efa !important;}\u00a0\u00bb][vc_column_inner el_class=\u00a0\u00bbvc_col-sm-push-7&Prime; width=\u00a0\u00bb5\/12&Prime; css=\u00a0\u00bb.vc_custom_1716479470559{background-image: url(https:\/\/firstgeneraleasternontario.ca\/wp-content\/uploads\/2024\/05\/first-general-eo-restoration-residentiel-damage-fire-img.jpg?id=454) !important;}\u00a0\u00bb][\/vc_column_inner][vc_column_inner el_class=\u00a0\u00bbvc_col-sm-pull-5 padding-50&Prime; width=\u00a0\u00bb7\/12&Prime;][vc_column_text css=\u00a0\u00bb\u00a0\u00bb el_class=\u00a0\u00bbblue-row-title tt-uppercase\u00a0\u00bb]<\/p>\n<h2>Restauration des d\u00e9g\u00e2ts de feu<\/h2>\n<p>[\/vc_column_text][vc_column_text css=\u00a0\u00bb\u00a0\u00bb]First General Eastern Ontario travaille \u00e0 restaurer les maisons endommag\u00e9es par le feu, y compris les dommages caus\u00e9s par la fum\u00e9e et la suie. Cela peut inclure le nettoyage, la d\u00e9sodorisation, la r\u00e9paration ou le remplacement des structures endommag\u00e9es, ainsi que le traitement des dommages caus\u00e9s par l&rsquo;eau r\u00e9sultant des efforts de lutte contre l&rsquo;incendie.<\/p>\n<p>Le processus de restauration des d\u00e9g\u00e2ts de feu est le suivant :<\/p>\n<ul>\n<li>\u00c9valuation et inspection<\/li>\n<li>S\u00e9curisation de la propri\u00e9t\u00e9<\/li>\n<li>Enl\u00e8vement de l&rsquo;eau et s\u00e9chage<\/li>\n<li>Enl\u00e8vement de la fum\u00e9e et de la suie<\/li>\n<li>Nettoyage et r\u00e9paration des structures<\/li>\n<li>Nettoyage et restauration des contenus<\/li>\n<li>\u00c9limination des odeurs<\/li>\n<li>Inspection finale et restauration<\/li>\n<\/ul>\n<p>[\/vc_column_text]<a href=\"\/fr\/estimation-gratuite\/\" target=\"_self\" class=\"dist-btn type2\">Estimation gratuite<\/a>[\/vc_column_inner][\/vc_row_inner][vc_row_inner equal_height=\u00a0\u00bbyes\u00a0\u00bb type=\u00a0\u00bbfull_width\u00a0\u00bb text_align=\u00a0\u00bbinherit\u00a0\u00bb el_class=\u00a0\u00bbblue-inner-row white-text margin-t-100&Prime; css=\u00a0\u00bb.vc_custom_1716471718508{background-color: #1e6efa !important;}\u00a0\u00bb][vc_column_inner width=\u00a0\u00bb5\/12&Prime; css=\u00a0\u00bb.vc_custom_1716479499056{background-image: url(https:\/\/firstgeneraleasternontario.ca\/wp-content\/uploads\/2024\/05\/first-general-eo-restoration-residentiel-damage-mold-img.jpg?id=455) !important;}\u00a0\u00bb][\/vc_column_inner][vc_column_inner el_class=\u00a0\u00bbpadding-50&Prime; width=\u00a0\u00bb7\/12&Prime;][vc_column_text css=\u00a0\u00bb\u00a0\u00bb el_class=\u00a0\u00bbblue-row-title tt-uppercase\u00a0\u00bb]<\/p>\n<h2>Rem\u00e9diation des moisissures<\/h2>\n<p>[\/vc_column_text][vc_column_text css=\u00a0\u00bb\u00a0\u00bb]Si une maison pr\u00e9sente une croissance de moisissures due \u00e0 des d\u00e9g\u00e2ts d&rsquo;eau ou \u00e0 d&rsquo;autres facteurs, l&rsquo;entreprise effectuera des services de test et de suppression des moisissures. Cela inclut l&rsquo;identification de la source d&rsquo;humidit\u00e9, l&rsquo;enl\u00e8vement des mat\u00e9riaux infest\u00e9s par les moisissures et la mise en place de mesures pour pr\u00e9venir la croissance future des moisissures.<\/p>\n<p>Le processus de rem\u00e9diation des moisissures dans les maisons r\u00e9sidentielles est le suivant :<\/p>\n<ul>\n<li>\u00c9valuation et inspection<\/li>\n<li>Contention<\/li>\n<li>Contr\u00f4le de l&rsquo;humidit\u00e9<\/li>\n<li>Enl\u00e8vement des mat\u00e9riaux contamin\u00e9s par les moisissures<\/li>\n<li>Nettoyage et d\u00e9sinfection<\/li>\n<li>Aspiration HEPA et \u00e9puration de l&rsquo;air (air \u00e0 particules \u00e0 haute efficacit\u00e9)<\/li>\n<li>S\u00e9chage et d\u00e9shumidification<\/li>\n<li>Post-rem\u00e9diation et tests<\/li>\n<li>Mesures pr\u00e9ventives<\/li>\n<\/ul>\n<p>[\/vc_column_text]<a href=\"\/fr\/estimation-gratuite\/\" target=\"_self\" class=\"dist-btn type2\">Estimation gratuite<\/a>[\/vc_column_inner][\/vc_row_inner][vc_row_inner equal_height=\u00a0\u00bbyes\u00a0\u00bb content_placement=\u00a0\u00bbbottom\u00a0\u00bb type=\u00a0\u00bbfull_width\u00a0\u00bb text_align=\u00a0\u00bbinherit\u00a0\u00bb el_class=\u00a0\u00bbblue-inner-row white-text margin-t-100&Prime; css=\u00a0\u00bb.vc_custom_1716470869507{background-color: #1e6efa !important;}\u00a0\u00bb][vc_column_inner el_class=\u00a0\u00bbvc_col-sm-push-7&Prime; width=\u00a0\u00bb5\/12&Prime; css=\u00a0\u00bb.vc_custom_1716479527507{background-image: url(https:\/\/firstgeneraleasternontario.ca\/wp-content\/uploads\/2024\/05\/first-general-eo-restoration-residentiel-damage-storm-img.jpg?id=456) !important;}\u00a0\u00bb][\/vc_column_inner][vc_column_inner el_class=\u00a0\u00bbvc_col-sm-pull-5 padding-50&Prime; width=\u00a0\u00bb7\/12&Prime;][vc_column_text css=\u00a0\u00bb\u00a0\u00bb el_class=\u00a0\u00bbblue-row-title tt-uppercase\u00a0\u00bb]<\/p>\n<h2>Restauration des dommages caus\u00e9s par les temp\u00eates<\/h2>\n<p>[\/vc_column_text][vc_column_text css=\u00a0\u00bb\u00a0\u00bb]En cas de conditions m\u00e9t\u00e9orologiques s\u00e9v\u00e8res telles que temp\u00eates, ouragans ou tornades, First General Eastern Ontario fournit des services de restauration pour r\u00e9parer les dommages aux toits, fen\u00eatres, bardages et autres parties de la maison. Cela peut impliquer des r\u00e9parations temporaires pour pr\u00e9venir d&rsquo;autres dommages, suivies de r\u00e9parations ou de remplacements permanents.[\/vc_column_text]<a href=\"\/fr\/estimation-gratuite\/\" target=\"_self\" class=\"dist-btn type2\">Estimation gratuite<\/a>[\/vc_column_inner][\/vc_row_inner][\/vc_column][\/vc_row][vc_row type=\u00a0\u00bbin_grid\u00a0\u00bb text_align=\u00a0\u00bbinherit\u00a0\u00bb css=\u00a0\u00bb.vc_custom_1716475717507{background-color: #0a1c3a !important;}\u00a0\u00bb el_class=\u00a0\u00bbin-service-years-row\u00a0\u00bb][vc_column][vc_row_inner equal_height=\u00a0\u00bbyes\u00a0\u00bb type=\u00a0\u00bbfull_width\u00a0\u00bb text_align=\u00a0\u00bbinherit\u00a0\u00bb el_class=\u00a0\u00bbin-service-years-inner-row\u00a0\u00bb][vc_column_inner el_class=\u00a0\u00bbpadding-50 white-text\u00a0\u00bb width=\u00a0\u00bb2\/3&Prime;][vc_column_text css=\u00a0\u00bb\u00a0\u00bb el_class=\u00a0\u00bbtt-uppercase\u00a0\u00bb]<\/p>\n<h2>En service depuis plus de 40 ans !<\/h2>\n<p>[\/vc_column_text][vc_column_text css=\u00a0\u00bb\u00a0\u00bb]First General Eastern Ontario est un leader dans l&rsquo;industrie de la construction depuis <strong>41 ans<\/strong> gr\u00e2ce \u00e0 notre capacit\u00e9 \u00e0 d\u00e9finir les normes de travail dans notre secteur. Nous sommes fiers d&rsquo;\u00eatre des entrepreneurs et de faire un travail honn\u00eate pour nos clients qui n\u00e9cessitent nos services.[\/vc_column_text]<a href=\"\/fr\/a-propos\/\" target=\"_self\" class=\"dist-btn\">En savoir plus<\/a>[\/vc_column_inner][vc_column_inner width=\u00a0\u00bb1\/3&Prime; css=\u00a0\u00bb.vc_custom_1716476064222{background-image: url(https:\/\/firstgeneraleasternontario.ca\/wp-content\/uploads\/2024\/05\/first-general-eo-service-years-img.png?id=439) !important;}\u00a0\u00bb][\/vc_column_inner][\/vc_row_inner][\/vc_column][\/vc_row]<\/p>\n<\/div>","protected":false},"excerpt":{"rendered":"<p>[vc_row type=\u00a0\u00bbin_grid\u00a0\u00bb text_align=\u00a0\u00bbinherit\u00a0\u00bb el_class=\u00a0\u00bbpage-int-sub-title-row\u00a0\u00bb][vc_column][vc_row_inner equal_height=\u00a0\u00bbyes\u00a0\u00bb type=\u00a0\u00bbfull_width\u00a0\u00bb text_align=\u00a0\u00bbinherit\u00a0\u00bb el_class=\u00a0\u00bbpage-int-sub-title-inner-row\u00a0\u00bb][vc_column_inner][vc_column_text css=\u00a0\u00bb\u00a0\u00bb el_class=\u00a0\u00bbtoptitle dark-blue-text\u00a0\u00bb]R\u00e9sidentiel[\/vc_column_text][vc_column_text css=\u00a0\u00bb\u00a0\u00bb el_class=\u00a0\u00bbdark-blue-text tt-uppercase\u00a0\u00bb] D\u00e9g\u00e2ts [\/vc_column_text][vc_column_text css=\u00a0\u00bb\u00a0\u00bb el_class=\u00a0\u00bbdark-blue-text\u00a0\u00bb]Dans le d\u00e9partement de restauration r\u00e9sidentielle, nous offrons une gamme de services visant \u00e0 restaurer les maisons endommag\u00e9es par divers facteurs tels que le feu, l&rsquo;eau, la moisissure ou les catastrophes naturelles. Nous acceptons des travaux de toutes [&hellip;]<\/p>\n","protected":false},"author":1,"featured_media":0,"parent":856,"menu_order":0,"comment_status":"closed","ping_status":"closed","template":"","meta":{"_acf_changed":false,"_seopress_robots_primary_cat":"","_seopress_titles_title":"Restauration des d\u00e9g\u00e2ts d'eau, feu, moisissures & temp\u00eates","_seopress_titles_desc":"Services experts de restauration pour les d\u00e9g\u00e2ts r\u00e9sidentiels caus\u00e9s par des sinistres. Contactez-nous pour une intervention rapide et efficace !","_seopress_robots_index":"","footnotes":""},"class_list":["post-858","page","type-page","status-publish"],"acf":[],"_links":{"self":[{"href":"https:\/\/firstgeneraleasternontario.ca\/fr\/wp-json\/wp\/v2\/pages\/858","targetHints":{"allow":["GET"]}}],"collection":[{"href":"https:\/\/firstgeneraleasternontario.ca\/fr\/wp-json\/wp\/v2\/pages"}],"about":[{"href":"https:\/\/firstgeneraleasternontario.ca\/fr\/wp-json\/wp\/v2\/types\/page"}],"author":[{"embeddable":true,"href":"https:\/\/firstgeneraleasternontario.ca\/fr\/wp-json\/wp\/v2\/users\/1"}],"replies":[{"embeddable":true,"href":"https:\/\/firstgeneraleasternontario.ca\/fr\/wp-json\/wp\/v2\/comments?post=858"}],"version-history":[{"count":2,"href":"https:\/\/firstgeneraleasternontario.ca\/fr\/wp-json\/wp\/v2\/pages\/858\/revisions"}],"predecessor-version":[{"id":26613,"href":"https:\/\/firstgeneraleasternontario.ca\/fr\/wp-json\/wp\/v2\/pages\/858\/revisions\/26613"}],"up":[{"embeddable":true,"href":"https:\/\/firstgeneraleasternontario.ca\/fr\/wp-json\/wp\/v2\/pages\/856"}],"wp:attachment":[{"href":"https:\/\/firstgeneraleasternontario.ca\/fr\/wp-json\/wp\/v2\/media?parent=858"}],"curies":[{"name":"wp","href":"https:\/\/api.w.org\/{rel}","templated":true}]}}